{"id":45978,"date":"2021-10-20T21:14:12","date_gmt":"2021-10-20T19:14:12","guid":{"rendered":"https:\/\/www.esteri.it\/?page_id=45978"},"modified":"2025-12-17T17:34:44","modified_gmt":"2025-12-17T16:34:44","slug":"studiare-in-italia","status":"publish","type":"page","link":"https:\/\/www.esteri.it\/it\/sportello_info\/domandefrequenti\/studiare-in-italia\/","title":{"rendered":"Studiare in Italia"},"content":{"rendered":"<div><img loading=\"lazy\" decoding=\"async\" src=\"https:\/\/www.esteri.it\/mae\/resource\/img\/svg\/icone_faq_studiare_in_italia.svg\" alt=\"Entrare in Italia\" width=\"58\" height=\"53\" border=\"0\" \/><\/div>\n<div class=\"mb-2\">Borse di studio, Titoli, Visti-Studio<\/div>\n<div id=\"collapseDiv1\" class=\"accordion\" role=\"tablist\">\n<div class=\"accordion-item\">\n<h2 id=\"heading1\" class=\"accordion-header\"><button class=\"accordion-button\" type=\"button\" data-bs-toggle=\"collapse\" data-bs-target=\"#collapse1\" aria-expanded=\"true\" aria-controls=\"collapse1\">Dove trovo l\u2019elenco delle borse di studio per stranieri per venire a studiare in Italia?<\/button><\/h2>\n<div id=\"collapse1\" class=\"accordion-collapse collapse show\" role=\"region\" aria-labelledby=\"heading1\">\n<div class=\"accordion-body\">Ogni anno il Governo italiano mette a disposizione borse di studio a cittadini stranieri o italiani residenti all\u2019estero per portare a termine studi formali e\/o per seguire programmi di studio o ricerca, bilaterali o multilaterali, in Italia. Tutte le informazioni (l\u2019elenco dei Paesi destinatari delle borse di studio, il bando, la piattaforma web per la candidatura on line, ecc.) si trovano alla pagina\u00a0<a href=\"https:\/\/www.esteri.it\/it\/opportunita\/borse-di-studio\/per-cittadini-stranieri\/borsestudio_stranieri\/\">Borse di studio offerte dal Governo Italiano a stranieri e cittadini I.R.E.<\/a>\u00a0e sul portale <a href=\"https:\/\/studyinitaly.esteri.it\/\">Study in Italy<\/a>.<\/div>\n<\/div>\n<\/div>\n<div class=\"accordion-item\">\n<h2 id=\"heading2\" class=\"accordion-header \"><button class=\"accordion-button collapsed\" type=\"button\" data-bs-toggle=\"collapse\" data-bs-target=\"#collapse2\" aria-expanded=\"false\" aria-controls=\"collapse2\">Sono uno straniero non cittadino europeo. Voglio iscrivermi a una Universit\u00e0 italiana: dove trovo le informazioni e la lista dei documenti che mi servono?<\/button><\/h2>\n<div id=\"collapse2\" class=\"accordion-collapse collapse\" role=\"region\" aria-labelledby=\"heading2\">\n<div class=\"accordion-body\">Consigliamo di verificare i requisiti e le procedure di iscrizione sul sito dell\u2019universit\u00e0 italiana a cui intende iscriversi.<\/div>\n<\/div>\n<\/div>\n<div class=\"accordion-item\">\n<h2 id=\"heading99\" class=\"accordion-header \"><button class=\"accordion-button collapsed\" type=\"button\" data-bs-toggle=\"collapse\" data-bs-target=\"#collapse99\" aria-expanded=\"false\" aria-controls=\"collapse99\">Il mio corso di studi necessita della preiscrizione su Universitaly?<\/button><\/h2>\n<div id=\"collapse99\" class=\"accordion-collapse collapse\" role=\"region\" aria-labelledby=\"heading99\">\n<div class=\"accordion-body\">\n<p>Per l\u2019Anno Accademico 2024\/2025 i corsi accademici della Formazione Superiore per i quali \u00e8 possibile effettuare la preiscrizione <a href=\"https:\/\/www.universitaly.it\/\"><strong><u>attraverso il portale UNIVERSITALY<\/u><\/strong><\/a> sono i seguenti:<\/p>\n<ul>\n<li>corsi di Laurea, Laurea Magistrale (biennale o a ciclo unico)<\/li>\n<li>corsi delle Istituzioni dell&#8217;Alta Formazione Artistica Musicale e Coreutica (AFAM)<\/li>\n<li>corsi erogati dalle Scuole Superiori di Mediazione Linguistica (SSML)<\/li>\n<li>programmi di mobilit\u00e0 internazionale Marco Polo e Turandot<\/li>\n<li>corsi delle scuole di specializzazione<\/li>\n<li>dottorati di ricerca<\/li>\n<li>corsi di perfezionamento<\/li>\n<li>master universitari di primo e secondo livello<\/li>\n<li>corsi singoli<\/li>\n<li>corsi di lingua e cultura italiana presso l\u2019Universit\u00e0 per gli studi Roma Tre, l\u2019Universit\u00e0 per stranieri di Perugia, di Siena, di Reggio Calabria \u201cDante Alighieri\u201d<\/li>\n<li>corsi Propedeutici (Foundation Course)<\/li>\n<li>corsi erogati dagli Istituti di Specializzazione in Psicoterapia<\/li>\n<\/ul>\n<\/div>\n<\/div>\n<\/div>\n<div class=\"accordion-item\">\n<h2 id=\"heading3\" class=\"accordion-header \"><button class=\"accordion-button collapsed\" type=\"button\" data-bs-toggle=\"collapse\" data-bs-target=\"#collapse3\" aria-expanded=\"false\" aria-controls=\"collapse3\">Mi sono diplomato\/laureato all\u2019estero. Il mio titolo di studio \u00e8 riconosciuto in Italia?<\/button><\/h2>\n<div id=\"collapse3\" class=\"accordion-collapse collapse\" role=\"region\" aria-labelledby=\"heading3\">\n<div class=\"accordion-body\">I titoli di studio stranieri non sono automaticamente riconosciuti in Italia. Per informazioni sulle forme di riconoscimento, consulta il sito del <a href=\"https:\/\/www.cimea.it\/\">CIMEA<\/a>. Se intende intraprendere un percorso di studi o un percorso professionale in Italia e la procedura di riconoscimento prevede il coinvolgimento di autorit\u00e0 straniere e uffici consolari italiani all\u2019estero, consigliamo di avviare la procedura prima di trasferirsi in Italia.<\/div>\n<\/div>\n<\/div>\n<div class=\"accordion-item\">\n<h2 id=\"heading4\" class=\"accordion-header \"><button class=\"accordion-button collapsed\" type=\"button\" data-bs-toggle=\"collapse\" data-bs-target=\"#collapse4\" aria-expanded=\"false\" aria-controls=\"collapse4\">Che cosa \u00e8 necessario fare per legalizzare un titolo di studio conseguito all\u2019estero, ai fini del riconoscimento in Italia?<\/button><\/h2>\n<div id=\"collapse4\" class=\"accordion-collapse collapse\" role=\"region\" aria-labelledby=\"heading4\">\n<div class=\"accordion-body\">Occorre far legalizzare il titolo di studio dalle autorit\u00e0 competenti del Paese in cui \u00e8 stato emesso e munirlo di una traduzione ufficiale. Per informazioni generali su legalizzazioni e traduzioni ufficiali, consigliamo di leggere la pagina <a href=\"https:\/\/www.esteri.it\/it\/servizi-consolari-e-visti\/italiani-all-estero\/traduzione-e-legalizzazione-documenti\/\">Traduzione e legalizzazione di documenti<\/a> di questo sito.<\/div>\n<\/div>\n<\/div>\n<div class=\"accordion-item\">\n<h2 id=\"heading5\" class=\"accordion-header \"><button class=\"accordion-button collapsed\" type=\"button\" data-bs-toggle=\"collapse\" data-bs-target=\"#collapse5\" aria-expanded=\"false\" aria-controls=\"collapse5\">Che cos\u2019\u00e8 la \u201cdichiarazione di valore in loco\u201d e come si pu\u00f2 ottenere?<\/button><\/h2>\n<div id=\"collapse5\" class=\"accordion-collapse collapse\" role=\"region\" aria-labelledby=\"heading5\">\n<div class=\"accordion-body\">La dichiarazione di valore in loco di un titolo di studio o professionale straniero\u00a0\u00e8 un\u00a0documento di natura informativa, prodotto dalla autorit\u00e0 consolari italiane all\u2019estero,\u00a0che gli istituti di formazione e le amministrazioni competenti per il riconoscimento dei titoli in Italia possono utilizzare per la valutazione dei titoli stessi. Pu\u00f2 verificare la procedura di richiesta sul sito dell\u2019Ambasciata o Consolato italiano competente per il luogo in cui \u00e8 stato ottenuto il titolo.<\/div>\n<\/div>\n<\/div>\n<div class=\"accordion-item\">\n<h2 id=\"heading6\" class=\"accordion-header \"><button class=\"accordion-button collapsed\" type=\"button\" data-bs-toggle=\"collapse\" data-bs-target=\"#collapse6\" aria-expanded=\"false\" aria-controls=\"collapse6\">Sono rifugiato in Italia e mi \u00e8 stato ufficialmente riconosciuto il diritto alla protezione internazionale. A chi e come posso chiedere la \u201cdichiarazione di valore\u201d del mio titolo di studio?<\/button><\/h2>\n<div id=\"collapse6\" class=\"accordion-collapse collapse\" role=\"region\" aria-labelledby=\"heading6\">\n<div class=\"accordion-body\">Si pu\u00f2 rivolgere all\u2019Ufficio VII DGCE del MAECI, che offre gratuitamente un servizio di assistenza ai rifugiati per la richiesta di rilascio delle dichiarazioni di valore (<a href=\"https:\/\/www.esteri.it\/it\/diplomazia-culturale-e-diplomazia-scientifica\/cultura\/universita\/riconoscimento_titoli_studio\/dichiarazionevalorerifugiati\/\">Dichiarazione di valore per i titolari di protezione internazionale in Italia \u2013 Ministero degli Affari Esteri e della Cooperazione Internazionale<\/a>).<\/div>\n<\/div>\n<\/div>\n<div class=\"accordion-item\">\n<h2 id=\"heading7\" class=\"accordion-header \"><button class=\"accordion-button collapsed\" type=\"button\" data-bs-toggle=\"collapse\" data-bs-target=\"#collapse7\" aria-expanded=\"false\" aria-controls=\"collapse7\">Voglio studiare in Italia, ho bisogno del visto?<\/button><\/h2>\n<div id=\"collapse7\" class=\"accordion-collapse collapse\" role=\"region\" aria-labelledby=\"heading7\">\n<div class=\"accordion-body\">Se avete bisogno del visto turistico per entrare in area Schengen, avete sicuramente bisogno del visto per studiare in Italia. Se invece siete cittadini di un Paese esentato dal visto Schengen per soggiorni fino a 90 giorni, avrete bisogno del visto solo se il vostro soggiorno studio si protrarr\u00e0 per pi\u00f9 di 90 giorni.<\/div>\n<\/div>\n<\/div>\n<div class=\"accordion-item\">\n<h2 id=\"heading8\" class=\"accordion-header \"><button class=\"accordion-button collapsed\" type=\"button\" data-bs-toggle=\"collapse\" data-bs-target=\"#collapse8\" aria-expanded=\"false\" aria-controls=\"collapse8\">Quanti tipi di visti-studio esistono?<\/button><\/h2>\n<div id=\"collapse8\" class=\"accordion-collapse collapse\" role=\"region\" aria-labelledby=\"heading8\">\n<div class=\"accordion-body\">Oltre al visto-studio generico, esistono altre 6 tipologie di visto-studio: studio \u2013 immatricolazione Universit\u00e0; studio corso singolo universitario; studio post-laurea; studio-programma di scambio e mobilit\u00e0; studio-tirocinio e studio-formazione professionale. Per verificare i requisiti per ognuno di questi tipi di visto, consultate il database il <a title=\"Vai al sito visto per l'Italia\" href=\"https:\/\/vistoperitalia.esteri.it\/\" target=\"_blank\" rel=\"noopener\">visto per l\u2019Italia<\/a>.<\/div>\n<\/div>\n<\/div>\n<div class=\"accordion-item\">\n<h2 id=\"heading9\" class=\"accordion-header\"><button class=\"accordion-button collapsed\" type=\"button\" data-bs-toggle=\"collapse\" data-bs-target=\"#collapse9\" aria-expanded=\"false\" aria-controls=\"collapse9\">Che disponibilit\u00e0 economiche devo dimostrare per ottenere un visto per studio?<\/button><\/h2>\n<div id=\"collapse9\" class=\"accordion-collapse collapse\" role=\"region\" aria-labelledby=\"heading9\">\n<div class=\"accordion-body\">Per l\u2019anno accademico 2024 \u2013 2025, se richiedete un visto per l\u2019immatricolazione in un\u2019Universit\u00e0 italiana (visto studio-Universit\u00e0), dovete dimostrare una disponibilit\u00e0 minima annuale di \u20ac 6.079,45. Tale cifra \u00e8 commisurata all\u2019importo per l\u2019anno del cosiddetto \u201cassegno sociale\u201d. Se il vostro corso di studi si sviluppa su pi\u00f9 anni, \u00e8 sufficiente che dimostriate le disponibilit\u00e0 per il primo anno. Per tutte le altre tipologie di visto per studio, per conoscere l\u2019entit\u00e0 delle risorse richieste, dovete fare riferimento alla <a title=\"Vai alla pagina tabella mezzi sussistenza\" href=\"https:\/\/www.esteri.it\/it\/servizi-consolari-e-visti\/ingressosoggiornoinitalia\/mezzi_finanziari\/tabella_mezzi_sussistenza\/\">Tabella A della Direttiva del Ministero dell\u2019Interno del 1\u00b0.3.2000<\/a>, che prevede una quota fissa ed una quota giornaliera. Di conseguenza, l\u2019importo totale varia in dipendenza della durata del soggiorno, cio\u00e8 del corso di studi.<\/div>\n<\/div>\n<\/div>\n<div class=\"accordion-item\">\n<h2 id=\"heading10\" class=\"accordion-header \"><button class=\"accordion-button collapsed\" type=\"button\" data-bs-toggle=\"collapse\" data-bs-target=\"#collapse10\" aria-expanded=\"false\" aria-controls=\"collapse10\">Per il visto per studio posso dimostrare i mezzi di sostentamento con una fidejussione bancaria?<\/button><\/h2>\n<div id=\"collapse10\" class=\"accordion-collapse collapse\" role=\"region\" aria-labelledby=\"heading10\">\n<div class=\"accordion-body\">No. Nel caso dei soggiorni per studio, la fideiussione bancaria o la polizza fideiussoria non rientrano fra i documenti considerati idonei a dimostrare la disponibilit\u00e0 di adeguati mezzi di sostentamento. Dovete avere garanzie economiche personali, familiari o fornite da Istituzioni ed Enti italiani (comprese le Universit\u00e0), da Governi locali, da Istituzioni ed Enti stranieri considerati affidabili dalla Rappresentanza diplomatica italiana. Per maggiori informazioni visitate il sito del MIUR alla pagina <a title=\"Vai al sito studiare in Italia\" href=\"https:\/\/www.studiare-in-italia.it\/studentistranieri\/\" target=\"_blank\" rel=\"nofollow noopener\">Studenti stranieri<\/a>.<\/div>\n<\/div>\n<\/div>\n<div class=\"accordion-item\">\n<h2 id=\"heading10\" class=\"accordion-header \"><button class=\"accordion-button collapsed\" type=\"button\" data-bs-toggle=\"collapse\" data-bs-target=\"#collapse10\" aria-expanded=\"false\" aria-controls=\"collapse10\">Sono valide le garanzie economiche prestate in favore dello studente da un soggetto non appartenente al nucleo familiare?<\/button><\/h2>\n<div id=\"collapse10\" class=\"accordion-collapse collapse\" role=\"region\" aria-labelledby=\"heading10\">\n<div class=\"accordion-body\">Lo studente regolarmente ammesso che richieda il visto per \u201cstudio \u2013 immatricolazione universit\u00e0\u201d deve dimostrare che la propria famiglia dispone dei mezzi economici sufficienti per mantenerlo agli studi in Italia. Se un soggetto esterno al nucleo familiare (associazioni, amici o parenti residenti in Italia) garantisce il suo mantenimento con una dichiarazione di ospitalit\u00e0 e un impegno scritto (dimostrando nel contempo le risorse necessarie), questo costituisce un elemento positivo, ma non determinante, per l\u2019ottenimento del visto. La decisione spetta agli uffici visti locali.<\/div>\n<\/div>\n<\/div>\n<div class=\"accordion-item\">\n<h2 id=\"heading12\" class=\"accordion-header \"><button class=\"accordion-button collapsed\" type=\"button\" data-bs-toggle=\"collapse\" data-bs-target=\"#collapse12\" aria-expanded=\"false\" aria-controls=\"collapse12\">Sono stato ammesso ad un corso di laurea pluriennale, ma l\u2019Ambasciata mi ha rilasciato un visto per un anno. Come far\u00f2 per gli anni futuri? Dovr\u00f2 richiedere un nuovo visto?<\/button><\/h2>\n<div id=\"collapse12\" class=\"accordion-collapse collapse\" role=\"region\" aria-labelledby=\"heading12\">\n<div class=\"accordion-body\">Non sar\u00e0 necessario. Il visto costituisce il permesso di entrare in Italia la prima volta con la motivazione riportata sull\u2019etichetta visto (studio-Universit\u00e0, in questo caso). Entro 8 giorni lavorativi dall\u2019ingresso in Italia, lo studente straniero deve presentare una richiesta di permesso di soggiorno all\u2019Ufficio Immigrazione della Questura competente per il Comune di residenza. Il permesso di soggiorno \u00e8 il titolo che legittima la presenza dello straniero in Italia. Deve essere rinnovato prima della sua scadenza.<\/div>\n<\/div>\n<\/div>\n<div class=\"accordion-item\">\n<h2 id=\"heading13\" class=\"accordion-header \"><button class=\"accordion-button collapsed\" type=\"button\" data-bs-toggle=\"collapse\" data-bs-target=\"#collapse13\" aria-expanded=\"false\" aria-controls=\"collapse13\">Sono uno studente di italiano all\u2019estero e voglio perfezionare la conoscenza della lingua in Italia.<\/button><\/h2>\n<div id=\"collapse13\" class=\"accordion-collapse collapse\" role=\"region\" aria-labelledby=\"heading13\">\n<div class=\"accordion-body\">\u00c8 possibile, se non siete principianti e se avete gi\u00e0 una conoscenza della lingua a livello intermedio. Per studiare la lingua italiana, un requisito per il visto studio \u00e8 che i corsi siano di livello superiore. Inoltre, deve trattarsi di corsi a tempo pieno e di durata determinata. Le Universit\u00e0 per stranieri di Perugia e di Siena, L\u2019Universit\u00e0 degli studi Roma tre offrono corsi prestigiosi e qualificanti ai fini dell\u2019ottenimento della &#8220;<a title=\"Vai alla pagina Certificazione lingua Italiana di qualit\u00e0\" href=\"https:\/\/www.esteri.it\/it\/sala_stampa\/archivionotizie\/comunicati\/2013\/02\/20130206_cliq\">Certificazione Lingua Italiana di Qualit\u00e0 \u2013 CLIQ<\/a>&#8220;. Questo sistema di valutazione e certificazione \u00e8 in linea con gli standard scientifici fissati dal Consiglio d\u2019Europa nel \u201cQuadro Comune Europeo di Riferimento per le Lingue\u201d.<\/div>\n<\/div>\n<\/div>\n<div class=\"accordion-item\">\n<h2 id=\"heading14\" class=\"accordion-header \"><button class=\"accordion-button collapsed\" type=\"button\" data-bs-toggle=\"collapse\" data-bs-target=\"#collapse14\" aria-expanded=\"false\" aria-controls=\"collapse14\">Sono uno studente straniero in Italia ed ho un permesso di soggiorno per studio. Posso viaggiare in altri paesi Schengen durante le vacanze?<\/button><\/h2>\n<div id=\"collapse14\" class=\"accordion-collapse collapse\" role=\"region\" aria-labelledby=\"heading14\">\n<div class=\"accordion-body\">\n<p>S\u00ec. Il vostro permesso di lungo soggiorno vi d\u00e0 diritto di viaggiare negli altri paesi Schengen fino ad un massimo di 90 giorni ogni 180 giorni. Tenete presente che non tutti i paesi europei sono paesi Schengen! Prima di comprare il biglietto di viaggio, consultate l\u2019elenco dei paesi Schengen.Consulta <a title=\"Scarica il documento\" href=\"https:\/\/home-affairs.ec.europa.eu\/system\/files\/2020-09\/brochure_borders_and_security_it.pdf\" target=\"_blank\" rel=\"nofollow noopener\">l\u2019elenco dei paesi Schengen<\/a>.<\/p>\n<\/div>\n<\/div>\n<\/div>\n<div class=\"accordion-item\">\n<h2 id=\"heading15\" class=\"accordion-header \"><button class=\"accordion-button collapsed\" type=\"button\" data-bs-toggle=\"collapse\" data-bs-target=\"#collapse15\" aria-expanded=\"false\" aria-controls=\"collapse15\">Sono uno studente straniero in Italia ed ho un permesso di soggiorno per studio. Finito il mio periodo di studio, vorrei fermarmi per viaggiare in Italia e in altri paesi Schengen. Ma il mio permesso di studio scade. Come posso fare?<\/button><\/h2>\n<div id=\"collapse15\" class=\"accordion-collapse collapse\" role=\"region\" aria-labelledby=\"heading15\">\n<div class=\"accordion-body\">\n<p>La responsabilit\u00e0 di concedere l\u2019autorizzazione alla proroga del soggiorno residenti spetta all\u2019Ufficio immigrazione di zona a cui \u00e8 necessario rivolgersi per ogni ulteriore informazione circa i requisiti da soddisfare e la documentazione da presentare.<\/p>\n<\/div>\n<\/div>\n<\/div>\n<div class=\"accordion-item\">\n<h2 id=\"heading16\" class=\"accordion-header \"><button class=\"accordion-button collapsed\" type=\"button\" data-bs-toggle=\"collapse\" data-bs-target=\"#collapse16\" aria-expanded=\"false\" aria-controls=\"collapse16\">Sono uno studente straniero in Italia. Posso lavorare per mantenermi agli studi?<\/button><\/h2>\n<div id=\"collapse16\" class=\"accordion-collapse collapse\" role=\"region\" aria-labelledby=\"heading16\">\n<div class=\"accordion-body\">S\u00ec. Il permesso di soggiorno per studio consente di svolgere un\u2019attivit\u00e0 lavorativa part-time per un massimo di 20 ore settimanali, anche per l\u2019intero anno e per non pi\u00f9 di 1.040 ore annuali.<\/div>\n<\/div>\n<\/div>\n<div class=\"accordion-item\">\n<h2 id=\"heading17\" class=\"accordion-header \"><button class=\"accordion-button collapsed\" type=\"button\" data-bs-toggle=\"collapse\" data-bs-target=\"#collapse17\" aria-expanded=\"false\" aria-controls=\"collapse17\">Sono uno studente universitario straniero in Italia. Sto per laurearmi e ho gi\u00e0 avuto un\u2019offerta di lavoro. Posso convertire il mio permesso di studio in permesso per lavoro?<\/button><\/h2>\n<div id=\"collapse17\" class=\"accordion-collapse collapse\" role=\"region\" aria-labelledby=\"heading17\">\n<div class=\"accordion-body\">S\u00ec, se l\u2019attuale permesso per studio \u00e8 ancora valido. E\u2019 necessario che lo studente stipuli un contratto di soggiorno per lavoro con il futuro datore di lavoro presso il SUI (Sportello Unico Immigrazione). Tutta questa materia \u00e8 di competenza degli Uffici Immigrazione delle Questura italiane. Sui siti web delle Prefetture potrete trovare informazioni pi\u00f9 dettagliate.<\/div>\n<\/div>\n<\/div>\n<div class=\"accordion-item\">\n<h2 id=\"heading18\" class=\"accordion-header \"><button class=\"accordion-button collapsed\" type=\"button\" data-bs-toggle=\"collapse\" data-bs-target=\"#collapse18\" aria-expanded=\"false\" aria-controls=\"collapse18\">Ho un titolo di studi italiano e voglio proseguire gli studi all\u2019estero. Il mio titolo di studi italiano sar\u00e0 riconosciuto all\u2019estero?<\/button><\/h2>\n<div id=\"collapse18\" class=\"accordion-collapse collapse\" role=\"region\" aria-labelledby=\"heading18\">\n<div class=\"accordion-body\">Dovr\u00e0 verificare con l\u2019istituto di formazione straniero presso il quale continuer\u00e0 gli studi. Potrebbe esserle richiesta la legalizzazione del suo titolo italiano e una traduzione nella lingua del Paese in cui lo vorr\u00e0 far valere (o in una lingua veicolare). In Italia, le legalizzazioni di atti amministrativi (quali i titoli di studio) sono una competenza degli uffici legalizzazioni delle Prefetture. Elenchi di traduttori giurati sono disponibili presso i Tribunali italiani. Nel suo sito il CIMEA dedica una\u00a0<a href=\"https:\/\/www.cimea.it\/pagina-riconoscimento-titoli-italiani-estero\">sezione al riconoscimento dei titoli italiani all\u2019estero<\/a>.<\/div>\n<\/div>\n<\/div>\n<\/div>\n","protected":false},"excerpt":{"rendered":"Borse di studio, Titoli, Visti-Studio Dove trovo l\u2019elenco delle borse di studio per stranieri per venire a studiare in Italia? Ogni anno il Governo italiano mette a disposizione borse di studio a cittadini stranieri o italiani residenti all\u2019estero per portare a termine studi formali e\/o per seguire programmi di studio o ricerca, bilaterali o multilaterali, [&hellip;]","protected":false},"author":1,"featured_media":0,"parent":45948,"menu_order":0,"comment_status":"closed","ping_status":"closed","template":"","meta":{"footnotes":""},"class_list":["post-45978","page","type-page","status-publish","hentry"],"_links":{"self":[{"href":"https:\/\/www.esteri.it\/it\/wp-json\/wp\/v2\/pages\/45978","targetHints":{"allow":["GET"]}}],"collection":[{"href":"https:\/\/www.esteri.it\/it\/wp-json\/wp\/v2\/pages"}],"about":[{"href":"https:\/\/www.esteri.it\/it\/wp-json\/wp\/v2\/types\/page"}],"author":[{"embeddable":true,"href":"https:\/\/www.esteri.it\/it\/wp-json\/wp\/v2\/users\/1"}],"replies":[{"embeddable":true,"href":"https:\/\/www.esteri.it\/it\/wp-json\/wp\/v2\/comments?post=45978"}],"version-history":[{"count":7,"href":"https:\/\/www.esteri.it\/it\/wp-json\/wp\/v2\/pages\/45978\/revisions"}],"predecessor-version":[{"id":165291,"href":"https:\/\/www.esteri.it\/it\/wp-json\/wp\/v2\/pages\/45978\/revisions\/165291"}],"up":[{"embeddable":true,"href":"https:\/\/www.esteri.it\/it\/wp-json\/wp\/v2\/pages\/45948"}],"wp:attachment":[{"href":"https:\/\/www.esteri.it\/it\/wp-json\/wp\/v2\/media?parent=45978"}],"curies":[{"name":"wp","href":"https:\/\/api.w.org\/{rel}","templated":true}]}}