{"id":48240,"date":"2021-11-01T15:29:42","date_gmt":"2021-11-01T14:29:42","guid":{"rendered":"https:\/\/www.esteri.it\/?page_id=48240"},"modified":"2021-11-01T15:29:42","modified_gmt":"2021-11-01T14:29:42","slug":"vigilanza-unionale-preventiva-sulle-importazioni-di-determinati-prodotti-di-alluminio-comunicato-del-2-maggio-2018","status":"publish","type":"page","link":"https:\/\/www.esteri.it\/it\/politica-estera-e-cooperazione-allo-sviluppo\/politica_europea\/politica-commerciale-internazionale\/import-export\/alluminio-import\/alluminio-comunicati\/vigilanza-unionale-preventiva-sulle-importazioni-di-determinati-prodotti-di-alluminio-comunicato-del-2-maggio-2018\/","title":{"rendered":"Vigilanza unionale preventiva sulle importazioni di determinati prodotti di alluminio. Comunicato del 2 maggio 2018"},"content":{"rendered":"<p style=\"text-align: center;\">COMUNICATO AGLI OPERATORI<\/p>\n<p style=\"text-align: center;\">Prot.n. 30998\u00a0Registro ufficiale\u00a0\u00a0\u00a0\u00a0\u00a0\u00a0 Sede 02\/05 \/2018<\/p>\n<p>Oggetto:\u00a0Vigilanza unionale preventiva sulle importazioni di determinati prodotti di alluminio originari di alcuni paesi terzi. Portale SIVA.<br \/>\nRegolamento (UE) 2018\/640 del 25 aprile 2018.<\/p>\n<p>Si comunica che in data 26 aprile 2018, sulla G.U.U.E n. L 106, \u00e8 stato pubblicato il\u00a0<a href=\"https:\/\/www.esteri.it\/mae\/images\/stories\/commercio_internazionale\/alluminio\/Reg_640_2018.pdf\" rel=\"alternate\">Regolamento di esecuzione (UE) n. 2018\/640<\/a>\u00a0della Commissione del 25\/04\/2018, che introduce una vigilanza unionale preventiva sulle importazioni di determinati prodotti di alluminio originari di alcuni paesi terzi. Dalla vigilanza sono esclusi\u00a0 i prodotti originari della Norvegia, dell&#8217;Islanda e del Liechtenstein e le importazioni il cui peso netto non superi i 2500 chilogrammi.<\/p>\n<p>I prodotti sottoposti a vigilanza preventiva sono elencati nell&#8217;<a href=\"https:\/\/www.esteri.it\/mae\/images\/stories\/commercio_internazionale\/alluminio\/allegato_1_reg_640_2018.pdf\" rel=\"alternate\">allegato I<\/a>\u00a0del Regolamento.<\/p>\n<p>L&#8217;immissione in libera pratica dei prodotti in questione \u00e8 subordinata alla presentazione di un documento di vigilanza rilasciato da questa Amministrazione, a decorrere dal 12\/05\/2018 fino al 15\/05\/2020.<\/p>\n<p>A tal fine sar\u00e0 disponibile, per il rilascio del documento di vigilanza in formato elettronico, il\u00a0<a href=\"https:\/\/siva.mise.gov.it\/index.php?lang=it\" rel=\"alternate\">Sistema SIVA.<\/a><\/p>\n<p>Ciascun operatore potr\u00e0 registrarsi fornendo i propri dati e, in caso di operatore delegato, quelli dell\u2019azienda per conto della quale opera. La registrazione comporta l\u2019inserimento di informazioni relative all\u2019azienda. Completata la registrazione, l\u2019operatore disporr\u00e0 immediatamente delle credenziali di accesso.<\/p>\n<p>Una volta acquisite le credenziali di accesso al sistema, si potr\u00e0 procedere all\u2019inoltro di una richiesta di documento di vigilanza mediante la compilazione di apposite maschere, che ripercorrono esattamente il documento di vigilanza cartaceo previsto dal regolamento.<\/p>\n<p>La documentazione a corredo della richiesta del documento di vigilanza sar\u00e0 firmata digitalmente dal soggetto richiedente e caricata sul sistema.<\/p>\n<p>\u00c8 richiesto, a ciascun operatore che fa richiesta di documento di vigilanza per conto di uno o pi\u00f9 importatori, di presentare il modello per la delega telematica:\u00a0<a href=\"https:\/\/www.esteri.it\/mae\/images\/stories\/commercio_internazionale\/alluminio\/modello_delega_alluminio.pdf\" rel=\"alternate\">formato .pdf<\/a>\u00a0&#8211;\u00a0<a href=\"https:\/\/www.esteri.it\/mae\/images\/stories\/commercio_internazionale\/alluminio\/modello_delega_alluminio.rtf\" rel=\"alternate\">formato .rtf<\/a>, che trover\u00e0 qui allegato.<\/p>\n<p>Inviata la richiesta, si ricever\u00e0 una prima mail di avvenuta trasmissione della pratica e una seconda contenente il numero assegnato al documento. L\u2019elenco di tutti i documenti di vigilanza richiesti dal medesimo operatore sar\u00e0 visibile dallo stesso, nella propria area riservata, con l\u2019indicazione dello stato di ciascuna pratica.<\/p>\n<p>Il rilascio del documento avverr\u00e0 tramite e-mail, all\u2019indirizzo indicato dal richiedente.<\/p>\n<p>La piattaforma \u00e8 stata strutturata per l\u2019inoltro di richieste da parte degli operatori (importatori, loro rappresentanti\/delegati).\u00a0 Chi riveste il ruolo di\u00a0 delegato potr\u00e0 inoltrare richieste per nome e per conto di diverse aziende importatrici.<\/p>\n<p>Ove la domanda dovesse essere incompleta o errata sar\u00e0 rigettata, con le indicazioni dei documenti o delle informazioni mancanti. Ci\u00f2 permetter\u00e0 all\u2019operatore di presentare nuovamente la domanda completa, alla quale sar\u00e0 assegnato un nuovo numero di protocollo.<\/p>\n<p>IL DIRETTORE GENERALE<br \/>\nAmedeo Teti<\/p>\n","protected":false},"excerpt":{"rendered":"COMUNICATO AGLI OPERATORI Prot.n. 30998\u00a0Registro ufficiale\u00a0\u00a0\u00a0\u00a0\u00a0\u00a0 Sede 02\/05 \/2018 Oggetto:\u00a0Vigilanza unionale preventiva sulle importazioni di determinati prodotti di alluminio originari di alcuni paesi terzi. Portale SIVA. Regolamento (UE) 2018\/640 del 25 aprile 2018. Si comunica che in data 26 aprile 2018, sulla G.U.U.E n. L 106, \u00e8 stato pubblicato il\u00a0Regolamento di esecuzione (UE) n. 2018\/640\u00a0della [&hellip;]","protected":false},"author":1,"featured_media":0,"parent":48233,"menu_order":0,"comment_status":"closed","ping_status":"closed","template":"page-estera.php","meta":{"footnotes":""},"class_list":["post-48240","page","type-page","status-publish","hentry"],"_links":{"self":[{"href":"https:\/\/www.esteri.it\/it\/wp-json\/wp\/v2\/pages\/48240","targetHints":{"allow":["GET"]}}],"collection":[{"href":"https:\/\/www.esteri.it\/it\/wp-json\/wp\/v2\/pages"}],"about":[{"href":"https:\/\/www.esteri.it\/it\/wp-json\/wp\/v2\/types\/page"}],"author":[{"embeddable":true,"href":"https:\/\/www.esteri.it\/it\/wp-json\/wp\/v2\/users\/1"}],"replies":[{"embeddable":true,"href":"https:\/\/www.esteri.it\/it\/wp-json\/wp\/v2\/comments?post=48240"}],"version-history":[{"count":1,"href":"https:\/\/www.esteri.it\/it\/wp-json\/wp\/v2\/pages\/48240\/revisions"}],"predecessor-version":[{"id":48241,"href":"https:\/\/www.esteri.it\/it\/wp-json\/wp\/v2\/pages\/48240\/revisions\/48241"}],"up":[{"embeddable":true,"href":"https:\/\/www.esteri.it\/it\/wp-json\/wp\/v2\/pages\/48233"}],"wp:attachment":[{"href":"https:\/\/www.esteri.it\/it\/wp-json\/wp\/v2\/media?parent=48240"}],"curies":[{"name":"wp","href":"https:\/\/api.w.org\/{rel}","templated":true}]}}