{"id":49,"date":"2021-04-22T12:12:47","date_gmt":"2021-04-22T10:12:47","guid":{"rendered":"https:\/\/www.esteri.it\/?page_id=49"},"modified":"2026-04-23T11:07:30","modified_gmt":"2026-04-23T09:07:30","slug":"ministro","status":"publish","type":"page","link":"https:\/\/www.esteri.it\/it\/ministero\/ministro\/","title":{"rendered":"Il Ministro"},"content":{"rendered":"<p><img decoding=\"async\" class=\"alignnone size-medium wp-image-90341 img-fluid\" src=\"https:\/\/www.esteri.it\/wp-content\/uploads\/2022\/10\/Ministro_primopiano.jpg\" alt=\"Ministro On. Antonio Tajani\" width=\"650\" srcset=\"https:\/\/www.esteri.it\/wp-content\/uploads\/2022\/10\/Ministro_primopiano.jpg 1050w, https:\/\/www.esteri.it\/wp-content\/uploads\/2022\/10\/Ministro_primopiano-300x211.jpg 300w, https:\/\/www.esteri.it\/wp-content\/uploads\/2022\/10\/Ministro_primopiano-1024x719.jpg 1024w, https:\/\/www.esteri.it\/wp-content\/uploads\/2022\/10\/Ministro_primopiano-768x539.jpg 768w\" sizes=\"(max-width: 1050px) 100vw, 1050px\" \/><\/p>\n<p><strong>On. Antonio Tajani<br \/>\n<\/strong><br \/>\nFiglio di un ufficiale dell\u2019esercito italiano e di una docente di Greco e Latino. Laureato in Giurisprudenza all\u2019Universit\u00e0 La Sapienza di Roma, \u00e8 stato Ufficiale dell\u2019Aeronautica Militare Italiana. Coniugato, con due figli, parla correntemente francese, inglese e spagnolo.<\/p>\n<p>Giornalista professionista dal 1980, \u00e8 stato cronista parlamentare,conduttore del GR1 Rai, responsabile della redazione romana del quotidiano \u201cIl Giornale\u201d diretto da Indro Montanelli, di cui \u00e8 stato stretto collaboratore per dieci anni.<\/p>\n<p>\u00c8 stato, inoltre, inviato speciale in Libano, Unione Sovietica e Somalia.<\/p>\n<p>Co-fondatore di Forza Italia, \u00e8 stato coordinatore regionale del partito nel Lazio dal 1994 al 2005. Nel governo Berlusconi I \u00e8 stato portavoce del Presidente del Consiglio.<\/p>\n<p>Nel 1994 \u00e8 eletto per la prima volta al Parlamento europeo. Questo \u00e8 stato l\u2019inizio di oltre due decenni di forte impegno per il progetto europeo e per i cittadini dell\u2019Unione. Ha contribuito a stilare il progetto della Costituzione europea come membro della Convenzione sull\u2019avvenire dell\u2019Europa, presieduta da Val\u00e9ry Giscard d\u2019Estaing.<\/p>\n<p>Dal 2001 al 2004, \u00e8 stato anche Consigliere comunale al Comune di Roma.<\/p>\n<p>Nominato Commissario europeo per i trasporti nel 2008, ha contribuito a valorizzare le reti transeuropee dei trasporti e a creare un quadro normativo europeo a tutela dei diritti dei passeggeri. Nel 2010, \u00e8 nominato Vicepresidente e Commissario europeo per l\u2019industria e l\u2019imprenditoria, lavorando per la reindustrializzazione, la \u201ccrescita verde\u201d, l\u2019aiuto alle PMI, in particolare con la direttiva sui ritardi di pagamento e i Piani d\u2019azione per tutti i settori dell\u2019industria, a partire dall\u2019acciaio. Tra le azioni promosse per sostenere la crescita e tornare a livelli pi\u00f9 elevati di occupazione, ha posto in essere misure specifiche destinate ad agevolare il trasferimento di imprese, a migliorare l\u2019accesso ai finanziamenti e a dare una seconda opportunit\u00e0 dopo un fallimento d\u2019impresa.<\/p>\n<p>Nel 2014, viene rieletto come deputato al Parlamento europeo e assume la carica di primo Vicepresidente, con delega alla sicurezza, al dialogo interreligioso e alla Casa della storia europea.<\/p>\n<p>Nel passaggio fra Commissione e Parlamento europeo, con una lettera al Presidente Barroso, comunica di rinunciare all\u2019indennit\u00e0 transitoria pari a 468 mila euro a cui aveva diritto in qualit\u00e0 di ex Vicepresidente della Commissione. Ha ritenuto opportuno dare una prova di sobriet\u00e0 e solidariet\u00e0 in un momento di grande difficolt\u00e0 per i cittadini europei.<\/p>\n<p>Nell\u2019aprile 2015, la citt\u00e0 di Gijon, nel Nord della Spagna, gli ha dedicato una strada come riconoscimento del lavoro svolto durante il suo mandato di Vicepresidente della Commissione europea, essendosi battuto per evitare la chiusura di uno stabilimento industriale, salvando 210 posti di lavoro.<\/p>\n<p>Il 17 gennaio 2017, \u00e8 eletto Presidente del Parlamento europeo. In questa veste, ha organizzato i \u201cDibattiti sul futuro dell\u2019Europa\u201d, a cui hanno partecipato 18 fra Capi di Stato e di Governo. Ha, inoltre, organizzato 12 Conferenze di alto livello su temi come migrazione, ricerca, turismo, impresa, patrimonio culturale, digitale. Il suo mandato \u00e8 stato caratterizzato da un forte impegno per una difesa comune europea, il sostegno all\u2019economia reale e al rilancio del ruolo dell\u2019Ue sullo scenario globale, in particolare in Africa e America Latina.<\/p>\n<p>Nel suo primo discorso da Presidente del Parlamento europeo ha voluto dedicare la sua elezione anche alle vittime del terremoto che aveva colpito l\u2019Italia nel 2016. Successivamente nel 2018, ha deciso di devolvere i 30 mila euro del premio Carlo V ai comuni di Arquata del Tronto, Norcia e Accumoli.<\/p>\n<p>La comunit\u00e0 ebraica europea ha deciso di dedicargli un bosco di 18 alberi, simbolo della vita, in Israele, come segno di riconoscimento del suo lavoro \u201cper costruire ponti tra le religioni cos\u00ec come tra l&#8217;Unione europea e le varie confessioni\u201d.<\/p>\n<p>Nel marzo 2020, durante la pandemia di Covid-19, ha deciso di devolvere la sua indennit\u00e0 da parlamentare europeo alla citt\u00e0 di Fondi alla quale \u00e8 legato da molti anni e che \u00e8 stata una delle citt\u00e0 pi\u00f9 colpite dal coronavirus.<\/p>\n<p>Dal 2019 al 2022 ha ricoperto il ruolo di Presidente della Commissione per gli Affari costituzionali e della Conferenza dei presidenti di Commissione del Parlamento europeo. Nel gennaio 2022 viene rieletto per acclamazione alla presidenza della Commissione per gli Affari costituzionali. Ha lavorato attivamente alla realizzazione della Conferenza sul futuro dell\u2019Europa ed \u00e8 stato protagonista dei negoziati dell\u2019accordo sulla Brexit, battendosi per i diritti dei cittadini europei residenti nel Regno Unito.<\/p>\n<p>Dal 2002, \u00e8 Vicepresidente del Partito popolare europeo. \u00c8 stato Vicepresidente di Forza Italia dal luglio 2018 al luglio 2023. \u00c8 inoltre Coordinatore nazionale dal febbraio 2021. Il 15 luglio 2023 \u00e8 stato eletto all\u2019unanimit\u00e0 Segretario Nazionale di Forza Italia.<\/p>\n<p>Partecipa, da oltre vent\u2019anni, alle opere di volontariato della Comunit\u00e0 \u201cin Dialogo\u201d di Trivigliano (FR), per il recupero e il reinserimento sociale dei giovani tossicodipendenti. A questa realt\u00e0, dal 2018, devolve anche la sua pensione come ex Vicepresidente della Commissione europea.<\/p>\n<p>Dal 22 ottobre 2022 \u00e8 Vice Presidente del Consiglio dei Ministri e Ministro degli Affari Esteri e della Cooperazione Internazionale.<\/p>\n<p><em>\u00c8 stato insignito delle seguenti onorificenze:<\/em><em>\u00a0<\/em><\/p>\n<ul>\n<li>Gran Croce dell&#8217;Ordine del Fedele Servizio, Romania;<\/li>\n<li>Cavaliere di Gran Croce dell&#8217;ordine di Orange Nassau (Orde van Oranje- Nassau) conferita dal Re dei Paesi Bassi;<\/li>\n<li>Gran Croce dell\u2019Ordine Reale Norvegese al Merito, conferita dal Re di Norvegia;<\/li>\n<li>\u201cPremio Europa\u201d dal Gruppo di Iniziativa Italiana di Bruxelles (GII) per il forte impegno a favore del mondo delle imprese &#8211; soprattutto le PMI &#8211; e la promozione dell&#8217;imprenditoria italiana in Europa;<\/li>\n<li>Ufficiale dell&#8217;Ordine della Legione d&#8217;Onore francese (conferito dal Ministro francese degli Affari esteri e dello Sviluppo internazionale, Laurent Fabius);<\/li>\n<li>Gran Croce dell&#8217;Ordine al Merito Civile spagnolo (conferito dall\u2019allora Primo Ministro Mariano Rajoy);<\/li>\n<li>Gran Croce dell&#8217;Ordine di Bernardo O&#8217;Higgins, Cile;<\/li>\n<li>\u201cPremio Foro Espa\u00f1a\u201d conferito per il lavoro svolto da Presidente del Parlamento europeo nel difendere i valori fondamentali dell\u2019Unione europea. \u00c8 stato inoltre presidente della giuria per l\u2019edizione 2022 del premio;<\/li>\n<li>Croce d&#8217;Argento dell&#8217;Ordine al Merito della Guardia Civil, Madrid;<\/li>\n<li>Gran Croce dell\u2019Ordine al Merito della Repubblica ungherese;<\/li>\n<li>Gran Cordone dell&#8217;Ordine del Sol Levante (conferito per il lavoro svolto nel consolidare le relazioni fra Unione europea e Giappone).<\/li>\n<\/ul>\n<p>Durante il mandato da Presidente del Parlamento europeo ha, inoltre, ricevuto:<\/p>\n<ul>\n<li>Premio Princesa de Asturias de la Concordia (conferito a Oviedo, Spagna, insieme ai Presidenti della Commissione europea Jean-Claude Juncker e del Consiglio europeo Donald Tusk 50 mila euro del premio sono stati devoluti alle vittime degli incendi in Spagna e Portogallo);<\/li>\n<li>Cittadinanza onoraria della citt\u00e0 di Fiuggi (FR);<\/li>\n<li>Premio \u201cContro il Terrorismo\u201d (conferito a Siviglia, Spagna, in occasione del 20esimo anniversario dell\u2019assassinio di Alberto Jim\u00e9nez-Becerril, consigliere comunale della capitale andalusa, assassinato brutalmente dal gruppo terrorista ETA);<\/li>\n<\/ul>\n<ul>\n<li>Cittadinanza onoraria della citt\u00e0 di Vietri sul Mare (SA);<\/li>\n<li>Premio Forum Nuova Economia, per l\u2019importante contributo al processo d\u2019integrazione europea;<\/li>\n<li>Premio Carlos V (conferito a Yuste, in Spagna, dal re Felipe VI di Spagna, per l\u2019impegno politico dedicato all\u2019Unione europea e alle sue istituzioni, garanti di pace, democrazia, diritti umani, uguaglianza e solidariet\u00e0. I 30 mila euro del Premio sono stati devoluti ai comuni di Arquata del Tronto, Norcia e Accumoli, colpiti dal terremoto del 2016);<\/li>\n<li>Premio Lord Jakobovits, per il contributo al dialogo interreligioso e alla lotta contro l\u2019antisemitismo;<\/li>\n<li>Basco Verde ad honorem, conferito dal comandante della scuola addestramento di specializzazione della Guardia di Finanza, per il suo impegno nella risoluzione di importanti questioni nazionali ed internazionali;<\/li>\n<li>Premio Rocco Chinnici, per l\u2019impulso dato alla trattazione di questioni incentrate sulla tutela dei diritti.<\/li>\n<\/ul>\n","protected":false},"excerpt":{"rendered":"On. Antonio Tajani Figlio di un ufficiale dell\u2019esercito italiano e di una docente di Greco e Latino. Laureato in Giurisprudenza all\u2019Universit\u00e0 La Sapienza di Roma, \u00e8 stato Ufficiale dell\u2019Aeronautica Militare Italiana. Coniugato, con due figli, parla correntemente francese, inglese e spagnolo. Giornalista professionista dal 1980, \u00e8 stato cronista parlamentare,conduttore del GR1 Rai, responsabile della redazione [&hellip;]","protected":false},"author":1,"featured_media":0,"parent":47,"menu_order":0,"comment_status":"closed","ping_status":"closed","template":"","meta":{"footnotes":""},"class_list":["post-49","page","type-page","status-publish","hentry"],"_links":{"self":[{"href":"https:\/\/www.esteri.it\/it\/wp-json\/wp\/v2\/pages\/49","targetHints":{"allow":["GET"]}}],"collection":[{"href":"https:\/\/www.esteri.it\/it\/wp-json\/wp\/v2\/pages"}],"about":[{"href":"https:\/\/www.esteri.it\/it\/wp-json\/wp\/v2\/types\/page"}],"author":[{"embeddable":true,"href":"https:\/\/www.esteri.it\/it\/wp-json\/wp\/v2\/users\/1"}],"replies":[{"embeddable":true,"href":"https:\/\/www.esteri.it\/it\/wp-json\/wp\/v2\/comments?post=49"}],"version-history":[{"count":6,"href":"https:\/\/www.esteri.it\/it\/wp-json\/wp\/v2\/pages\/49\/revisions"}],"predecessor-version":[{"id":159977,"href":"https:\/\/www.esteri.it\/it\/wp-json\/wp\/v2\/pages\/49\/revisions\/159977"}],"up":[{"embeddable":true,"href":"https:\/\/www.esteri.it\/it\/wp-json\/wp\/v2\/pages\/47"}],"wp:attachment":[{"href":"https:\/\/www.esteri.it\/it\/wp-json\/wp\/v2\/media?parent=49"}],"curies":[{"name":"wp","href":"https:\/\/api.w.org\/{rel}","templated":true}]}}