{"id":61202,"date":"2021-11-02T16:08:02","date_gmt":"2021-11-02T15:08:02","guid":{"rendered":"https:\/\/www.esteri.it\/?page_id=61202"},"modified":"2026-03-10T09:55:09","modified_gmt":"2026-03-10T08:55:09","slug":"uapsds","status":"publish","type":"page","link":"https:\/\/www.esteri.it\/it\/uapsds\/","title":{"rendered":"Unit\u00e0 per l\u2019Analisi, la Programmazione e la Documentazione Storica"},"content":{"rendered":"<div class=\"row\">\n<div class=\"col-lg-8\">\n<p>L\u2019Unit\u00e0 per l\u2019Analisi, la Programmazione e la Documentazione Storica (UAP), collocata all\u2019interno della Direzione Generale per gli Affari Politici e la Sicurezza Internazionale, cura analisi e studi, sviluppa i rapporti con i centri di ricerca in materia di relazioni internazionali e contribuisce all\u2019elaborazione delle linee strategiche di politica estera. Inoltre, assicura la custodia e la consultazione del materiale storico e dei fondi archivistici e il funzionamento della biblioteca della Farnesina; si occupa dell\u2019organizzazione di incontri e conferenze, tra cui la principale iniziativa di diplomazia pubblica a cadenza annuale del Ministero, i Dialoghi Mediterranei (MED Dialogues).<\/p>\n<\/div>\n<div class=\"col-lg-4\">\n<p><a href=\"https:\/\/www.esteri.it\/it\/uapsds\/analisi-e-programmazione\/rome-med-dialogues\/\"><strong>MED Dialogues<\/strong><\/a><\/p>\n<p><a href=\"https:\/\/www.farnesina.ipzs.it\/\"><strong>Politica Estera e Storia<\/strong><\/a><\/p>\n<p><a href=\"https:\/\/www.esteri.it\/it\/uapsds\/analisi-e-programmazione\/comunita-italiana-di-politica-estera\/\"><strong>Comunit\u00e0 Italiana di Politica Estera<\/strong><\/a><\/p>\n<\/div>\n<\/div>\n<div style=\"background-color: #f0f0f0; padding: 25px; margin-top: 15px;\" role=\"tablist\">\n<div>\n<p class=\"x_MsoNormal\"><b>AMPLIAMENTO DELL\u2019ORARIO DI APERTURA AL PUBBLICO DELLA BIBLIOTECA MAECI \u2013 settembre 2025<\/b><\/p>\n<\/div>\n<div>\n<p class=\"x_MsoNormal\">Si avvisa la gentile utenza che, a partire dal 1\u00b0 settembre 2025, la Biblioteca Maeci anticiper\u00e0 dalle ore 10 alle ore 9 l\u2019orario di apertura al pubblico.<br \/>\nDunque la Sala lettura sar\u00e0 aperta al pubblico dal luned\u00ec al gioved\u00ec di ogni settimana dalle ore 9 alle ore 14.<\/p>\n<\/div>\n<\/div>\n<div style=\"background-color: #f0f0f0; padding: 25px; margin-top: 15px;\" role=\"tablist\">\n<div>\n<p class=\"x_MsoNormal\"><b>AVVIO DEL SERVIZIO DI PRESTITO INTERBIBLIOTECARIO \u2013 settembre 2024<\/b><\/p>\n<\/div>\n<div>\n<p class=\"x_MsoNormal\">La Biblioteca del MAECI aderisce, dal 1\u00b0 settembre 2024, al servizio di Prestito Interbibliotecario nell\u2019ambito della rete del Sistema Bibliotecario Nazionale (ILL-SBN).<br \/>\nLa richiesta di prestito pu\u00f2 essere effettuata, dalle biblioteche partner, attraverso l\u2019OPAC SBN al seguente link: <a href=\"https:\/\/opac.sbn.it\/web\/opacsbn\" target=\"_blank\" rel=\"noopener noreferrer\">https:\/\/opac.sbn.it\/web\/opacsbn<\/a>\u00a0o via mail\u00a0 scrivendo a\u00a0<a href=\"mailto:uap.ILL\/DD@esteri.it\" target=\"_blank\" rel=\"noopener noreferrer\">uap.ILL\/DD@esteri.it<\/a>.<br \/>\nPer eventuali richieste di assistenza rivolgersi al seguente indirizzo mail <a href=\"mailto:biblioteca.mae@esteri.it\" target=\"_blank\" rel=\"noopener noreferrer\">biblioteca.mae@esteri.it<\/a>.<br \/>\nSi invita la gentile utenza a prendere visione del Regolamento per il prestito inter bibliotecario, disponibile alla pagina\u00a0<a href=\"https:\/\/www.esteri.it\/it\/uapsds\/archivio-storico-e-biblioteca\/biblioteca-uap\/accesso\/\" target=\"_blank\" rel=\"noopener noreferrer\">https:\/\/www.esteri.it\/it\/uapsds\/archivio-storico-e-biblioteca\/biblioteca-uap\/accesso\/<\/a><\/p>\n<\/div>\n<\/div>\n      <!-- Blocco link delle pagine di sezione -->\n      <section class=\"container\">\n          <h2 class=\"visually-hidden\">Naviga tra le pagine di sezione<\/h2>\n          <div class=\"row mt-4 mb-4\">\n                        <div class=\"col-12 col-lg-4\">\n             <!--start card-->\n             <div class=\"card-wrapper card-space\">\n                <div class=\"card card-bg card-big border-bottom-card text-center ico-bck-card no-after p-4\" style=\"background: url('')\">\n                  <div class=\"card-body\">\n                      <p class=\"card-title\"><a class=\"fw-bold h5\" title=\"Vai alla pagina Analisi e Programmazione\" href=\"https:\/\/www.esteri.it\/it\/uapsds\/analisi-e-programmazione\/\">Analisi e Programmazione<\/a><\/p>\n                  <\/div>\n                <\/div>\n            <\/div>\n            <!--end card-->\n          <\/div>\n                     <div class=\"col-12 col-lg-4\">\n             <!--start card-->\n             <div class=\"card-wrapper card-space\">\n                <div class=\"card card-bg card-big border-bottom-card text-center ico-bck-card no-after p-4\" style=\"background: url('')\">\n                  <div class=\"card-body\">\n                      <p class=\"card-title\"><a class=\"fw-bold h5\" title=\"Vai alla pagina Archivio Storico Diplomatico e Biblioteca\" href=\"https:\/\/www.esteri.it\/it\/uapsds\/archivio-storico-e-biblioteca\/\">Archivio Storico Diplomatico e Biblioteca<\/a><\/p>\n                  <\/div>\n                <\/div>\n            <\/div>\n            <!--end card-->\n          <\/div>\n                  <\/div>\n    <\/section>\n      \n<p>&nbsp;<\/p>\n<h3>I nostri video pi\u00f9 recenti<\/h3>\n<p>&nbsp;<\/p>\n<div class=\"row\">\n<div class=\"col-md-4\"><iframe loading=\"lazy\" title=\"YouTube video player\" src=\"https:\/\/www.youtube-nocookie.com\/embed\/watch?v=4AZKdf8rvKo&amp;list=PL9zh4eHRSCDmLeKaHVAXJILEtF7aT4ey3\" width=\"100%\" height=\"315\" frameborder=\"0\" allowfullscreen=\"allowfullscreen\"><\/iframe><\/div>\n<div class=\"col-md-4\"><iframe loading=\"lazy\" title=\"YouTube video player\" src=\"https:\/\/www.youtube-nocookie.com\/embed\/oNbdXOnZbCg?si=-W-83jwds1a_AsNX\" width=\"100%\" height=\"315\" frameborder=\"0\" allowfullscreen=\"allowfullscreen\"><\/iframe><\/div>\n<\/div>\n","protected":false},"excerpt":{"rendered":"L\u2019Unit\u00e0 per l\u2019Analisi, la Programmazione e la Documentazione Storica (UAP), collocata all\u2019interno della Direzione Generale per gli Affari Politici e la Sicurezza Internazionale, cura analisi e studi, sviluppa i rapporti con i centri di ricerca in materia di relazioni internazionali e contribuisce all\u2019elaborazione delle linee strategiche di politica estera. Inoltre, assicura la custodia e la [&hellip;]","protected":false},"author":1,"featured_media":0,"parent":0,"menu_order":130,"comment_status":"closed","ping_status":"closed","template":"page-consolari.php","meta":{"footnotes":""},"class_list":["post-61202","page","type-page","status-publish","hentry"],"_links":{"self":[{"href":"https:\/\/www.esteri.it\/it\/wp-json\/wp\/v2\/pages\/61202","targetHints":{"allow":["GET"]}}],"collection":[{"href":"https:\/\/www.esteri.it\/it\/wp-json\/wp\/v2\/pages"}],"about":[{"href":"https:\/\/www.esteri.it\/it\/wp-json\/wp\/v2\/types\/page"}],"author":[{"embeddable":true,"href":"https:\/\/www.esteri.it\/it\/wp-json\/wp\/v2\/users\/1"}],"replies":[{"embeddable":true,"href":"https:\/\/www.esteri.it\/it\/wp-json\/wp\/v2\/comments?post=61202"}],"version-history":[{"count":8,"href":"https:\/\/www.esteri.it\/it\/wp-json\/wp\/v2\/pages\/61202\/revisions"}],"predecessor-version":[{"id":179013,"href":"https:\/\/www.esteri.it\/it\/wp-json\/wp\/v2\/pages\/61202\/revisions\/179013"}],"wp:attachment":[{"href":"https:\/\/www.esteri.it\/it\/wp-json\/wp\/v2\/media?parent=61202"}],"curies":[{"name":"wp","href":"https:\/\/api.w.org\/{rel}","templated":true}]}}