{"id":61262,"date":"2021-11-02T17:23:45","date_gmt":"2021-11-02T16:23:45","guid":{"rendered":"https:\/\/www.esteri.it\/?page_id=61262"},"modified":"2025-12-04T16:00:29","modified_gmt":"2025-12-04T15:00:29","slug":"viaggiare","status":"publish","type":"page","link":"https:\/\/www.esteri.it\/it\/ministero\/sportello_info\/domandefrequenti\/viaggiare\/","title":{"rendered":"Consigli agli italiani in viaggio"},"content":{"rendered":"<p><strong>Prima di partire per l&#8217;estero<\/strong><\/p>\n<ul>\n<li><strong>Informatevi<\/strong><\/li>\n<li><strong>Informateci<\/strong><\/li>\n<li><strong>Assicuratevi<\/strong><\/li>\n<\/ul>\n<p><strong><br \/>\nInformatevi<\/strong><\/p>\n<p>Il portale <a href=\"https:\/\/www.viaggiaresicuri.it\/home\">Viaggiare Sicuri<\/a>, accessibile anche via App <a href=\"https:\/\/www.viaggiaresicuri.it\/download-app\">Viaggiare Sicuri<\/a>, raccoglie gratuitamente le informazioni sulla situazione in 222 Paesi e territori nel mondo, grazie ai dati raccolti dalla rete diplomatica italiana. I profili analizzati di ciascuna destinazione sono: informazioni generali, requisiti di ingresso, sicurezza, situazione sanitaria e mobilit\u00e0, con particolare attenzione alle aree di particolare cautela.<\/p>\n<p>Un servizio pensato e sviluppato anche per favorire\u00a0scelte di viaggio consapevoli e responsabili, un atteggiamento vigile e\u00a0comportamenti adeguati alle localit\u00e0 visitate.<\/p>\n<p>Ricordatevi di controllare\u00a0<a href=\"http:\/\/www.viaggiaresicuri.it\/\">ViaggiareSicuri.it<\/a> prima della vostra partenza e durante il viaggio in un Paese estero. La situazione di sicurezza e le misure normative e amministrative possono variare rapidamente: l\u2019Unit\u00e0 di Crisi \u00e8 impegnata in uno sforzo di aggiornamento continuo; pubblica ogniqualvolta necessario avvertenze specifiche nella sezione Avvisi in evidenza; segnala i pi\u00f9 recenti aggiornamenti delle schede in homepage e sulla\u00a0cartina interattiva del mondo.<\/p>\n<p>Per acquisire informazioni di viaggio telefonicamente \u00e8 possibile contattare il Centro di risposta ACI al numero attivo H24:\u00a0<strong>+39 06 491115<\/strong>.<\/p>\n<p><strong><br \/>\nInformateci<\/strong><\/p>\n<p>Il portale\u00a0<a href=\"https:\/\/www.dovesiamonelmondo.it\/\">Dovesiamonelmondo.it<\/a>, accessibile anche via App <a href=\"https:\/\/www.viaggiaresicuri.it\/download-app\">Viaggiare Sicuri<\/a> per smartphone e tablet, consente a chi viaggia di segnalare il proprio itinerario e i propri riferimenti nel pieno rispetto della riservatezza dei dati.\u00a0Tutti i dati vengono cancellati automaticamente 48 ore dopo il vostro rientro, e vengono utilizzati esclusivamente in caso d\u2019emergenza per facilitare un intervento da parte dell\u2019Unit\u00e0 di Crisi.<\/p>\n<p>In caso di emergenza nel Paese di destinazione, l\u2019Unit\u00e0 di Crisi potr\u00e0 attivare i contatti rendendo pi\u00f9 rapido, mirato ed efficace il sostegno a chi si trova nelle zone interessate dall\u2019emergenza, e pianificare opportunamente eventuali interventi. Per casi di emergenza all\u2019estero \u00e8 possibile contattare la\u00a0<strong>Sala Operativa dell\u2019Unit\u00e0 di Crisi<\/strong>\u00a0attiva tutti i giorni H24:<strong> +39 06 36225<\/strong>.<\/p>\n<p>Per singole categorie di viaggio e di viaggiatori sono stati sviluppati servizi specifici, attivabili con un accordo : turismo, lavoro, operatori umanitari e di cooperazione, media, sport, scuola universit\u00e0 e ricerca.<\/p>\n<p><strong><br \/>\nAssicuratevi<\/strong><\/p>\n<p>Suggeriamo di munirsi della\u00a0<strong>Tessera europea assicurazione malattia (TEAM)<\/strong> per viaggi in Paesi dell\u2019UE, e, per viaggi extra UE, di un\u2019<strong>assicurazione sanitaria<\/strong>\u00a0con un adeguato massimale, tale da coprire non solo le spese di cure mediche e terapie effettuate presso strutture ospedaliere e sanitarie locali, ma anche l\u2019eventuale trasferimento aereo in un altro Paese o il rimpatrio del malato, nei casi pi\u00f9 gravi anche per mezzo di aero-ambulanza.<br \/>\nIn caso di <strong>viaggi turistici organizzati<\/strong>, suggeriamo di controllare attentamente il contenuto delle assicurazioni sanitarie comprese nei pacchetti di viaggio. In assenza di garanzie adeguate, vi consigliamo di stipulare polizze assicurative sanitarie individuali.<br \/>\nIn numerosi Paesi extra-europei \u00e8 consigliabile rivolgersi a strutture private, che tuttavia presentano talvolta costi molto elevati per ogni tipo di assistenza, cura o prestazione erogata.<\/p>\n<p>Si ricorda che le Ambasciate e i Consolati all\u2019estero, incaricate a fornire l\u2019assistenza necessaria, non possono sostenere n\u00e9 garantire pagamenti diretti di carattere privato. Soltanto nei casi pi\u00f9 gravi ed urgenti, Ambasciate e Consolati all\u2019estero possono concedere ai connazionali non residenti nella propria circoscrizione consolare e che versino in situazione di indigenza dei prestiti con promessa di restituzione. Tali prestiti dovranno essere rimborsati allo Stato dopo il rientro in Italia.<br \/>\nPer ottenere informazioni di carattere generale sull\u2019assistenza sanitaria all\u2019estero, si rinvia al sito del\u00a0<a href=\"http:\/\/www.salute.gov.it\/\">Ministero della Salute<\/a>, evidenziando in particolare il servizio \u201c<a href=\"http:\/\/www.salute.gov.it\/portale\/temi\/p2_6.jsp?lingua=italiano&amp;id=897&amp;area=Assistenza%20sanitaria&amp;menu=italiani\">Se Parto per\u2026<\/a>\u201d che permette di avere informazioni sul diritto o meno all\u2019assistenza sanitaria durante un soggiorno o la residenza in un qualsiasi Paese del mondo.<\/p>\n","protected":false},"excerpt":{"rendered":"Prima di partire per l&#8217;estero Informatevi Informateci Assicuratevi Informatevi Il portale Viaggiare Sicuri, accessibile anche via App Viaggiare Sicuri, raccoglie gratuitamente le informazioni sulla situazione in 222 Paesi e territori nel mondo, grazie ai dati raccolti dalla rete diplomatica italiana. I profili analizzati di ciascuna destinazione sono: informazioni generali, requisiti di ingresso, sicurezza, situazione sanitaria [&hellip;]","protected":false},"author":4,"featured_media":0,"parent":45948,"menu_order":0,"comment_status":"closed","ping_status":"closed","template":"","meta":{"footnotes":""},"class_list":["post-61262","page","type-page","status-publish","hentry"],"_links":{"self":[{"href":"https:\/\/www.esteri.it\/it\/wp-json\/wp\/v2\/pages\/61262","targetHints":{"allow":["GET"]}}],"collection":[{"href":"https:\/\/www.esteri.it\/it\/wp-json\/wp\/v2\/pages"}],"about":[{"href":"https:\/\/www.esteri.it\/it\/wp-json\/wp\/v2\/types\/page"}],"author":[{"embeddable":true,"href":"https:\/\/www.esteri.it\/it\/wp-json\/wp\/v2\/users\/4"}],"replies":[{"embeddable":true,"href":"https:\/\/www.esteri.it\/it\/wp-json\/wp\/v2\/comments?post=61262"}],"version-history":[{"count":5,"href":"https:\/\/www.esteri.it\/it\/wp-json\/wp\/v2\/pages\/61262\/revisions"}],"predecessor-version":[{"id":162860,"href":"https:\/\/www.esteri.it\/it\/wp-json\/wp\/v2\/pages\/61262\/revisions\/162860"}],"up":[{"embeddable":true,"href":"https:\/\/www.esteri.it\/it\/wp-json\/wp\/v2\/pages\/45948"}],"wp:attachment":[{"href":"https:\/\/www.esteri.it\/it\/wp-json\/wp\/v2\/media?parent=61262"}],"curies":[{"name":"wp","href":"https:\/\/api.w.org\/{rel}","templated":true}]}}