{"id":61310,"date":"2021-11-02T18:21:34","date_gmt":"2021-11-02T17:21:34","guid":{"rendered":"https:\/\/www.esteri.it\/?page_id=61310"},"modified":"2025-12-16T19:08:44","modified_gmt":"2025-12-16T18:08:44","slug":"ricerche_connazionali","status":"publish","type":"page","link":"https:\/\/www.esteri.it\/it\/servizi-consolari-e-visti\/italiani-all-estero\/assistenzacittadiniestero\/ricerche_connazionali\/","title":{"rendered":"Assistenza consolare nella ricerca di connazionali scomparsi all\u2019estero"},"content":{"rendered":"<p style=\"font-weight: 400;\"><a href=\"https:\/\/www.esteri.it\/it\/sportello_info\/DomandeFrequenti\/FAQRichiestaInfo\/\">Modulo di richiesta informazioni<\/a><\/p>\n<p><strong>(Ufficio di Riferimento: D.G.IT. \u2013 Unit\u00e0 Tutela)<\/strong><\/p>\n<p>La materia \u00e8 normata a livello nazionale dalla Legge 14 novembre 2012, n. 203 (Disposizioni per la ricerca delle persone scomparse), che prevede che chiunque venga a conoscenza dell&#8217;allontanamento di una persona dalla propria abitazione o dal luogo di temporanea dimora e, per le circostanze in cui \u00e8 avvenuto il fatto, ritiene che dalla scomparsa possa derivare un pericolo per la vita o per l&#8217;incolumit\u00e0 personale della stessa, pu\u00f2 denunciare il fatto alle Forze di Polizia.<\/p>\n<p>In caso di\u00a0<strong>scomparsa<\/strong>\u00a0di un connazionale all\u2019estero deve essere presentata una denuncia ai presso il locale Ufficio di Polizia o la competente Stazione dei Carabinieri, assicurandosi che la denuncia venga inserita nelle banche dati SIS\/Schengen e Interpol, in modo da attivare le autorit\u00e0 di polizia straniere. Copia di tale denuncia deve essere trasmessa all\u2019Ufficio consolare territorialmente competente e, per conoscenza, all\u2019Unit\u00e0 Tutela della Direzione Generale per gli Italiani all\u2019Estero e le Politiche Migratorie (<a href=\"mailto:dgit.tutela@esteri.it\"><strong>dgit.tutela@esteri.it<\/strong><\/a>\u00a0).<\/p>\n<p>Una volta ottenuta la denuncia di scomparsa, la Sede consolare provveder\u00e0 ad informarne le Autorit\u00e0 locali e a seguire gli sviluppi delle ricerche. La Sede sar\u00e0 inoltre disponibile a fornire ogni possibile assistenza consolare ai famigliari.<\/p>\n<p>Si segnala che informazioni riguardanti cittadini italiani all\u2019estero possono essere fornite nel rispetto della normativa vigente in<strong> materia di protezione dei dati personali\u00a0<\/strong>(d.lgs. 196\/ 2003 e Reg. UE 2016\/679),<strong>\u00a0<\/strong>che impone nella maggior parte dei casi il<strong> consenso della persona cercata<\/strong>.<\/p>\n","protected":false},"excerpt":{"rendered":"Modulo di richiesta informazioni (Ufficio di Riferimento: D.G.IT. \u2013 Unit\u00e0 Tutela) La materia \u00e8 normata a livello nazionale dalla Legge 14 novembre 2012, n. 203 (Disposizioni per la ricerca delle persone scomparse), che prevede che chiunque venga a conoscenza dell&#8217;allontanamento di una persona dalla propria abitazione o dal luogo di temporanea dimora e, per le [&hellip;]","protected":false},"author":4,"featured_media":0,"parent":29751,"menu_order":0,"comment_status":"closed","ping_status":"closed","template":"page-consolari.php","meta":{"footnotes":""},"class_list":["post-61310","page","type-page","status-publish","hentry"],"_links":{"self":[{"href":"https:\/\/www.esteri.it\/it\/wp-json\/wp\/v2\/pages\/61310","targetHints":{"allow":["GET"]}}],"collection":[{"href":"https:\/\/www.esteri.it\/it\/wp-json\/wp\/v2\/pages"}],"about":[{"href":"https:\/\/www.esteri.it\/it\/wp-json\/wp\/v2\/types\/page"}],"author":[{"embeddable":true,"href":"https:\/\/www.esteri.it\/it\/wp-json\/wp\/v2\/users\/4"}],"replies":[{"embeddable":true,"href":"https:\/\/www.esteri.it\/it\/wp-json\/wp\/v2\/comments?post=61310"}],"version-history":[{"count":6,"href":"https:\/\/www.esteri.it\/it\/wp-json\/wp\/v2\/pages\/61310\/revisions"}],"predecessor-version":[{"id":164845,"href":"https:\/\/www.esteri.it\/it\/wp-json\/wp\/v2\/pages\/61310\/revisions\/164845"}],"up":[{"embeddable":true,"href":"https:\/\/www.esteri.it\/it\/wp-json\/wp\/v2\/pages\/29751"}],"wp:attachment":[{"href":"https:\/\/www.esteri.it\/it\/wp-json\/wp\/v2\/media?parent=61310"}],"curies":[{"name":"wp","href":"https:\/\/api.w.org\/{rel}","templated":true}]}}