{"id":61334,"date":"2021-11-02T18:32:20","date_gmt":"2021-11-02T17:32:20","guid":{"rendered":"https:\/\/www.esteri.it\/?page_id=61334"},"modified":"2026-04-23T12:01:17","modified_gmt":"2026-04-23T10:01:17","slug":"rimpatrio-sanitario","status":"publish","type":"page","link":"https:\/\/www.esteri.it\/it\/servizi-opportunita\/italiani-all-estero\/assistenzacittadiniestero\/rimpatrio-sanitario\/","title":{"rendered":"Rimpatrio sanitario"},"content":{"rendered":"<p><a href=\"https:\/\/www.esteri.it\/it\/ministero\/sportello_info\/DomandeFrequenti\/FAQRichiestaInfo\/\">Modulo di richiesta informazioni<\/a><\/p>\n<p align=\"center\"><strong>(Ufficio di Riferimento: D.G.IT. \u2013 <b>Unit\u00e0 Tutela<\/b>)<\/strong><\/p>\n<p>Nel caso di connazionali che necessitino di ricovero ospedaliero in Italia, la Rappresentanza diplomatico-consolare invita i familiari a individuare una struttura medica nella quale il connazionale, verr\u00e0 preso in cura una volta giunto in Italia. In caso di difficolt\u00e0, la Sede pu\u00f2 chiedere alla Prefettura di individuare la struttura sanitaria. Per assicurare una corretta presa in carico del paziente la Sede consolare potr\u00e0 assistere i familiari nell\u2019ottenimento della cartella clinica da trasmettere alla struttura in Italia.<\/p>\n<p>Condizione imprescindibile perch\u00e9 si possa procedere al rimpatrio sanitario \u00e8 l\u2019ottenimento, da parte della struttura sanitaria dove il connazionale \u00e8 ricoverato, del certificato che ne attesti l\u2019idoneit\u00e0 ad affrontare il viaggio e le condizioni nelle quali vada effettuato tale trasporto (il cd \u201cfit to fly\u201d o \u201ccertificato di trasportabilit\u00e0 aerea del paziente\u201d). La Sede potr\u00e0 assistere i famigliari nel chiedere il rilascio da parte delle strutture sanitarie locali.<\/p>\n<p>Ottenuta tale documentazione e la cartella clinica del paziente &#8211; tradotta in Italiano qualora non gi\u00e0 scritta in una lingua veicolare &#8211; la Sede pu\u00f2 agevolare i contatti tra i familiari e la compagnia aerea individuata per il trasporto. Qualora il volo di linea non sia esperibile, si potranno richiedere alla Sede consolare i riferimenti di societ\u00e0 private operanti in loco che eroghino il servizio di aeroambulanza. Il contatto sar\u00e0 stipulato tra il connazionale (o la famiglia qualora il primo versi in stato di incapacit\u00e0) e la societ\u00e0 stessa.<\/p>\n<p>Si potr\u00e0 inoltre verificare con la propria Regione e autorit\u00e0 locali in Italia se siano dotate di strutture specializzate per effettuare o facilitare rimpatri sanitari di loro residenti dall&#8217;estero.<\/p>\n<p>&nbsp;<\/p>\n","protected":false},"excerpt":{"rendered":"Modulo di richiesta informazioni (Ufficio di Riferimento: D.G.IT. \u2013 Unit\u00e0 Tutela) Nel caso di connazionali che necessitino di ricovero ospedaliero in Italia, la Rappresentanza diplomatico-consolare invita i familiari a individuare una struttura medica nella quale il connazionale, verr\u00e0 preso in cura una volta giunto in Italia. In caso di difficolt\u00e0, la Sede pu\u00f2 chiedere alla [&hellip;]","protected":false},"author":4,"featured_media":0,"parent":29751,"menu_order":0,"comment_status":"closed","ping_status":"closed","template":"page-consolari.php","meta":{"footnotes":""},"class_list":["post-61334","page","type-page","status-publish","hentry"],"_links":{"self":[{"href":"https:\/\/www.esteri.it\/it\/wp-json\/wp\/v2\/pages\/61334","targetHints":{"allow":["GET"]}}],"collection":[{"href":"https:\/\/www.esteri.it\/it\/wp-json\/wp\/v2\/pages"}],"about":[{"href":"https:\/\/www.esteri.it\/it\/wp-json\/wp\/v2\/types\/page"}],"author":[{"embeddable":true,"href":"https:\/\/www.esteri.it\/it\/wp-json\/wp\/v2\/users\/4"}],"replies":[{"embeddable":true,"href":"https:\/\/www.esteri.it\/it\/wp-json\/wp\/v2\/comments?post=61334"}],"version-history":[{"count":6,"href":"https:\/\/www.esteri.it\/it\/wp-json\/wp\/v2\/pages\/61334\/revisions"}],"predecessor-version":[{"id":184487,"href":"https:\/\/www.esteri.it\/it\/wp-json\/wp\/v2\/pages\/61334\/revisions\/184487"}],"up":[{"embeddable":true,"href":"https:\/\/www.esteri.it\/it\/wp-json\/wp\/v2\/pages\/29751"}],"wp:attachment":[{"href":"https:\/\/www.esteri.it\/it\/wp-json\/wp\/v2\/media?parent=61334"}],"curies":[{"name":"wp","href":"https:\/\/api.w.org\/{rel}","templated":true}]}}