{"id":61397,"date":"2021-11-02T22:16:18","date_gmt":"2021-11-02T21:16:18","guid":{"rendered":"https:\/\/www.esteri.it\/?page_id=61397"},"modified":"2026-05-08T12:30:30","modified_gmt":"2026-05-08T10:30:30","slug":"informativa-sul-trattamento-dei-dati-personali","status":"publish","type":"page","link":"https:\/\/www.esteri.it\/it\/ministero\/sportello_info\/informativa-sul-trattamento-dei-dati-personali\/","title":{"rendered":"Informativa sul trattamento dei dati personali"},"content":{"rendered":"<p><strong>Informativa sulla protezione delle persone fisiche con riguardo al trattamento dei dati personali<br \/>\n(Regolamento Generale sulla Protezione dei Dati (UE) 2016\/679, art. 13)<\/strong><\/p>\n<p>Il trattamento dei dati personali chiesti per accedere al servizio di informazioni al pubblico del Ministero degli Affari Esteri e della Cooperazione internazionale (MAECI) \u00a0sar\u00e0 improntato ai principi di liceit\u00e0, correttezza e trasparenza a tutela dei diritti e delle libert\u00e0 fondamentali delle persone fisiche.<\/p>\n<p>A tal fine, si forniscono le seguenti informazioni:<\/p>\n<ol>\n<li>Il titolare del trattamento \u00e8 il MAECI\u00a0 il quale opera, nel caso specifico, per il tramite dell\u2019<a href=\"https:\/\/www.esteri.it\/it\/ministero\/sportello_info\/\">Ufficio per i rapporti con il pubblico<\/a><\/li>\n<li>Per quesiti o reclami si pu\u00f2 contattare il Responsabile della Protezione dei Dati personali (RPD) del MAECI (indirizzo postale: Ministero degli Affari Esteri e della Cooperazione internazionale, Piazzale della Farnesina 1, 00135 ROMA; telefono 0039 06 36911 (centralino); mail:\u00a0<a href=\"mailto:rpd@esteri.it\">rpd@esteri.it<\/a>; pec:\u00a0<a href=\"mailto:rpd@cert.esteri.it\">rpd@cert.esteri.it<\/a>.<\/li>\n<li>I dati personali chiesti sono necessari per identificare l\u2019utenza e consentire una corretta gestione della corrispondenza.<\/li>\n<li>Il trattamento dei dati \u00e8 svolto ai sensi dell\u2019art. 6.1 e) del Regolamento UE 2016\/679, nonch\u00e9 sulla base del consenso dell\u2019interessato, incluso il consenso richiesto nell\u2019ambito del monitoraggio sulla qualit\u00e0 del servizio. L\u2019eventuale rifiuto a fornire i dati chiesti (o la revoca del consenso) comporta la mancata erogazione del servizio (o la sua interruzione).<\/li>\n<li>Il trattamento dei dati sar\u00e0 effettuato in modalit\u00e0 mista (automatizzata e manuale) da personale appositamente incaricato.<\/li>\n<li>I dati non saranno comunicati a soggetti terzi, ma saranno disponibili solo all\u2019interno del MAECI (Sede centrale e rete diplomatico-consolare).<\/li>\n<li>I dati saranno conservati per un periodo massimo di due anni.<\/li>\n<li>L\u2019interessato pu\u00f2 chiedere l\u2019accesso ai propri dati personali e la loro rettifica. Alle condizioni previste dalla normativa vigente, egli pu\u00f2 altres\u00ec chiedere la cancellazione di tali dati, nonch\u00e9 la limitazione del trattamento o l\u2019opposizione al trattamento. In questi casi, l\u2019interessato dovr\u00e0 presentare apposita richiesta all\u2019<a href=\"https:\/\/www.esteri.it\/it\/ministero\/sportello_info\/\">Ufficio per i rapporti con il pubblico<\/a> informando per conoscenza l\u2019RPD del MAECI.<\/li>\n<li>Se ritiene che i suoi diritti siano stati violati, l\u2019interessato pu\u00f2 presentare un reclamo all\u2019RPD del MAECI. In alternativa, pu\u00f2 rivolgersi al Garante per la Protezione dei Dati personali (Piazza Venezia 11, 00187 ROMA; telefono: 0039 06 696771; peo: <a href=\"mailto:protocollo@gpdp.it\">protocollo@gpdp.it<\/a> ; pec: <a href=\"mailto:protocollo@pec.gpdp.it\">protocollo@pec.gpdp.it<\/a> ).<\/li>\n<\/ol>\n","protected":false},"excerpt":{"rendered":"Informativa sulla protezione delle persone fisiche con riguardo al trattamento dei dati personali (Regolamento Generale sulla Protezione dei Dati (UE) 2016\/679, art. 13) Il trattamento dei dati personali chiesti per accedere al servizio di informazioni al pubblico del Ministero degli Affari Esteri e della Cooperazione internazionale (MAECI) \u00a0sar\u00e0 improntato ai principi di liceit\u00e0, correttezza e [&hellip;]","protected":false},"author":4,"featured_media":0,"parent":45512,"menu_order":0,"comment_status":"closed","ping_status":"closed","template":"","meta":{"footnotes":""},"class_list":["post-61397","page","type-page","status-publish","hentry"],"_links":{"self":[{"href":"https:\/\/www.esteri.it\/it\/wp-json\/wp\/v2\/pages\/61397","targetHints":{"allow":["GET"]}}],"collection":[{"href":"https:\/\/www.esteri.it\/it\/wp-json\/wp\/v2\/pages"}],"about":[{"href":"https:\/\/www.esteri.it\/it\/wp-json\/wp\/v2\/types\/page"}],"author":[{"embeddable":true,"href":"https:\/\/www.esteri.it\/it\/wp-json\/wp\/v2\/users\/4"}],"replies":[{"embeddable":true,"href":"https:\/\/www.esteri.it\/it\/wp-json\/wp\/v2\/comments?post=61397"}],"version-history":[{"count":4,"href":"https:\/\/www.esteri.it\/it\/wp-json\/wp\/v2\/pages\/61397\/revisions"}],"predecessor-version":[{"id":186938,"href":"https:\/\/www.esteri.it\/it\/wp-json\/wp\/v2\/pages\/61397\/revisions\/186938"}],"up":[{"embeddable":true,"href":"https:\/\/www.esteri.it\/it\/wp-json\/wp\/v2\/pages\/45512"}],"wp:attachment":[{"href":"https:\/\/www.esteri.it\/it\/wp-json\/wp\/v2\/media?parent=61397"}],"curies":[{"name":"wp","href":"https:\/\/api.w.org\/{rel}","templated":true}]}}