{"id":61450,"date":"2021-11-03T09:38:35","date_gmt":"2021-11-03T08:38:35","guid":{"rendered":"https:\/\/www.esteri.it\/?page_id=61450"},"modified":"2025-11-25T17:07:02","modified_gmt":"2025-11-25T16:07:02","slug":"il-festival-dello-sviluppo-sostenibile-2021-nel-mondo-la-risposta-del-maeci-e-della-rete-estera","status":"publish","type":"page","link":"https:\/\/www.esteri.it\/it\/temi\/cooperaz_sviluppo\/eventi\/il-festival-dello-sviluppo-sostenibile-2021-nel-mondo-la-risposta-del-maeci-e-della-rete-estera\/","title":{"rendered":"Il Festival dello Sviluppo Sostenibile 2021 nel mondo. La risposta del MAECI e della rete estera"},"content":{"rendered":"<p>Il Ministero degli Affari Esteri e della Cooperazione Internazionale partecipa anche quest\u2019anno al Festival dello Sviluppo Sostenibile (28 settembre \u2013 14 ottobre), attraverso il coinvolgimento della Rete diplomatico-consolare e in collaborazione con le locali Agenzie italiane per la Cooperazione allo Sviluppo. Il Festival \u00e8 la pi\u00f9 grande iniziativa italiana per sensibilizzare e mobilitare cittadini, imprese, associazioni e istituzioni sui temi della sostenibilit\u00e0 economica, sociale e ambientale, e realizzare un cambiamento culturale e politico che consenta all\u2019Italia di attuare l\u2019Agenda 2030 dell&#8217;Onu e i 17 Obiettivi di sviluppo sostenibile.<\/p>\n<p>Centinaia di eventi sul territorio nazionale, nel mondo e online per affrontare temi cruciali per il futuro dell\u2019Italia e fare il punto sul cammino del nostro Paese e dell\u2019Unione europea verso i 17 Obiettivi di sviluppo sostenibile dell\u2019Agenda 2030. Il Festival, riconosciuto dall\u2019Onu tra le migliori pratiche a livello internazionale, quest\u2019anno si svolge in contemporanea con l\u2019Assemblea Generale dell\u2019Onu e, per la prima volta, coinvolge le sedi diplomatiche italiane all\u2019estero in tutti i continenti, un modo significativo per celebrare il quinto anniversario dell\u2019Agenda 2030 e l\u2019impegno dell\u2019Italia per la sua attuazione, anche in vista della presidenza del G20.<\/p>\n<p><a href=\"https:\/\/festivalsvilupposostenibile.it\/2021\">https:\/\/festivalsvilupposostenibile.it\/2021<\/a><\/p>\n<p><b>RISPOSTA TOTALE MAECI: 41 SEDI per 48 EVENTI<\/b><\/p>\n<ol>\n<li>EVENTO MAECI\/DGCS (IN ITALIA) &#8211; 23-27\/09\/2021 \u2013 MAECI\/DGCS<br \/>\n<a href=\"https:\/\/festivalsvilupposostenibile.it\/2021\/cal\/319\/insiemeperglisdg#.YVq1lTHP2Uk\">#InsiemepergliSDG<\/a><\/li>\n<li>4-6\/10\/2021 AMBASCIATA D\u2019ITALIA A SARAJEVO<br \/>\n<a href=\"https:\/\/festivalsvilupposostenibile.it\/2021\/cal\/733\/bosnia-and-herzegovina-localizing-the-sdgs-information-session-for-local-governments#.YVqvxTHP2Uk\">SDG\u2019s week bosniaco-erzegovese<\/a><\/li>\n<li>21\/09\/2021 AMBASCIATA D\u2019ITALIA A COPENAGHEN<br \/>\n<a href=\"https:\/\/festivalsvilupposostenibile.it\/2021\/cal\/484\/the-internet-of-things-for-smart-city-linnovazione-per-lo-sviluppo-sostenibile#.YVcAjjHP2Uk\">The Internet of Things for Smart City &#8211; L&#8217;innovazione per lo sviluppo sostenibile<\/a><\/li>\n<li>18\/10\/2021 ICC ISTITUTO ITALIANO DI CULTURA A HELSINKI<br \/>\n<a href=\"https:\/\/festivalsvilupposostenibile.it\/2021\/cal\/480#.YVv8zThH6Ul\">Reading Culture for a Sustainable and Inclusive Future<\/a><\/li>\n<li>24 e 26\/09\/2021 AMBASCIATA D\u2019ITALIA A BERLINO\u00a0<a href=\"https:\/\/festivalsvilupposostenibile.it\/2021\/cal\/652\/from-milan-to-glasgow-and-beyond-a-roadmap-for-climate-action#.YVcCizHP2Uk\">From Milan to Glasgow and beyond: a roadmap for climate action<\/a><br \/>\n<a href=\"https:\/\/festivalsvilupposostenibile.it\/2021\/cal\/648\/climate-rally#.YVcCFTHP2Uk\">Climate Rally della Conferenza climatica dei giovani (LCOY)<\/a><\/li>\n<li>4 e 14\/10\/2021 ISTITUTO ITALIANO DI CULTURA A LONDRA<br \/>\n<a>Podcast,The Fifth Siren<\/a><br \/>\n<a href=\"https:\/\/festivalsvilupposostenibile.it\/2021\/cal\/815\/our-relationship-with-nature#.YWU-5jhH6Ul\">Our relationship with nature<\/a><\/li>\n<li>19\/10\/2021 e 3\/11\/2021 AMBASCIATA D\u2019ITALIA A PARIGI<br \/>\n<a href=\"https:\/\/festivalsvilupposostenibile.it\/2021\/cal\/817#.YVv9MzhH6Ul\">La lotta contro la Povert\u00e0 energetica: L\u2019SDG7 nel dialogo globale: il contributo italiano e prospettive<\/a><br \/>\nForum sull\u2019alleanza globale per l\u2019economia circolare<\/li>\n<li>22\/09\/2021 AMBASCIATA D\u2019ITALIA A LISBONA<br \/>\n<a href=\"https:\/\/festivalsvilupposostenibile.it\/2021\/cal\/536\/webinar-smart-cities-costruendo-citta-sostenibili#.YVcEazHP2Uk\">Smart cities, costruendo citt\u00e0 sostenibili<\/a><\/li>\n<li>19\/10\/2021 ISTITUTO ITALIANO DI CULTURA A BELGRADO<br \/>\n<a href=\"https:\/\/festivalsvilupposostenibile.it\/2021\/cal\/798\/il-contributo-dei-valori-culturali-alla-costruzione-di-citta-e-comunita-sostenibili#.YVcEsDHP2Uk\">Il contributo dei valori culturali alla costruzione di citt\u00e0 e comunit\u00e0 sostenibili<\/a><\/li>\n<li>28\/09\/2021 CONSOLATO GENERALE ITALIANO A SHANGHAI<br \/>\n<a href=\"https:\/\/festivalsvilupposostenibile.it\/2021\/cal\/181\/climate-for-youth-online-offline-seminar#.YVcFIjHP2Uk\">Climate for Youth<\/a><\/li>\n<li>18\/09\/2021 CONSOLATO GENERALE D\u2019ITALIA A HONG KONG<br \/>\nTavola rotonda con i giovani di Hong Kong partecipanti alle Conferenze sul clima di Milano e Glasgow<\/li>\n<li>26\/09\/2021 AMBASCIATA D\u2019ITALIA A SEOUL<br \/>\n<a href=\"https:\/\/festivalsvilupposostenibile.it\/2021\/cal\/529\/italian-routes-montagne-alpinismo-cambiamenti-climatici#.YVcF9THP2Uk\">Italian routes \u2013 Montagne, alpinismo, cambiamenti climatici<\/a><\/li>\n<li>25\/09\/2021 AMBASCIATA D\u2019ITALIA KUALA LUMPUR<br \/>\n<a href=\"https:\/\/festivalsvilupposostenibile.it\/2021\/cal\/724#.YVsxvZpBxPY\">Pre-Youth4Climate Workshop<\/a><\/li>\n<li>13\/10\/2021 AMBASCIATA D\u2019ITALIA IN PAKISTAN<br \/>\n<a href=\"https:\/\/festivalsvilupposostenibile.it\/2021\/cal\/617\/biodiversita-e-economia-circolare-in-pakistan-verso-il-benessere-green-i-giovani-tra-decisori-e-comunita#.YVcIizHP2Uk\">Biodiversit\u00e0 e economia circolare in Pakistan verso il benessere green: i giovani tra decisori e comunit\u00e0<\/a><\/li>\n<li>11\/10\/2021 AMBASCIARA D\u2019TALIA A BANGKOK<br \/>\n<a href=\"https:\/\/festivalsvilupposostenibile.it\/2021\/cal\/724\/youth4climate-how-to-drive-ambition-after-milan-takeaways-by-the-two-young-delegates-from-thailand#.YVcI_DHP2Uk\">Youth4Climate: how to drive ambition after Milan? Takeaways by the two young delegates from Thailand<\/a><\/li>\n<li>22\/09\/2021 AMBASCIATA D\u2019ITALIA IN HANOI<br \/>\n<a href=\"https:\/\/festivalsvilupposostenibile.it\/2021\/cal\/450\/towards-youth4climate-driving-ambition-milan-meet-the-vietnamese-delegates#.YVcJgjHP2Uk\">Towards \u201cYouth4Climate: driving ambition\u201d Milan &#8211; Meet the Vietnamese delegates.<\/a><\/li>\n<li>13\/10\/2021 AICS DI YANGON<br \/>\n<a href=\"https:\/\/festivalsvilupposostenibile.it\/2021\/cal\/825\/sustainable-solutions-to-sea-level-rise-from-italy-and-vietnam#.YVcJ1zHP2Uk\">Sustainable solutions to sea level rise from Italy and Vietnam<\/a><\/li>\n<li>4\/10\/2021 AMBASCIATA D\u2019ITALIA A ALGERI<br \/>\n<a href=\"https:\/\/festivalsvilupposostenibile.it\/2021\/cal\/583\/la-protezione-dei-rifugiati-in-algeria-come-strumento-di-pace-e-giustizia#.YVcKMzHP2Uk\">La protezione dei rifugiati in Algeria come strumento di pace e giustizia<\/a><\/li>\n<li>4-8\/10\/2021 AMBASCIATA D\u2019ITALIA AL CAIRO<br \/>\n<a href=\"https:\/\/festivalsvilupposostenibile.it\/2021\/cal\/879#.YVv-dThH6Uk\">Partners in conservation \u2026 of Egypt\u2019s Natural Heritage<\/a><\/li>\n<li>22\/09\/2021 AMBASCIATA D\u2019ITALIA A ABU DHABI<br \/>\n<a href=\"https:\/\/festivalsvilupposostenibile.it\/2021\/cal\/581\/towards-cop26-uae-and-youth4climate-initiative#.YVcK2DHP2Uk\">Towards COP26: UAE and Youth4Climate Initiative<\/a><\/li>\n<li>19\/10\/2021 AMBASCIATA D\u2019ITALIA A ADDIS ABEBA<br \/>\n<a href=\"https:\/\/festivalsvilupposostenibile.it\/2021\/cal\/512\/trash-la-leggenda-della-piramide-magica#.YVcLSjHP2Uk\">Trash &#8211; La leggenda della piramide magica<\/a><\/li>\n<li>18\/10\/2021 AMBASCIATA D\u2019ITALIA A BAGDAD<br \/>\n<a href=\"https:\/\/festivalsvilupposostenibile.it\/2021\/cal\/457\/dear-earth#.YVcLizHP2Uk\">Dear Earth<\/a><\/li>\n<li>12\/10\/2021 AMBASCIATA D\u2019ISREALE IN ITALIA<br \/>\n<a href=\"https:\/\/festivalsvilupposostenibile.it\/2021\/cal\/518\/la-sfida-di-roma-riprendiamoci-il-tevere#.YVcMszHP2Uk\">La sfida di Roma: riprendiamoci il Tevere!<\/a><\/li>\n<li>5\/10\/2021 AMBASCIATA D\u2019ITALIA A TUNISI<br \/>\n<a href=\"https:\/\/festivalsvilupposostenibile.it\/2021\/cal\/914\/performative-habitats-di-eagle-oddo\">Performative Habitats di Eagle Oddo<\/a><br \/>\n<a href=\"https:\/\/festivalsvilupposostenibile.it\/2021\/cal\/915\/la-tavola-verde\">La tavola verde<\/a><\/li>\n<li>10\/09\/2021 CONSOLATO GENERALE D\u2019ITALIA A LA PLATA<br \/>\nAprender a Cooperar<\/li>\n<li>22\/09\/2021 AMBASCIATA D\u2019ITALIA A BRASILIA<br \/>\n<a href=\"https:\/\/festivalsvilupposostenibile.it\/2021\/cal\/464\/italy-brazil-r2b-workshop-on-h2-and-related-technologies#.YVcN8zHP2Uk\">Italy-Brazil R2B workshop on H2 and related technologies<\/a><\/li>\n<li>1 e 7\/10\/2021 AMBASCIATA D\u2019ITALIA IN MESSICO<br \/>\n<a href=\"https:\/\/festivalsvilupposostenibile.it\/2021\/cal\/330\/il-cacao-tra-fragilita-e-resilienza-la-sostenibilita-ambientale-in-america-latina-tra-agricoltura-e-cultura#.YVcPGjHP2Uk\">Il cacao tra fragilit\u00e0 e resilienza: la sostenibilit\u00e0 ambientale in America latina, tra agricoltura e cultura.<\/a><br \/>\n<a href=\"https:\/\/festivalsvilupposostenibile.it\/2021\/cal\/326\/sul-tetto-del-mondo-la-ricerca-ad-alta-quota-monitorare-lambiente-per-promuovere-lo-sviluppo-sostenibile#.YVcOpTHP2Uk\">Sul tetto del mondo: la ricerca ad alta quota. Monitorare l&#8217;ambiente per promuovere lo sviluppo sostenibile<\/a><\/li>\n<li>20 e 21\/10\/2021 ISTITUTO ITALIANO DI CULTURA A NEW YORK<br \/>\n<a href=\"https:\/\/festivalsvilupposostenibile.it\/2021\/cal\/421\/colloquio-internazionale-sustainability-from-cost-to-profit#.YVcPtjHP2Uk\">Colloquio internazionale: &#8220;Sustainability from cost to profit&#8221;<\/a><\/li>\n<li>1\/10\/2021 CONSOLATO GENERALE ITALIANO A SAN FRANCISCO<br \/>\n<a href=\"https:\/\/festivalsvilupposostenibile.it\/2021\/cal\/884\/uk-italy-cop26-youth4climate-young-novel-solutions-to-the-climate-crisis-evento-congiunto-italo-inglese-in-presenza-quale-seguito-dellevento-cop26-di-milano#.YVcQizHP2Uk\">UK-Italy Cop26 Youth4Climate Young &amp; Novel solutions to the climate crisis &#8211; evento congiunto italo-inglese (in presenza) quale seguito dell&#8217;evento Cop26 di Milano<\/a><\/li>\n<li>5\/10\/2021 ISTITUTO ITALIANO DI CULTURA A LOS ANGELES<br \/>\n<a href=\"https:\/\/festivalsvilupposostenibile.it\/2021\/cal\/777\/the-green-obsession-from-architecture-to-urban-forestry-con-stefano-boeri#.YVcRrzHP2Uk\">The green obsession: from architecture to urban forestry con Stefano Boeri<\/a><\/li>\n<li>11\/10\/2021 AMBASCIATA D\u2019ITALIA IN SUDAN<br \/>\n<a href=\"https:\/\/festivalsvilupposostenibile.it\/2021\/cal\/666\/architettura-come-strumento-di-integrazione-e-qualita-e-confort-in-contesti-di-emergenza-architecture-as-an-instrument-of-integration-quality-and-comfort-in-emergency-context#.YVcSLzHP2Uk\">Architettura come strumento di integrazione e qualit\u00e0 e confort in contesti di emergenza &#8211; Architecture as an instrument of integration, quality and comfort in emergency context<\/a><\/li>\n<li>12\/10\/2021 AMBASCIATA D\u2019ITALIA A WASHINGTON D.C.<br \/>\n<a href=\"https:\/\/festivalsvilupposostenibile.it\/2021\/cal\/551\/driving-energy-transition-through-electric-mobility#.YVcSizHP2Uk\">Driving energy transition through electric mobility<\/a><\/li>\n<li>28 e 30\/09\/2021 AMBASCIATA D\u2019ITALIA IN AUSTRALIA<br \/>\n<a href=\"https:\/\/festivalsvilupposostenibile.it\/2021\/cal\/689\/un-albero-per-ricordare-youth4climate-2021#.YVcS9zHP2Uk\">Un albero per ricordare Youth4Climate 2021<\/a><br \/>\n<a href=\"https:\/\/festivalsvilupposostenibile.it\/2021\/cal\/810\/larnia-raddoppia#.YVcTODHP2Uk\">L&#8217;arnia raddoppia.<\/a><\/li>\n<li>21\/10\/2021 CONSOLATO D\u2019ITALIA A PERTH<br \/>\n<a href=\"https:\/\/festivalsvilupposostenibile.it\/2021\/cal\/590\/trash-awareness-and-solidarity-for-a-sustainable-future#.YVcUGTHP2Uk\">Trash: awareness and solidarity for a sustainable future<\/a><\/li>\n<li>20\/10\/2021 AMBASCIATA D\u2019ITALIA A MAPUTO, MOZAMBICO<br \/>\n<a href=\"https:\/\/festivalsvilupposostenibile.it\/2021\/cal\/760\/energie-rinnovabili-a-cabo-delgado-mozambico#.YVqtxjHP2Uk\">Energie rinnovabili a Cabo Delgado, Mozambico<\/a><\/li>\n<li>13\/10\/2021 AMBASCIATA D\u2019ITALIA IN LUSAKA \u2013 ZAMBIA E MALAWI<br \/>\n<a href=\"https:\/\/festivalsvilupposostenibile.it\/2021\/cal\/698\/zambia-e-malawi-il-ruolo-attivo-delle-ong-nella-realizzazione-dellagenda-2030#.YVquZTHP2Uk\">Zambia e Malawi, il ruolo attivo delle Ong nella realizzazione dell\u2019Agenda 2030<\/a><\/li>\n<li>15 e 21\/10\/2021 ISTITUTO ITALIANO DI CULTURA A MELBOURNE<br \/>\n<a href=\"https:\/\/festivalsvilupposostenibile.it\/2021\/cal\/911\/we-are-the-forest-la-nostra-speciale-relazione-con-gli-alberi\">We are the forest &#8211; Our special relationship with trees<\/a><br \/>\n<a href=\"https:\/\/festivalsvilupposostenibile.it\/2021\/cal\/912\/conferenza-wasteocene-storie-dal-global-dump\">Wasteocene, Storie dal Global Dump<\/a><\/li>\n<li>19\/10\/2021 AMBASCIATA D\u2019ITALIA A NAIROBI<br \/>\n<a href=\"https:\/\/festivalsvilupposostenibile.it\/2021\/cal\/824\/limpegno-italiano-in-kenya-nel-prisma-della-sostenibilita-ambientale#.YVrH0THP2Ul\">L\u2019impegno italiano in Kenya nel prisma della sostenibilit\u00e0 ambientale<\/a><\/li>\n<li>14\/10\/2021 AMBASCIATA D\u2019ITALIA AD AMMAN<br \/>\n<a href=\"https:\/\/festivalsvilupposostenibile.it\/2021\/cal\/700\/disabilita-e-inclusione-il-ruolo-della-comunita-nellempowerment-delle-persone-con-disabilita#.YVrIVDHP2Uk\">Disabilit\u00e0 e inclusione: il ruolo della comunit\u00e0 nell&#8217;empowerment delle persone con disabilit\u00e0<\/a><\/li>\n<li>29\/09\/2021 AMBASCIATA D&#8217;ITALIA A MASCATE<br \/>\n<a href=\"https:\/\/festivalsvilupposostenibile.it\/2021\/cal\/904\/webinar-green-hydrogen-and-renewable-energies-sector-in-the-sultanate-of-oman-opportunities-for-a-cooperation-with-italy#.YWVB92LP2Uk\">Webinar &#8220;Green hydrogen and renewable energies sector in the Sultanate of Oman. Opportunities for a cooperation with Italy&#8221;<\/a><\/li>\n<li>6\/10\/2021 ISTITUTO ITALIANO DI CULTURA A HONG KONG<br \/>\n<a href=\"https:\/\/festivalsvilupposostenibile.it\/2021\/cal\/725\/presentazione-del-libro-di-eliana-liotta-il-cibo-che-ci-salvera-e-dialogo-con-lautrice#.YWVDQGLP2Uk\">Presentazione del libro di Eliana Liotta &#8220;Il cibo che ci salver\u00e0&#8221; e dialogo con l&#8217;autrice<\/a><\/li>\n<\/ol>\n","protected":false},"excerpt":{"rendered":"Il Ministero degli Affari Esteri e della Cooperazione Internazionale partecipa anche quest\u2019anno al Festival dello Sviluppo Sostenibile (28 settembre \u2013 14 ottobre), attraverso il coinvolgimento della Rete diplomatico-consolare e in collaborazione con le locali Agenzie italiane per la Cooperazione allo Sviluppo. Il Festival \u00e8 la pi\u00f9 grande iniziativa italiana per sensibilizzare e mobilitare cittadini, imprese, [&hellip;]","protected":false},"author":5,"featured_media":0,"parent":31229,"menu_order":15,"comment_status":"closed","ping_status":"closed","template":"page-estera.php","meta":{"footnotes":""},"class_list":["post-61450","page","type-page","status-publish","hentry"],"_links":{"self":[{"href":"https:\/\/www.esteri.it\/it\/wp-json\/wp\/v2\/pages\/61450","targetHints":{"allow":["GET"]}}],"collection":[{"href":"https:\/\/www.esteri.it\/it\/wp-json\/wp\/v2\/pages"}],"about":[{"href":"https:\/\/www.esteri.it\/it\/wp-json\/wp\/v2\/types\/page"}],"author":[{"embeddable":true,"href":"https:\/\/www.esteri.it\/it\/wp-json\/wp\/v2\/users\/5"}],"replies":[{"embeddable":true,"href":"https:\/\/www.esteri.it\/it\/wp-json\/wp\/v2\/comments?post=61450"}],"version-history":[{"count":1,"href":"https:\/\/www.esteri.it\/it\/wp-json\/wp\/v2\/pages\/61450\/revisions"}],"predecessor-version":[{"id":61451,"href":"https:\/\/www.esteri.it\/it\/wp-json\/wp\/v2\/pages\/61450\/revisions\/61451"}],"up":[{"embeddable":true,"href":"https:\/\/www.esteri.it\/it\/wp-json\/wp\/v2\/pages\/31229"}],"wp:attachment":[{"href":"https:\/\/www.esteri.it\/it\/wp-json\/wp\/v2\/media?parent=61450"}],"curies":[{"name":"wp","href":"https:\/\/api.w.org\/{rel}","templated":true}]}}