{"id":62,"date":"2021-04-22T12:17:49","date_gmt":"2021-04-22T10:17:49","guid":{"rendered":"https:\/\/www.esteri.it\/?page_id=62"},"modified":"2022-05-24T13:34:58","modified_gmt":"2022-05-24T11:34:58","slug":"note-legali","status":"publish","type":"page","link":"https:\/\/www.esteri.it\/it\/note-legali\/","title":{"rendered":"Note legali"},"content":{"rendered":"<p><strong>Utilizzazione del sito del Ministero Affari Esteri<\/strong><br \/>\nI testi riprodotti sul sito sono offerti alla consultazione per fini esclusivamente di informazione. In caso di divergenza dai testi originali, questi ultimi fanno interamente fede e prevalgono su quelli pubblicati sul sito.<br \/>\nIl Ministero degli Affari Esteri e della Cooperazione Internazionale non assume alcuna responsabilit\u00e0 per eventuali errori od omissioni di qualsiasi tipo e per qualunque tipo di danno diretto, indiretto o accidentale derivante dalla lettura o dall\u2019impiego delle informazioni pubblicate, o di qualsiasi forma di contenuto presente nel sito o per l\u2019accesso o l\u2019uso del materiale contenuto in siti citati e\/o collegati.<br \/>\nIl Ministero degli Affari Esteri e della Cooperazione Internazionale si riserva il diritto di modificare i contenuti del sito e delle note legali in qualsiasi momento e senza alcun preavviso<\/p>\n<p><strong>Copyright<\/strong><br \/>\nI contenuti del sito \u2013 codice di script, grafica, testi, tabelle, immagini, suoni, e ogni altra informazione disponibile in qualunque forma \u2013 sono protetti ai sensi della normativa in tema di opere dell\u2019ingegno. Ogni prodotto o societ\u00e0 menzionati in questo sito sono marchi dei rispettivi proprietari o titolari e possono essere protetti da brevetti e\/o copyright concessi o registrati dalle autorit\u00e0 preposte.<br \/>\nQualsiasi forma di link al presente Sito, se inserita da soggetti terzi, non deve recare danno all&#8217;immagine ed alle attivit\u00e0 del Ministero degli Affari Esteri e della Cooperazione Internazionale.<br \/>\nE&#8217; vietato il cd. \u201cdeep linking\u201d ossia l&#8217;utilizzo non trasparente, su siti di soggetti terzi, di parti del sito.<br \/>\nEventuali violazioni saranno perseguite nelle competenti sedi giudiziarie.<\/p>\n<p><strong>Accesso ai siti collegati<br \/>\n<\/strong>Il Ministero degli Affari Esteri e della Cooperazione Internazionale non ha alcuna responsabilit\u00e0 per quanto riguarda i siti esterni, ai quali \u00e8 possibile accedere tramite collegamenti posti all&#8217;interno del suo sito, forniti come semplice servizio agli utenti della rete e senza che ci\u00f2 implichi l&#8217;approvazione dei siti stessi.<\/p>\n<p><strong>Privacy<br \/>\n<\/strong>I dati che pervengano al sito del Ministero, spontaneamente dagli utenti di esso o perch\u00e9 richiesti nel corso dei collegamenti, saranno sottoposti al trattamento previsto dalla normativa sulla privacy. I dati personali sono trattati solo per il tempo necessario a conseguire gli scopi per cui sono stati raccolti.<br \/>\nGli utenti che abbiano fornito i propri dati al sito del Ministero avranno il diritto in ogni momento di controllare l&#8217;esattezza di essi ed eventualmente ritirare la disponibilit\u00e0 a che vengano usati dallo stesso Ministero.<\/p>\n<p><strong>Social media<br \/>\n<\/strong>Il MAECI utilizza i social media per finalit\u00e0 istituzionali, per accrescere la trasparenza e la conoscenza delle proprie attivit\u00e0: informa, comunica, ascolta e pubblica contenuti di carattere istituzionale.<\/p>\n<p>I contenuti pubblicati comprendono fotografie, video istituzionali, comunicati stampa, informazioni di servizio, notizie relative all\u2019attivit\u00e0 del MAECI nonch\u00e9 opportunit\u00e0 di coinvolgimento e partecipazione dei cittadini.<\/p>\n<p>Attraverso i propri canali social, il MAECI pu\u00f2 condividere e rilanciare contenuti e messaggi di pubblico interesse e utilit\u00e0 pubblicate da altri utenti.<\/p>\n<p>Il MAECI si impegna a gestire spazi di comunicazione e dialogo all\u2019interno dei propri profili social media chiedendo ai propri utenti il rispetto di alcune semplici regole:<\/p>\n<ol>\n<li>A tutti si chiede di esporre la propria opinione con correttezza, misura e rispetto.<\/li>\n<li>Nei social media ognuno \u00e8 responsabile dei contenuti che pubblica e delle opinioni che esprime. Non saranno comunque tollerati insulti, volgarit\u00e0, offese, minacce e, in generale, atteggiamenti violenti o diffamatori.<\/li>\n<li>I contenuti pubblicati devono rispettare sempre la privacy delle persone. Vanno evitati riferimenti a fatti o a dettagli privi di rilevanza pubblica e che ledano la sfera personale di terzi.<\/li>\n<li>L\u2019interesse degli argomenti rispetto alle attivit\u00e0 del MAECI \u00e8 un requisito essenziale: non \u00e8 possibile in alcun modo utilizzare questi spazi per scopi diversi da quelli istituzionali.<\/li>\n<li>Ogni discussione \u00e8 legata a un tema specifico: a tutti i partecipanti \u00e8 richiesto di rispettarlo, evitando di allargare il confronto in modo generico e indiscriminato.<\/li>\n<li>Non sar\u00e0 tollerata alcuna forma di pubblicit\u00e0, spam o promozione di interessi privati o di attivit\u00e0 illegali.<\/li>\n<li>Non sono ammessi contenuti che violino il diritto d\u2019autore n\u00e9 l\u2019utilizzo non autorizzato di marchi registrati.<\/li>\n<\/ol>\n<p>In ogni caso, ove il social media lo permetta, saranno rimossi dallo staff tutti i post, i commenti o i materiali audio\/video che:<\/p>\n<ul>\n<li>presentano un linguaggio inappropriato e\/o un tono minaccioso, violento, volgare o irrispettoso;<\/li>\n<li>presentano contenuti illeciti o di incitamento a compiere attivit\u00e0 illecite;<\/li>\n<li>hanno contenuti offensivi, ingannevoli, allarmistici, o in violazione di diritti di terzi;<\/li>\n<li>divulgano dati e informazioni personali o che possono cagionare danni o ledere la reputazione di terzi;<\/li>\n<li>presentano contenuti a contenuto osceno, pornografico o pedopornografico, o tale da offendere la sensibilit\u00e0 degli utenti;<\/li>\n<li>hanno un contenuto discriminatorio per genere, razza, etnia, lingua, credo religioso, opinioni politiche, orientamento sessuale, et\u00e0, condizioni personali e sociali;<\/li>\n<li>promuovono o sostengono attivit\u00e0 illegali, che violano il copyright o che utilizzano in modo\u00a0 improprio un marchio registrato.<\/li>\n<\/ul>\n<p>Per chi dovesse violare ripetutamente queste condizioni o quelle contenute nelle policy degli strumenti adottati, il MAECI si riserva il diritto di usare il ban o il blocco (quando possibile dopo un primo avvertimento) per impedire ulteriori interventi, e di segnalare l\u2019utente ai responsabili della piattaforma ed eventualmente alle forze dell\u2019ordine<\/p>\n<p>Eventuali altri account riferiti al MAECI non sono da questo gestiti.<\/p>\n<p>I canali social media del MAECI non sostituiscono i canali di accesso del pubblico ai servizi di informazione e assistenza resi dall\u2019Amministrazione, in particolare dall\u2019<a href=\"https:\/\/www.esteri.it\/it\/Sportello_Info\/\">Ufficio Relazioni con il Pubblico<\/a>, dalla Sala Operativa dell\u2019<a href=\"https:\/\/www.esteri.it\/it\/unita_crisi\/\">Unit\u00e0 di Crisi<\/a>.<\/p>\n","protected":false},"excerpt":{"rendered":"Utilizzazione del sito del Ministero Affari Esteri I testi riprodotti sul sito sono offerti alla consultazione per fini esclusivamente di informazione. In caso di divergenza dai testi originali, questi ultimi fanno interamente fede e prevalgono su quelli pubblicati sul sito. Il Ministero degli Affari Esteri e della Cooperazione Internazionale non assume alcuna responsabilit\u00e0 per eventuali [&hellip;]","protected":false},"author":1,"featured_media":0,"parent":0,"menu_order":0,"comment_status":"closed","ping_status":"closed","template":"","meta":{"footnotes":""},"class_list":["post-62","page","type-page","status-publish","hentry"],"_links":{"self":[{"href":"https:\/\/www.esteri.it\/it\/wp-json\/wp\/v2\/pages\/62","targetHints":{"allow":["GET"]}}],"collection":[{"href":"https:\/\/www.esteri.it\/it\/wp-json\/wp\/v2\/pages"}],"about":[{"href":"https:\/\/www.esteri.it\/it\/wp-json\/wp\/v2\/types\/page"}],"author":[{"embeddable":true,"href":"https:\/\/www.esteri.it\/it\/wp-json\/wp\/v2\/users\/1"}],"replies":[{"embeddable":true,"href":"https:\/\/www.esteri.it\/it\/wp-json\/wp\/v2\/comments?post=62"}],"version-history":[{"count":1,"href":"https:\/\/www.esteri.it\/it\/wp-json\/wp\/v2\/pages\/62\/revisions"}],"predecessor-version":[{"id":79133,"href":"https:\/\/www.esteri.it\/it\/wp-json\/wp\/v2\/pages\/62\/revisions\/79133"}],"wp:attachment":[{"href":"https:\/\/www.esteri.it\/it\/wp-json\/wp\/v2\/media?parent=62"}],"curies":[{"name":"wp","href":"https:\/\/api.w.org\/{rel}","templated":true}]}}