{"id":62341,"date":"2021-11-05T15:46:31","date_gmt":"2021-11-05T14:46:31","guid":{"rendered":"https:\/\/www.esteri.it\/?page_id=62341"},"modified":"2025-11-11T16:47:27","modified_gmt":"2025-11-11T15:47:27","slug":"circolo-di-studi-diplomatici-archivio_0","status":"publish","type":"page","link":"https:\/\/www.esteri.it\/it\/ministero\/statistica\/sindacati-e-associazioni\/circolo-di-studi-diplomatici-archivio_0\/","title":{"rendered":"Circolo di Studi Diplomatici &#8211; Pubblicazioni 2014"},"content":{"rendered":"<p><strong>Lettere Diplomatiche<\/strong><\/p>\n<p>&nbsp;<\/p>\n<table id=\"Table1\" class=\"tblComLegali\">\n<tbody>\n<tr>\n<td>20\/12\/2014<\/td>\n<td>1106<\/td>\n<td>2014<\/td>\n<td>L&#8217;annuncio dato contestualmente dal Presidente degli Stati Uniti, Obama, e dal leader cubano, Ra\u00f9l Castro<\/td>\n<td>La svolta tra Stati Uniti e Cuba<\/td>\n<td colspan=\"2\">Adriano Benedetti<\/td>\n<\/tr>\n<tr>\n<td>15\/12\/2014<\/td>\n<td>1105<\/td>\n<td>2014<\/td>\n<td>A tre anni dall&#8217;intervento della Coalizione Internazionale che, per iniziativa francese, ha messo fine al regime di Gheddafi, la Libia sta scivolando verso il caos e la guerra civile<\/td>\n<td>LA LIBIA OGGI<\/td>\n<td colspan=\"2\">Stefano Ronca<\/td>\n<\/tr>\n<tr>\n<td>28\/10\/2014<\/td>\n<td>1103<\/td>\n<td>2014<\/td>\n<td>La nuova Commissione Europea<\/td>\n<td>La nuova Commissione Europea<\/td>\n<td colspan=\"2\">Amb. G. Verderame<\/td>\n<\/tr>\n<tr>\n<td>18\/10\/2014<\/td>\n<td>1102<\/td>\n<td>2014<\/td>\n<td>Poco pi\u00f9 di quattro mesi (e mezzo) sono trascorsi dall&#8217;assunzione da parte di Narendra Modi dei poteri di Primo Ministro<\/td>\n<td>INDIA: I PRIMI QUATTRO MESI (E MEZZO) DEL GOVERNO MODI<\/td>\n<td colspan=\"2\">Giacomo Sanfelice di Monteforte<\/td>\n<\/tr>\n<tr>\n<td>19\/09\/2014<\/td>\n<td>1101<\/td>\n<td>2014<\/td>\n<td>Il nuovo conflitto di Gaza induce a porre la questione israelo-palestinese, e soprattutto il futuro dello Stato di Israele<\/td>\n<td>Gaza e la questione israelo-palestinese<\/td>\n<td colspan=\"2\">Amb. Adriano Benedetti<\/td>\n<\/tr>\n<tr>\n<td>18\/09\/2014<\/td>\n<td>1100<\/td>\n<td>2014<\/td>\n<td>Esiste una teoria secondo cui il collasso dell&#8217;Impero romano non fu causato solo da difficolt\u00e0 di &#8220;governance&#8221; interna<\/td>\n<td>Migrazioni e sicurezza nel quadro europeo<\/td>\n<td colspan=\"2\">Amb. Laura Mirachian<\/td>\n<\/tr>\n<tr>\n<td>15\/09\/2014<\/td>\n<td>1099<\/td>\n<td>2014<\/td>\n<td>Le norme che regolano l&#8217;entrata in vigore di un accordo raggiunto a conclusione di un negoziato fra i 159 paesi membri del WTO<\/td>\n<td>La crisi del sistema multilaterale degli scambi commerciali di beni e servizi<\/td>\n<td colspan=\"2\">Amb. Giuseppe Jacoangeli<\/td>\n<\/tr>\n<tr>\n<td>07\/07\/2014<\/td>\n<td>1098<\/td>\n<td>2014<\/td>\n<td>Conclusioni del Consiglio Europeo del 26\/27 giugno 2014<\/td>\n<td>Il Consiglio Europeo del 26\/27 giugno 2014 sar\u00e0 ricordato per una serie di pronunce \u2026<\/td>\n<td colspan=\"2\">Amb. Adriano Benedetti, Amb. Gianfranco Verderame, Amb. Roberto Nigido<\/td>\n<\/tr>\n<tr>\n<td>19\/06\/2014<\/td>\n<td>1097<\/td>\n<td>2014<\/td>\n<td>Iraq e dintorni. Le nuove prospettive dopo l&#8217;offensiva jihadista e le difficolt\u00e0 di una grande intesa per la stabilizzazione<\/td>\n<td>Tra il maggio e il luglio del 2008 iraniani e americani ebbero \u2026<\/td>\n<td colspan=\"2\">Amb. Maurizio Melani<\/td>\n<\/tr>\n<tr>\n<td>09\/06\/2014<\/td>\n<td>1096<\/td>\n<td>2014<\/td>\n<td>La posta in gioco nella scelta del nuovo Presidente della Commissione<\/td>\n<td>Le elezioni per il rinnovo del Parlamento europeo hanno confermato \u2026<\/td>\n<td colspan=\"2\">Amb. Gianfranco Verderame<\/td>\n<\/tr>\n<tr>\n<td>06\/06\/2014<\/td>\n<td>1095<\/td>\n<td>2014<\/td>\n<td>Le elezioni parlamentari in India<\/td>\n<td>Le elezioni politiche in India rappresentano, di per s\u00e9, un evento memorabile \u2026<\/td>\n<td colspan=\"2\">Amb. Giacomo Sanfelice di Monteforte<\/td>\n<\/tr>\n<tr>\n<td>28\/04\/2014<\/td>\n<td>1094<\/td>\n<td>2014<\/td>\n<td>L&#8217;Algeria ed il quarto mandato di Bouteflika<\/td>\n<td>Lo scorso 17 aprile Abdelaziz Bouteflika \u00e8 stato rieletto Presidente dell&#8217;Algeria. Quando, ad ottantadue anni \u2026<\/td>\n<td colspan=\"2\">Amb. Giovanbattista Verderame<\/td>\n<\/tr>\n<tr>\n<td>06\/04\/2014<\/td>\n<td>1093<\/td>\n<td>2014<\/td>\n<td>La Crimea e l&#8217;ordine internazionale<\/td>\n<td>Quando si cominci\u00f2 ad ironizzare giustamente sulla ottimistica superficialit\u00e0 della &#8220;fine della storia&#8221;\u2026<\/td>\n<td colspan=\"2\">Amb. Adriano Benedetti<\/td>\n<\/tr>\n<tr>\n<td>18\/03\/2014<\/td>\n<td>1092<\/td>\n<td>2014<\/td>\n<td>L&#8217;Europa e il futuro dei giovani<\/td>\n<td>Chi scrive ha partecipato recentemente a un seminario dedicato a &#8220;L&#8217;Europa e i giovani&#8221;\u2026<\/td>\n<td colspan=\"2\">Amb. Roberto Nigido<\/td>\n<\/tr>\n<tr>\n<td>18\/03\/2014<\/td>\n<td>1091<\/td>\n<td>2014<\/td>\n<td>Le ombre dell&#8217;Ucraina sul Medio Oriente ed oltre<\/td>\n<td>Dopo battute d&#8217;arresto, dichiarazioni di fallimento e lavoro dietro le quinte, i negoziati avviati in Medio Oriente nei mesi scorsi\u2026<\/td>\n<td colspan=\"2\">Amb. Maurizio Melani<\/td>\n<\/tr>\n<tr>\n<td>03\/03\/2014<\/td>\n<td>1090<\/td>\n<td>2014<\/td>\n<td>Gli ultimi sviluppi del caso dei mar\u00f2 dopo la rinuncia del Governo indiano ad invocare la Convenzione &#8220;SUA&#8221;<\/td>\n<td>Se torniamo sulla questione dei due fucilieri di marina accusati di aver provocato la morte di due pescatori indiani\u2026<\/td>\n<td colspan=\"2\">Amb. Gianfranco Verderame<\/td>\n<\/tr>\n<tr>\n<td>24\/02\/2014<\/td>\n<td>1089<\/td>\n<td>2014<\/td>\n<td>Israele e la sicurezza<\/td>\n<td>Non c&#8217;\u00e8 nazione al mondo che, come il popolo ebraico installato in Israele, soffra di una incertezza esistenziale che getta ombre di precariet\u00e0 sul proprio futuro\u2026<\/td>\n<td colspan=\"2\">Amb. Adriano Benedetti<\/td>\n<\/tr>\n<tr>\n<td>15\/02\/2014<\/td>\n<td>1088<\/td>\n<td>2014<\/td>\n<td>Luci e ombre nei paesi della riva sud del Mediterraneo<\/td>\n<td>A tre anni dalle rivoluzioni che hanno provocato la caduta di Ben Ali in Tunisia e di Moubarak in Egitto e che, come un movimento tellurico, hanno mutato il quadro politico medio-orientale\u2026<\/td>\n<td colspan=\"2\">Amb. Mario E. Maiolini<\/td>\n<\/tr>\n<tr>\n<td>29\/01\/2014<\/td>\n<td>1087<\/td>\n<td>2014<\/td>\n<td>La sfortuna di chiamarsi Ucraina, terra di frontiera:un Paese da sempre in bilico fra Est ed Ovest<\/td>\n<td>Pi\u00f9 di due mesi sono trascorsi dall&#8217;inizio delle manifestazioni di protesta in Ucraina. Malgrado i rigori dell&#8217;inverno ucraino, con temperature che sono arrivate fino a 20 gradi sotto zero, i manifestanti continuano a presidiare il Maidan..<\/td>\n<td>Amb. Fabio Fabbri<\/td>\n<td>CSD<\/td>\n<\/tr>\n<tr>\n<td>29\/01\/2014<\/td>\n<td>1086<\/td>\n<td>2014<\/td>\n<td>Riflessioni su nuove governance mondiali nell&#8217;era della globalizzazione<\/td>\n<td>Il mondo in cui viviamo \u00e8 diventato e sta diventando a causa della globalizzazione sempre pi\u00f9 interdipendente e interagente. La conseguenza dei mutamenti in corso \u00e8 che, a lungo termine, la concentrazione di un potere globale nelle mani di un solo&#8230;<\/td>\n<td colspan=\"2\">Amb. Luigi Guidobono Cavalchini<\/td>\n<\/tr>\n<tr>\n<td>27\/01\/2014<\/td>\n<td>1085<\/td>\n<td>2014<\/td>\n<td>In Medio Oriente negoziati difficili ma indispensabili<\/td>\n<td>Mentre si attendono gli sviluppi dell&#8217;intesa transitoria sul nucleare iraniano e si assiste al difficile e fragile avvio della conferenza sulla Siria,la situazione complessiva nel Medio Oriente \u00e8 caratterizzata da un clima&#8230;<\/td>\n<td colspan=\"2\">Amb. Maurizio Melan<\/td>\n<\/tr>\n<tr>\n<td>21\/01\/2014<\/td>\n<td>1084<\/td>\n<td>2014<\/td>\n<td>Lo scenario internazionale nel 2014<\/td>\n<td>Lo scenario internazionale \u00e8 profondamente cambiato dopo la fine della Guerra Fredda: nel 1989 \u00e8 crollato il muro di Berlino, nel 1991 l&#8217;implosione dell&#8217;Unione Sovietica ha messo fine al sistema bipolare americano-sovietico&#8230;.<\/td>\n<td colspan=\"2\">Amb. Ferdinando Salleo<\/td>\n<\/tr>\n<tr>\n<td>15\/01\/2014<\/td>\n<td>1083<\/td>\n<td>2014<\/td>\n<td>Il Libro delle Anime<\/td>\n<td>Il Santuario di Yasukuni fu costruito nel 1869, per volere dell&#8217;imperatore Mutsuhito, al termine della guerra civile che si era conclusa con la fine dello shogunato, con la restaurazione delle prerogative monarchiche e con l&#8217;inizio dell&#8217;era Me\u00ecji..<\/td>\n<td colspan=\"2\">Amb. Giuseppe Jacoangeli<\/td>\n<\/tr>\n<tr>\n<td>07\/01\/2014<\/td>\n<td>1082<\/td>\n<td>2014<\/td>\n<td>L&#8217;Unione Bancaria e la Governance dell&#8217;Unione Economica e Monetaria<\/td>\n<td>1) L&#8217;approvazione nella notte del 19 dicembre da parte del Consiglio Europeo del Meccanismo Unico di Risoluzione delle crisi bancarie nell&#8217;eurozona ha segnato, pur nell&#8217;attesa della valutazione che ne dar\u00e0 il Parlamento Europeo&#8230;.<\/td>\n<td colspan=\"2\">Amb. Gianfranco Verderame<\/td>\n<\/tr>\n<\/tbody>\n<\/table>\n","protected":false},"excerpt":{"rendered":"Lettere Diplomatiche &nbsp; 20\/12\/2014 1106 2014 L&#8217;annuncio dato contestualmente dal Presidente degli Stati Uniti, Obama, e dal leader cubano, Ra\u00f9l Castro La svolta tra Stati Uniti e Cuba Adriano Benedetti 15\/12\/2014 1105 2014 A tre anni dall&#8217;intervento della Coalizione Internazionale che, per iniziativa francese, ha messo fine al regime di Gheddafi, la Libia sta scivolando [&hellip;]","protected":false},"author":4,"featured_media":0,"parent":28996,"menu_order":8,"comment_status":"closed","ping_status":"closed","template":"","meta":{"footnotes":""},"class_list":["post-62341","page","type-page","status-publish","hentry"],"_links":{"self":[{"href":"https:\/\/www.esteri.it\/it\/wp-json\/wp\/v2\/pages\/62341","targetHints":{"allow":["GET"]}}],"collection":[{"href":"https:\/\/www.esteri.it\/it\/wp-json\/wp\/v2\/pages"}],"about":[{"href":"https:\/\/www.esteri.it\/it\/wp-json\/wp\/v2\/types\/page"}],"author":[{"embeddable":true,"href":"https:\/\/www.esteri.it\/it\/wp-json\/wp\/v2\/users\/4"}],"replies":[{"embeddable":true,"href":"https:\/\/www.esteri.it\/it\/wp-json\/wp\/v2\/comments?post=62341"}],"version-history":[{"count":1,"href":"https:\/\/www.esteri.it\/it\/wp-json\/wp\/v2\/pages\/62341\/revisions"}],"predecessor-version":[{"id":62350,"href":"https:\/\/www.esteri.it\/it\/wp-json\/wp\/v2\/pages\/62341\/revisions\/62350"}],"up":[{"embeddable":true,"href":"https:\/\/www.esteri.it\/it\/wp-json\/wp\/v2\/pages\/28996"}],"wp:attachment":[{"href":"https:\/\/www.esteri.it\/it\/wp-json\/wp\/v2\/media?parent=62341"}],"curies":[{"name":"wp","href":"https:\/\/api.w.org\/{rel}","templated":true}]}}