{"id":63387,"date":"2021-11-11T12:02:08","date_gmt":"2021-11-11T11:02:08","guid":{"rendered":"https:\/\/www.esteri.it\/?page_id=63387"},"modified":"2026-03-18T12:32:16","modified_gmt":"2026-03-18T11:32:16","slug":"uasc-ufficio-accettazione-spedizione-corrispondenza","status":"publish","type":"page","link":"https:\/\/www.esteri.it\/it\/politica-estera-e-cooperazione-allo-sviluppo\/politica_europea\/politica-commerciale-internazionale\/import-export\/uasc-ufficio-accettazione-spedizione-corrispondenza\/","title":{"rendered":"UASC &#8211; Ufficio Accettazione Spedizione Corrispondenza"},"content":{"rendered":"<p><em>L<\/em><em>\u2019UASC (Ufficio Accettazione Spedizione Corrispondenza) \u00e8 un ufficio aperto al pubblico nei seguenti giorni: luned\u00ec, marted\u00ec, gioved\u00ec, venerd\u00ec dalle 11 alle 13.30 e dalle 15 alle 16 del marted\u00ec e gioved\u00ec (per i soli mesi di luglio e di agosto, l\u2019ufficio osserva l\u2019orario estivo continuato 11-14 dal luned\u00ec al venerd\u00ec).<\/em><\/p>\n<p>Presso questo ufficio possono essere presentate le istanze e la documentazione relativa ai settori agroalimentare, cites (DGUE Ufficio XI) e dual use (UAMA &#8211; Ufficio materiali a duplice uso).<\/p>\n<p>L\u2019UASC provvede inoltre\u00a0alla consegna dei provvedimenti autorizzatori o di altri atti adottati dalla Amministrazione ai legali rappresentanti delle ditte ovvero a soggetti dalle stesse formalmente incaricati attraverso una delega.<\/p>\n<p>Tale delega, presentata in originale e corredata da fotocopia non autenticata di un documento di identit\u00e0 con firma del sottoscrittore, dovr\u00e0 essere depositata una sola volta, antecedentemente la prima richiesta.<\/p>\n<p>&nbsp;<\/p>\n<p>PER INFORMAZIONI:<\/p>\n<p><span style=\"font-size: 12.16px;\">\u00a0<\/span><\/p>\n<p><em>TEL. UFFICIO:<\/em><\/p>\n<p><em>06 36912046<\/em><\/p>\n<p><em>FAX DELL\u2019UFFICIO:<\/em><\/p>\n<p><em>06 36912062<\/em><\/p>\n<p>MAIL DELL\u2019UFFICIO:<\/p>\n<p><a href=\"mailto:uasc@esteri.it\">uasc@esteri.it<\/a><\/p>\n<p>&nbsp;<\/p>\n<p>&nbsp;<\/p>\n<p>&nbsp;<\/p>\n","protected":false},"excerpt":{"rendered":"L\u2019UASC (Ufficio Accettazione Spedizione Corrispondenza) \u00e8 un ufficio aperto al pubblico nei seguenti giorni: luned\u00ec, marted\u00ec, gioved\u00ec, venerd\u00ec dalle 11 alle 13.30 e dalle 15 alle 16 del marted\u00ec e gioved\u00ec (per i soli mesi di luglio e di agosto, l\u2019ufficio osserva l\u2019orario estivo continuato 11-14 dal luned\u00ec al venerd\u00ec). Presso questo ufficio possono essere [&hellip;]","protected":false},"author":4,"featured_media":0,"parent":30400,"menu_order":0,"comment_status":"closed","ping_status":"closed","template":"page-estera.php","meta":{"footnotes":""},"class_list":["post-63387","page","type-page","status-publish","hentry"],"_links":{"self":[{"href":"https:\/\/www.esteri.it\/it\/wp-json\/wp\/v2\/pages\/63387","targetHints":{"allow":["GET"]}}],"collection":[{"href":"https:\/\/www.esteri.it\/it\/wp-json\/wp\/v2\/pages"}],"about":[{"href":"https:\/\/www.esteri.it\/it\/wp-json\/wp\/v2\/types\/page"}],"author":[{"embeddable":true,"href":"https:\/\/www.esteri.it\/it\/wp-json\/wp\/v2\/users\/4"}],"replies":[{"embeddable":true,"href":"https:\/\/www.esteri.it\/it\/wp-json\/wp\/v2\/comments?post=63387"}],"version-history":[{"count":4,"href":"https:\/\/www.esteri.it\/it\/wp-json\/wp\/v2\/pages\/63387\/revisions"}],"predecessor-version":[{"id":180489,"href":"https:\/\/www.esteri.it\/it\/wp-json\/wp\/v2\/pages\/63387\/revisions\/180489"}],"up":[{"embeddable":true,"href":"https:\/\/www.esteri.it\/it\/wp-json\/wp\/v2\/pages\/30400"}],"wp:attachment":[{"href":"https:\/\/www.esteri.it\/it\/wp-json\/wp\/v2\/media?parent=63387"}],"curies":[{"name":"wp","href":"https:\/\/api.w.org\/{rel}","templated":true}]}}