{"id":63519,"date":"2021-11-11T16:35:03","date_gmt":"2021-11-11T15:35:03","guid":{"rendered":"https:\/\/www.esteri.it\/?page_id=63519"},"modified":"2022-09-15T11:26:34","modified_gmt":"2022-09-15T09:26:34","slug":"settore-riso-importazioni-nellambito-di-contingenti-tariffari","status":"publish","type":"page","link":"https:\/\/www.esteri.it\/it\/politica-estera-e-cooperazione-allo-sviluppo\/politica_europea\/politica-commerciale-internazionale\/import-export\/agroalimentare\/settore-riso-importazioni-nellambito-di-contingenti-tariffari\/","title":{"rendered":"Settore riso &#8211; Importazioni nell\u2019ambito di contingenti tariffari"},"content":{"rendered":"<p><span style=\"text-decoration: underline;\"><strong>Regolamenti di base <\/strong><\/span><\/p>\n<p><a href=\"https:\/\/eur-lex.europa.eu\/legal-content\/IT\/TXT\/PDF\/?uri=CELEX:32013R1306&amp;from=LV\"><strong>Reg. (UE) 1306\/2013 <\/strong><\/a>del Parlamento europeo e del Consiglio del 17.12.2013 sul finanziamento, sulla gestione e sul monitoraggio della politica agricola comune;<\/p>\n<p><a href=\"https:\/\/eur-lex.europa.eu\/LexUriServ\/LexUriServ.do?uri=OJ:L:2013:347:0671:0854:IT:PDF\"><strong>Reg. (UE) 1308\/2013 <\/strong><\/a>del Parlamento europeo e del Consiglio sull\u2019organizzazione comune dei mercati dei prodotti agricoli;<\/p>\n<p><a href=\"https:\/\/eur-lex.europa.eu\/legal-content\/it\/TXT\/?uri=CELEX:32016R1237\"><strong>Regolamento Delegato (UE) 2016\/1237<\/strong><\/a> della Commissione del 18.05.2016 che integra il Regolamento (UE) n.1308\/2013 in materia di modalit\u00e0 di applicazione del regime di titoli di importazione e di esportazione;<\/p>\n<p><a href=\"https:\/\/eur-lex.europa.eu\/legal-content\/IT\/TXT\/PDF\/?uri=CELEX:32016R1239&amp;from=NL\"><strong>Regolamento di esecuzione (UE) 2016\/1239<\/strong><\/a> della Commissione del 18.05.2016 recante modalit\u00e0 di applicazione del regolamento (UE) n.1308\/2013 in materia di regime di titoli di importazione e di esportazione.<\/p>\n<p><span style=\"text-decoration: underline;\"><strong>Regolamenti applicativi<\/strong><\/span><\/p>\n<p><a href=\"https:\/\/eur-lex.europa.eu\/legal-content\/IT\/TXT\/?uri=CELEX%3A32020R0760\"><strong>Regolamento delegato (UE) 2020\/760 <\/strong><\/a>della Commissione del 17.12.2019 che integra il regolamento (UE) n.1308\/2013 e n.1306\/2013;<\/p>\n<p><a href=\"https:\/\/eur-lex.europa.eu\/legal-content\/IT\/TXT\/?uri=CELEX%3A32020R0761\"><strong>Regolamento di esecuzione (UE) 2020\/761 <\/strong><\/a>della Commissione del 17 dicembre 2019, in materia di gestione dei contingenti tariffari con titoli (in particolare, Capo 2, artt. 27, artt. 28 e 29, allegato III, contingenti tariffari nel settore riso);<\/p>\n<p><a href=\"https:\/\/eur-lex.europa.eu\/legal-content\/IT\/TXT\/?uri=CELEX%3A32020R0991\"><strong>Regolamento di esecuzione (UE) 2020\/991 <\/strong><\/a>della Commissione del 13 maggio 2020 recante apertura e modalit\u00e0 di gestione di contingenti tariffari per l\u2019importazione di riso originario della Repubblica socialista del Vietnam, abrogato dall\u2019art. 3 del Regolamento UE 2021\/760 del 7 maggio 2021, a decorrere dal 1 gennaio 2022;<\/p>\n<p><a href=\"https:\/\/eur-lex.europa.eu\/legal-content\/IT\/TXT\/?uri=CELEX:32021R0760\"><strong>Regolamento di esecuzione (UE) 2021\/760 <\/strong><\/a>della Commissione del 7 maggio 2021 che modifica i Regolamenti di esecuzione (UE) 2020\/761 e 2020\/1988 e che abroga il regolamento di esecuzione (UE) 2020\/991;<\/p>\n<p>Le domande dei titoli di importazione devono essere presentate entro i primi sette giorni di calendario di ogni mese, ad eccezione del mese di dicembre in cui non \u00e8 possibile presentare domande (art. 6 del Regolamento UE 2020\/761 ed art. 2, comma 1 del Regolamento UE 2020\/991).<\/p>\n<p>Le domande di titoli di importazione validi a decorrere dal 1 gennaio, sono presentate dal 23 al 30 novembre dell\u2019anno precedente (art.6, secondo comma, del Regolamento UE 2020\/761).<\/p>\n<p>La domanda per la richiesta dei titoli non pu\u00f2 essere accolta se presentata dopo le ore 13 (ora di Bruxelles) del settimo giorno di calendario (in applicazione del Regolamento UE 2016\/1239).<\/p>\n<p>L\u2019art 3, primo comma del Regolamento UE 2016\/1239, dispone, infatti, che una domanda ricevuta in un giorno lavorativo dopo le ore 13 (ora di Bruxelles), si considera presentata il primo giorno lavorativo successivo al giorno in cui \u00e8 stata effettivamente ricevuta.<\/p>\n<p>Unitamente alla richiesta del titolo, che dovr\u00e0 riportare il numero d\u2019ordine del contingente che si intende richiedere, l\u2019operatore dovr\u00e0 presentare, insieme alla prima domanda del titolo, nell\u2019ambito di ciascun periodo contingentale, la prova dello svolgimento di un\u2019attivit\u00e0 commerciale nel settore risiero (bollette doganali) con Paesi terzi (art.3 Regolamento UE 2020\/760), in ciascuno dei due periodi consecutivi di 12 mesi, che terminano due mesi prima di poter presentare la prima domanda per il periodo contingentale (art.8, primo comma, secondo capoverso del Regolamento Ue 2020\/760).<\/p>\n<p>La suddetta prova non \u00e8 richiesta per il numero d\u2019ordine 09.4148 (riso semigreggio) e 09.4150 (rotture di riso), in base a quanto previsto dall\u2019allegato III del Regolamento UE 2020\/761.<\/p>\n<p>Per i requisiti specifici relativi a ciascun numero d\u2019ordine si rinvia all\u2019allegato III del Regolamento UE 2020\/761 ed alle successive modifiche apportate dal Regolamento UE 2021\/760 del 7 maggio 2021.<\/p>\n<p>Le domande di titoli di importazione presentate per riso e rotture di riso nell\u2019ambito dei contingenti tariffari 09.4127, 09.4128, 09.4129 e 09.4149, devono essere accompagnate, ai sensi dell\u2019art.28 del Regolamento UE 2020\/761, da un certificato di esportazione in originale, il cui modello figura nell\u2019allegato XIV. 2 del Regolamento.<\/p>\n<p>Il suddetto documento in originale, rilasciato dall\u2019autorit\u00e0 competente dei paesi terzi ivi indicata, deve essere inoltrato al Ministero degli Affari Esteri e della Cooperazione Internazionale \u2013 Direzione Generale Unione Europea &#8211; Ufficio XI \u2013 Viale Boston, 25-00144 Roma.<\/p>\n<p>Le richieste dei titoli cartacei, redatte secondo gli appositi formulari previsti dall\u2019All. I del Regolamento UE 2016\/1239, devono indicare, in particolare, il codice EORI della ditta o del richiedente e dovranno essere indirizzate al Ministero degli Affari Esteri e della Cooperazione Internazionale, all\u2019 indirizzo suindicato.<\/p>\n<p>Le suddette richieste cartacee possono essere inviate anche via email alla casella di posta elettronica del personale dedicato.<\/p>\n<p>In base all\u2019art. 2 del Regolamento 2016\/1239, i titoli vengono richiesti e rilasciati attraverso un\u2019applicazione informatica. Solo nel caso in cui detta applicazione non sia disponibile od operativa, e quale soluzione di riserva in caso di malfunzionamento delle applicazioni informatiche, i titoli possono essere richiesti e rilasciati in formato cartaceo.<\/p>\n<p>Esclusivamente per le operazioni da svolgersi presso una dogana estera, il titolo deve essere rilasciato in formato cartaceo.<\/p>\n<p>Le richieste di titoli elettronici saranno inoltrate mediante l\u2019applicazione SIIE all\u2019indirizzo: <a href=\"http:\/\/siie.sviluppoeconomico.gov.it.\">http:\/\/siie.sviluppoeconomico.gov.it.<\/a><\/p>\n<p>Per qualsiasi informazione e chiarimento relativo ai titoli elettronici, si pu\u00f2 scrivere alla casella elettronica dedicata: assistenza.<a href=\"mailto:siie@mise.gov.it\">siie@mise.gov.it<\/a>.<\/p>\n<p>Per quanto riguarda le domande di titoli di importazione di riso originario dal Vietnam, i richiedenti devono produrre, per il riso appartenente ad una delle variet\u00e0 specifiche di riso \u201c<i>fragrant<\/i>\u201d previste per il contingente tariffario con il numero d\u2019ordine 09.4731, un certificato di autenticit\u00e0 rilasciato da un organismo competente del Vietnam che dovr\u00e0 essere presentato alle autorit\u00e0 doganali al fine di poter verificare la sussistenza delle condizioni necessarie per beneficiare del suddetto contingente tariffario (art.5, Reg. 2020\/991, art. 29 bis introdotto dal Reg. 2021\/760 del 7 maggio 2021).<\/p>\n<p>Anche in questo caso, la richiesta del titolo dovr\u00e0 essere accompagnata da idonea documentazione (bolle doganali), comprovante lo svolgimento di un\u2019attivit\u00e0 commerciale nel settore risiero con paesi terzi che deve essere presentata alla prima richiesta del periodo contingentale.<\/p>\n<p>Il rilascio dei titoli di importazione \u00e8 subordinato al rilascio di una cauzione (art.4 del Regolamento UE 2020\/760) che deve essere costituita presso l\u2019autorit\u00e0 competente che emette il titolo, prima della fine del periodo di presentazione delle domande, per l\u2019importo previsto per ciascun contingente tariffario (art. 9 Reg. UE 2020\/761).<\/p>\n<p>In base al suddetto Regolamento, gli importi della cauzione, previsti nell\u2019allegato III, contingenti tariffari nel settore del riso, sono i seguenti:<\/p>\n<p>NC\u00a0 1006 20: Euro 30\/TONN<\/p>\n<p>NC\u00a0 1006 30: Euro 46\/TONN<\/p>\n<p>NC \u00a01006 4000: Euro 5\/TONN<\/p>\n<p>Per l\u2019importazione del riso originario del Vietnam la cauzione, da versare all\u2019 atto di presentazione della richiesta del titolo, \u00e8 di 30 \u20ac a tonnellata (Reg. UE 991\/2020 art.2, comma 5).<\/p>\n<p>La cauzione pu\u00f2 essere presentata, in base all\u2019 art.51 del Reg UE \u00a02014\/908:<\/p>\n<p>in contanti, mediante deposito provvisorio nei modi d\u2019uso presso la tesoreria provinciale competente per territorio, in relazione alla sede sociale del richiedente: <a href=\"resource\/doc\/2021\/07\/circolare_mef_27_del_2018.pdf\">https:\/\/www.esteri.it\/mae\/resource\/doc\/2021\/07\/circolare_mef_27_del_2018.pdf<\/a><\/p>\n<ul>\n<li>mediante il ricorso ad una garanzia fidejussoria prestata da una banca o da una societ\u00e0 assicuratrice autorizzata all\u2019esercizio del ramo assicurazioni, con sede nell\u2019Unione Europea;<\/li>\n<li>a valere su una garanzia fidejussoria cumulativa di importo non inferiore a 10 mila euro, trasmessa in originale al Ministero degli Affari Esteri e della Cooperazione Internazionale.<\/li>\n<\/ul>\n<p><strong>Rilascio dei titoli<\/strong><\/p>\n<p>I titoli sono rilasciati dopo la pubblicazione da parte della Commissione del coefficiente di attribuzione e prima della fine del mese (art.11, terzo comma del Regolamento 2020\/761 e art. 3, secondo comma, Regolamento 2020\/991).<\/p>\n<p>La Commissione rende pubblico il coefficiente di attribuzione per ciascun contingente tariffario mediante idonea pubblicazione su internet entro e non oltre il ventiduesimo giorno del mese in cui gli Stati membri notificano alla stessa i quantitativi richiesti. Se la domanda \u00e8 stata presentata tra il 23 ed il 30 novembre, il coefficiente di attribuzione \u00e8 reso pubblico entro il 14 dicembre (art.10, secondo comma, Reg. UE 2020\/761 e art. 3, secondo comma, Regolamento 2020\/991).<\/p>\n<p>I titoli validi a decorrere dal 1 gennaio sono rilasciati nel periodo dal 15 al 31 dicembre dell\u2019anno precedente (art.11, quarto comma, Reg. UE 2020\/761 e art 3, quinto comma, Regolamento 2020\/991).<\/p>\n<p><strong>Validit\u00e0<\/strong><\/p>\n<p>I titoli sono validi dal 1\u00b0 giorno di calendario del mese successivo alla presentazione della domanda fino all\u2019ultimo giorno di calendario del mese successivo alla fine del sottoperiodo, ma non oltre la fine del periodo contingentale (art.13, comma 3, Reg. UE n. 2020\/761; per i numeri d\u2019ordine ed i relativi sottoperiodi, vedere l\u2019allegato III del suddetto Reg. 2020\/761 e le modifiche introdotte dal Reg.2021\/760 del 7 maggio 2021).<\/p>\n<p>Per le domande presentate tra il 23 ed il 30 novembre, i titoli sono validi dal 1\u00b0 gennaio dell\u2019anno successivo (art.13, secondo comma, lettera c, Reg UE 2020\/761).<\/p>\n<p>I titoli di importazione relativi al Reg. UE 2020\/991 sono validi, per le domande presentate durante il periodo contingentale, dal primo giorno di calendario del mese successivo alla presentazione della domanda per una durata di quattro mesi (art.4, primo e secondo comma del Regolamento 2020\/991).<\/p>\n<p>Per le domande presentate tra il 23 ed il 30 novembre, i titoli sono validi dal 1\u00b0 gennaio dell\u2019anno seguente (art.4, primo comma, lettera b) del suddetto Regolamento 2020\/991).<\/p>\n<p><span style=\"text-decoration: underline;\"><strong>Proroga ed Annullamento di un titolo per causa di forza maggiore <\/strong><\/span><\/p>\n<p>L\u2019art 13, comma 6 del Regolamento UE 2020\/761 e l\u2019art.4, comma 3 del Reg. UE 2020\/991, prevedono la possibilit\u00e0 di prorogare la validit\u00e0 di un titolo di importazione per un contingente tariffario per causa di forza maggiore, specificando che la proroga non pu\u00f2 superare comunque la fine del periodo contingentale.<\/p>\n<p>Le suddette disposizioni normative rinviano, entrambe, all\u2019art.16 del Reg 2016\/1239, il quale prevede espressamente che l\u2019Amministrazione competente che ha rilasciato il titolo o l\u2019estratto del titolo, nel riconoscere un caso di forza maggiore, ai sensi dell\u2019art. 50 del Reg.UE 908\/2014, pu\u00f2 decidere o di annullare il titolo e di svincolarne la cauzione, o di prorogare la durata di validit\u00e0 del titolo stesso per un periodo massimo di 180 giorni dopo la sua scadenza, tenendo conto delle circostanze del caso.<\/p>\n<p>Il suddetto art.16, al comma 3, prevede altres\u00ec che, nell\u2019attesa della decisione da parte dell\u2019Amministrazione su un caso di forza maggiore, qualora il titolare o il cessionario di un titolo, esprima la necessit\u00e0 di utilizzare ancora il titolo per il quantitativo per il quale non \u00e8 stata invocata la causa di forza maggiore, l\u2019Amministrazione possa rilasciare un estratto parziale del titolo per tale saldo.<\/p>\n<p>Il suddetto estratto non \u00e8 trasferibile.<\/p>\n<p>I limiti di tempo per le richieste di riconoscimento di un caso di forza maggiore da parte degli operatori sono previsti dall\u2019art.50 del Regolamento UE 2014\/908.<\/p>\n<p>Gli operatori economici che invocano la causa di forza maggiore per ottenere la proroga del titolo devono fornire, ai sensi del suddetto art.50, terzo comma, la prova, giudicata soddisfacente dall\u2019autorit\u00e0 competente, delle circostanze che, a loro giudizio, costituiscono un caso di forza maggiore, entro il termine di 181 giorni di calendario dalla scadenza del titolo.<\/p>\n<p>A questo riguardo, gli operatori devono produrre una relazione dettagliata sulle circostanze per le quali, a loro avviso, pu\u00f2 essere invocata nella fattispecie prospettata la causa di forza maggiore. \u00a0In particolare, i documenti che verranno prodotti dagli operatori economici dovranno dimostrare l\u2019imprevedibilit\u00e0 e l\u2019inevitabilit\u00e0 dell\u2019evento applicabile al caso specifico tale da giustificare il ricorso alla forza maggiore.<\/p>\n<p>Nel valutare la richiesta di proroga di un titolo per forza maggiore, l\u2019autorit\u00e0 competente dovr\u00e0 necessariamente considerare anche il rischio imprenditoriale legato all\u2019attivit\u00e0 d\u2019 impresa.<\/p>\n<p>In base all\u2019art.50, terzo comma del Reg. UE 2014\/908, gli operatori possono beneficiare della proroga se sono nell\u2019incapacit\u00e0 di fornire la prova della sussistenza della forza maggiore entro il suddetto termine dei 181 giorni, purch\u00e9 si siano fatti parte diligente per ottenerla ed inoltrarla all\u2019 Amministrazione competente.<\/p>\n<p><strong><span style=\"text-decoration: underline;\">Personale dedicato:<\/span><\/strong><\/p>\n<p>Dott. Giuseppe\u00a0Doddato(<a href=\"mailto:giuseppe.doddato@esteri.it\">giuseppe.doddato@esteri.it<\/a> Tel.:06 59932481) ;<br \/>\nDott.ssa Daniela\u00a0Gallo (daniela.<a href=\"mailto:gallo@esteri.it%20\">gallo@esteri.it <\/a>Tel.: 06 59932430);<br \/>\nDott.ssa Maria Grazia Arduini (<a href=\"mailto:mariagrazia.arduini@esteri.it\">mariagrazia.arduini@esteri.it<\/a> Tel.: 06 5993 2423);<br \/>\nDott.ssa Rosetta La Rosa (<a href=\"mailto:rosetta.larosa@esteri.it\">rosetta.larosa@esteri.it<\/a> Tel.: 06 59932508) ;<br \/>\nAssistenza SIIE: <a href=\"mailto:assistenza.siie@mise.gov.it\">assistenza.siie@mise.gov.it<br \/>\n<\/a>Sig. Gaetano Di Ianni (<a href=\"mailto:gaetano.diianni@esteri.it\">gaetano.diianni@esteri.it<\/a> Tel.:06 59932413);<br \/>\nSig.\u00a0 Vincenzo Scirgalea (<a href=\"mailto:vincenzo.scirgalea@esteri.it\">vincenzo.scirgalea@esteri.it<\/a> Tel.: 06 59932276).<\/p>\n","protected":false},"excerpt":{"rendered":"Regolamenti di base Reg. (UE) 1306\/2013 del Parlamento europeo e del Consiglio del 17.12.2013 sul finanziamento, sulla gestione e sul monitoraggio della politica agricola comune; Reg. (UE) 1308\/2013 del Parlamento europeo e del Consiglio sull\u2019organizzazione comune dei mercati dei prodotti agricoli; Regolamento Delegato (UE) 2016\/1237 della Commissione del 18.05.2016 che integra il Regolamento (UE) n.1308\/2013 [&hellip;]","protected":false},"author":4,"featured_media":0,"parent":30450,"menu_order":0,"comment_status":"closed","ping_status":"closed","template":"page-estera.php","meta":{"footnotes":""},"class_list":["post-63519","page","type-page","status-publish","hentry"],"_links":{"self":[{"href":"https:\/\/www.esteri.it\/it\/wp-json\/wp\/v2\/pages\/63519","targetHints":{"allow":["GET"]}}],"collection":[{"href":"https:\/\/www.esteri.it\/it\/wp-json\/wp\/v2\/pages"}],"about":[{"href":"https:\/\/www.esteri.it\/it\/wp-json\/wp\/v2\/types\/page"}],"author":[{"embeddable":true,"href":"https:\/\/www.esteri.it\/it\/wp-json\/wp\/v2\/users\/4"}],"replies":[{"embeddable":true,"href":"https:\/\/www.esteri.it\/it\/wp-json\/wp\/v2\/comments?post=63519"}],"version-history":[{"count":4,"href":"https:\/\/www.esteri.it\/it\/wp-json\/wp\/v2\/pages\/63519\/revisions"}],"predecessor-version":[{"id":86001,"href":"https:\/\/www.esteri.it\/it\/wp-json\/wp\/v2\/pages\/63519\/revisions\/86001"}],"up":[{"embeddable":true,"href":"https:\/\/www.esteri.it\/it\/wp-json\/wp\/v2\/pages\/30450"}],"wp:attachment":[{"href":"https:\/\/www.esteri.it\/it\/wp-json\/wp\/v2\/media?parent=63519"}],"curies":[{"name":"wp","href":"https:\/\/api.w.org\/{rel}","templated":true}]}}