{"id":63528,"date":"2021-11-11T16:55:42","date_gmt":"2021-11-11T15:55:42","guid":{"rendered":"https:\/\/www.esteri.it\/?page_id=63528"},"modified":"2023-11-13T15:12:13","modified_gmt":"2023-11-13T14:12:13","slug":"settore-lattiero-caseario-esportazioni-verso-usa","status":"publish","type":"page","link":"https:\/\/www.esteri.it\/it\/politica-estera-e-cooperazione-allo-sviluppo\/politica_europea\/politica-commerciale-internazionale\/import-export\/agroalimentare\/settore-lattiero-caseario-esportazioni-verso-usa\/","title":{"rendered":"Settore lattiero &#8211; caseario &#8211; Esportazioni verso USA"},"content":{"rendered":"<p><strong>REGIMI SPECIFICI \u2013 REG. (CE) 1187\/2009 art. 21<\/strong><\/p>\n<p><strong>Regolamento di base<\/strong><\/p>\n<p><a href=\"https:\/\/www.esteri.it\/mae\/images\/stories\/commercio_internazionale\/agroalimentare\/Reg_1308_2013.pdf\" rel=\"alternate\">Reg. (UE) 1308\/2013<\/a>\u00a0del Parlamento europeo e del Consiglio recante organizzazione comune dei mercati dei prodotti agricoli.<\/p>\n<p><a href=\"https:\/\/www.esteri.it\/mae\/images\/stories\/commercio_internazionale\/agroalimentare\/Reg_2016_1237.pdf\" rel=\"alternate\">Reg. Delegato (UE) 2016\/1237<\/a>\u00a0del 18.05.2016 che stabilisce le modalit\u00e0 comuni di applicazione del regime dei titoli di import, di esportazione e di fissazione anticipata relativa ai prodotti agricoli.<\/p>\n<p><a href=\"https:\/\/www.esteri.it\/mae\/images\/stories\/commercio_internazionale\/agroalimentare\/Reg_2016_1239.pdf\" rel=\"alternate\">Reg. di esecuzione (UE) 2016\/1239<\/a>\u00a0del 18.05.2016 recante le modalit\u00e0 di applicazione del regime dei titoli di import ed export<\/p>\n<p><strong>Regolamenti di settore<\/strong><\/p>\n<p><a href=\"https:\/\/www.esteri.it\/mae\/images\/stories\/commercio_internazionale\/agroalimentare\/reg_1187_2009_consolidato.pdf\" rel=\"alternate\">Reg. CE 1187\/2009<\/a> del 27.11.2009 relativo ai titoli di esportazione e alle restituzioni all\u2019esportazione nel settore del latte e dei prodotti lattiero-caseari.<\/p>\n<p><strong>Campo di applicazione<\/strong><\/p>\n<p>Gestione delle importazioni di formaggio da parte delle autorit\u00e0 statunitensi di prodotti ammessi nella Tariffa Schedule of USA distinti tra i contingenti GATT derivanti dal Tokyo Round e dall\u2019Uruguay Round.<\/p>\n<p><strong>Prodotti interessati<\/strong><\/p>\n<p><a id=\"ALL2BIS\" name=\"ALL2BIS\"><\/a>Allegato II bis<\/p>\n<table summary=\"Allegato II bis - Tabella per l'identificazione dei gruppo\" cellspacing=\"0\" cellpadding=\"2\">\n<tbody>\n<tr>\n<td colspan=\"2\" valign=\"top\" width=\"326\"><strong>IDENTIFICAZIONE DEL GRUPPO SECONDO LE NOTE ADDIZIONALI DI CUI AL CAP.4 DELLA HTS OF UNITED STATES<\/strong><\/td>\n<td rowspan=\"2\" valign=\"top\" width=\"163\">IDENTIFICAZIONE CONTINGENTE<\/td>\n<td rowspan=\"2\" valign=\"top\" width=\"163\">QUANTITATIVO ANNUO DISPONIBILE<\/td>\n<\/tr>\n<tr>\n<td valign=\"top\" width=\"73\">\n<p align=\"center\"><strong>N. GRUPPO<\/strong><\/p>\n<\/td>\n<td style=\"text-align: center;\" valign=\"top\" width=\"252\">\n<p align=\"center\"><strong>DESCRIZIONE GRUPPO<br \/>\n<\/strong><\/p>\n<\/td>\n<\/tr>\n<tr>\n<td valign=\"top\" width=\"73\"><\/td>\n<td valign=\"top\" width=\"252\"><\/td>\n<td valign=\"top\" width=\"163\"><\/td>\n<td valign=\"top\" width=\"163\"><\/td>\n<\/tr>\n<tr>\n<td rowspan=\"2\" valign=\"top\" width=\"73\">\n<p align=\"center\"><strong>16<\/strong><\/p>\n<\/td>\n<td rowspan=\"2\" valign=\"top\" width=\"252\"><strong>Not specifically provided for (NSPF)<\/strong><\/td>\n<td valign=\"top\" width=\"163\"><strong>16 TOKYO<\/strong><\/td>\n<td valign=\"top\" width=\"163\"><strong>908 877<\/strong><\/td>\n<\/tr>\n<tr>\n<td valign=\"top\" width=\"163\"><strong>16 URUGUAY<\/strong><\/td>\n<td valign=\"top\" width=\"163\"><strong>3 446 000<\/strong><\/p>\n<p>&nbsp;<\/td>\n<\/tr>\n<tr>\n<td valign=\"top\" width=\"73\">\n<p align=\"center\"><strong>17<\/strong><\/p>\n<\/td>\n<td valign=\"top\" width=\"252\"><strong>Blue Mould<\/strong><\/td>\n<td valign=\"top\" width=\"163\"><strong>17<\/strong><strong> URUGUAY<\/strong><\/td>\n<td valign=\"top\" width=\"163\"><strong>350 000<\/strong><\/p>\n<p>&nbsp;<\/td>\n<\/tr>\n<tr>\n<td valign=\"top\" width=\"73\">\n<p align=\"center\"><strong>18<\/strong><\/p>\n<\/td>\n<td valign=\"top\" width=\"252\"><strong>Cheddar<\/strong><\/td>\n<td valign=\"top\" width=\"163\"><strong>18<\/strong><strong> URUGUAY<\/strong><\/td>\n<td valign=\"top\" width=\"163\"><strong>1 050 000<\/strong><\/p>\n<p>&nbsp;<\/td>\n<\/tr>\n<tr>\n<td valign=\"top\" width=\"73\">\n<p align=\"center\"><strong>20<\/strong><\/p>\n<\/td>\n<td valign=\"top\" width=\"252\"><strong>Edam\/Gouda<\/strong><\/td>\n<td valign=\"top\" width=\"163\"><strong>20<\/strong><strong> URUGUAY<\/strong><\/td>\n<td valign=\"top\" width=\"163\"><strong>1 100 000<\/strong><\/p>\n<p>&nbsp;<\/td>\n<\/tr>\n<tr>\n<td valign=\"top\" width=\"73\">\n<p align=\"center\"><strong>21<\/strong><\/p>\n<\/td>\n<td valign=\"top\" width=\"252\"><strong>Italian type<\/strong><\/td>\n<td valign=\"top\" width=\"163\"><strong>21<\/strong><strong> URUGUAY<\/strong><\/td>\n<td valign=\"top\" width=\"163\"><strong>2 025 000<\/strong><\/p>\n<p>&nbsp;<\/td>\n<\/tr>\n<tr>\n<td rowspan=\"2\" valign=\"top\" width=\"73\">\n<p align=\"center\"><strong>22<\/strong><\/p>\n<\/td>\n<td rowspan=\"2\" valign=\"top\" width=\"252\"><strong>Swiss or Emmenthaler cheese other than with eye formation<\/strong><\/td>\n<td valign=\"top\" width=\"163\"><strong>22 TOKYO<\/strong><\/td>\n<td valign=\"top\" width=\"163\"><strong>393 006<\/strong><\/td>\n<\/tr>\n<tr>\n<td valign=\"top\" width=\"163\"><strong>22 URUGUAY<\/strong><\/td>\n<td valign=\"top\" width=\"163\"><strong>380 000<\/strong><\/p>\n<p>&nbsp;<\/td>\n<\/tr>\n<tr>\n<td rowspan=\"2\" valign=\"top\" width=\"73\">\n<p align=\"center\"><strong>25<\/strong><\/p>\n<\/td>\n<td rowspan=\"2\" valign=\"top\" width=\"252\"><strong>Swiss or Emmenthaler cheese with eye formation<\/strong><\/td>\n<td valign=\"top\" width=\"163\"><strong>25 TOKYO<\/strong><\/td>\n<td valign=\"top\" width=\"163\"><strong>4 003 172<\/strong><\/td>\n<\/tr>\n<tr>\n<td valign=\"top\" width=\"163\"><strong>25 URUGUAY<\/strong><\/td>\n<td valign=\"top\" width=\"163\"><strong>2 420 000<\/strong><\/td>\n<\/tr>\n<\/tbody>\n<\/table>\n<p>Prodotti di cui al codice 0406 (formaggi) da esportare negli Stati Uniti d\u2019America nell\u2019ambito dei contingenti supplementari annui derivanti da alcuni Accordi GATT aperti dal 1\u00b0 gennaio al 31 dicembre.<\/p>\n<p><strong>Regime<\/strong><\/p>\n<p>Obbligo di titolo<\/p>\n<p><strong>Richiesta dei titoli<\/strong><\/p>\n<p>Le istanze devono essere presentate dal 1\u00b0 al 10 settembre dell\u2019 anno precedente il periodo contingentale che si intende richiedere. A tal riguardo leggasi il <a href=\"https:\/\/www.esteri.it\/it\/politica-estera-e-cooperazione-allo-sviluppo\/politica_europea\/politica-commerciale-internazionale\/import-export\/agroalimentare\/settore-lattiero-caseario-esportazioni-di-prodotti-nc-0406-verso-gli-usa\" rel=\"alternate\">Comunicato n. 20 del 7 luglio 2017<\/a><\/p>\n<p>La <a href=\"https:\/\/www.esteri.it\/mae\/images\/stories\/commercio_internazionale\/agroalimentare\/Facsimile_domanda_usa.rtf\">domanda di titolo<\/a>, redatta su carta semplice intestata alla ditta e firmata dal titolare della ditta o da un suo legale rappresentante, dovr\u00e0 essere inviata unitamente alla documentazione richiesta e alla cauzione al\u00a0Ministero degli Affari Esteri e della Cooperazione Internazionale \u2013 Ufficio XI \u2013 V.le Boston, 25 \u2013 00144 ROMA, e potr\u00e0 anche essere anticipata via fax al n. 06 5993 2141.<\/p>\n<p><strong>Obblighi in domanda<\/strong><\/p>\n<p>Per ogni contingente previsto potr\u00e0 essere presentata una o pi\u00f9 domande di titolo purch\u00e8 il quantitativo complessivo richiesto riguardi almeno 10 Tonn. e non superi:<\/p>\n<ul>\n<li>il 40% del quantitativo disponibile dei contingenti dei gruppi 16-17-18-20-21 (<a href=\"#ALL2BIS\">All. II bis<\/a>)<\/li>\n<li>il quantitativo disponibile relativo ai contingenti dei gruppi 22 e 25 (<a href=\"#ALL2BIS\">All. II bis<\/a>).<\/li>\n<\/ul>\n<p>La richiesta, che per lo stesso prodotto potr\u00e0 essere avanzata solo a fronte di uno dei contingente previsti (Tokyo Round o Uruguay Round) e che riporter\u00e0 la dizione &#8220;Da esportare verso gli Stati Uniti d\u2019America: Contingente per l\u2019anno\u2026.-Capo III, sezione 2 del Reg. CE 1187\/2009&#8221;, dovr\u00e0 indicare:<\/p>\n<ul>\n<li>il gruppo di prodotti che rientrano nel contingente americano designato<\/li>\n<li>il codice a otto cifre del prodotto richiesto<\/li>\n<li>la definizione dei prodotti secondo la HTS of the USA<\/li>\n<li>il nome e indirizzo dell\u2019importatore negli USA scelto dal richiedente<\/li>\n<li>l\u2019operativit\u00e0 pregressa per almeno uno dei tre anni precedenti, come previsto dall&#8217;art. 22 punto 4 del Reg. CE 1187\/09<\/li>\n<\/ul>\n<p>L\u2019istanza, inoltre, dovr\u00e0 essere completata con la dichiarazione che l\u2019importatore statunitense \u00e8 una filiale del richiedente, con la conferma di non aver presentato e l\u2019impegno a non presentare altre domande relative allo stesso gruppo di prodotti e allo stesso contingente in altri paesi comunitari.<\/p>\n<p>Alla domanda, oltre alla cauzione, dovranno essere allegate:<\/p>\n<ul>\n<li>Dichiarazione dell\u2019importatore designato attestante il possesso dei requisiti richiesti<\/li>\n<li>copia conforme delle bollette doganali comprovanti la dichiarata esportazione ovvero copia di un documento doganale attestante l\u2019immissione in libera pratica di formaggio in USA<\/li>\n<li>prova che l\u2019importatore designato \u00e8 una filiale del richiedente<\/li>\n<li>scheda riassuntiva delle informazioni contenute in domanda (<a href=\"https:\/\/www.esteri.it\/mae\/images\/stories\/commercio_internazionale\/agroalimentare\/RegUe521mod1187formaggi.pdf\">Allegato II ter<\/a>).<\/li>\n<\/ul>\n<p><strong>Cauzione<\/strong><\/p>\n<p>L\u2019importo della cauzione, stabilita dall&#8217;art. 22 &#8211; paragrafo 3 &#8211; del Reg. CE 1187\/2009, \u00e8 di 3 EUR\/100 kg.<\/p>\n<p>La cauzione, che deve avere una validit\u00e0 di 30 mesi prorogabile per ulteriori sei mesi, pu\u00f2 essere prestata:<\/p>\n<ul>\n<li>in contanti, mediante deposito provvisorio nei modi d\u2019uso presso la Tesoreria provinciale competente per territorio, in relazione alla sede sociale del richiedente;<\/li>\n<li>sotto forma di <a href=\"https:\/\/www.esteri.it\/mae\/resource\/doc\/2020\/03\/rev2dgue_xi_-_fidejussione_singola.docx\">garanzia fidejussoria<\/a>\u00a0prestata da una banca o da una societ\u00e0 assicuratrice autorizzata all\u2019esercizio del ramo cauzioni, con sede nell\u2019Unione europea<\/li>\n<li>a valere su una <a href=\"resource\/doc\/2020\/02\/dgue_xi_-_fidejussione_cumulativa_rev.docx\">garanzia fidejussoria cumulativa<\/a>\u00a0di importo non inferiore a 10mila euro e trasmessa in originale al Ministero<\/li>\n<\/ul>\n<p>La cauzione si considerer\u00e0 proporzionalmente ridotta in relazione al quantitativo che verr\u00e0 effettivamente assegnato mentre sar\u00e0 totalmente svincolata in caso di istanze respinte.<\/p>\n<p><strong>Emissione dei titoli<\/strong><\/p>\n<p>La Commissione stabilir\u00e0 un coefficiente di assegnazione e, se del caso, sar\u00e0 applicata una riduzione uniforme ai quantitativi richiesti dalla Ditta.<\/p>\n<p>Qualora l\u2019applicazione del coefficiente debba comportare l\u2019assegnazione a pi\u00f9 ditte di titoli per un quantitativo inferiore a 10 tonnellate, la somma di tali quantit\u00e0 sar\u00e0 suddivisa in lotti di 10 tonnellate assegnati per sorteggio da questo Ufficio.<\/p>\n<p><strong>Rilascio dei titoli<\/strong><\/p>\n<p>I titoli saranno rilasciati entro il 15 dicembre dell\u2019anno che precede quello contingentale determinato.<\/p>\n<p><strong>Validit\u00e0<\/strong><\/p>\n<p>I titoli che avranno destinazione obbligatoria USA, sono utili anche per qualsiasi altro codice della NC 0406.<\/p>\n<p>La validit\u00e0 del titolo \u00e8 relativa a tutto l\u2019anno civile successivo alla presentazione della domanda (1\u00b0 gennaio \u2013 31 dicembre)<\/p>\n<p><strong>Annotazioni particolari<\/strong><\/p>\n<p>Qualora all\u2019importatore designato non fossero attribuiti di quantitativi corrispondenti al titolo di importazione, l\u2019operatore pu\u00f2 essere autorizzato dallo Stato membro a nominare un importatore diverso da quello richiesto, purch\u00e9 figuri nell\u2019elenco degli importatori designati trasmesso alle autorit\u00e0 competenti degli Stati Uniti. (art. 24 del Reg.CE 1187\/2009)<\/p>\n<p>Ai fini dello svincolo della cauzione, occorrer\u00e0 produrre, oltre alla prova che la merce \u00e8 uscita dal territorio doganale, anche copia del documento di trasporto che riporti come destinazione gli Stati Uniti d\u2019America<\/p>\n<p><strong>Personale dedicato:<\/strong><\/p>\n<p>Sig.ra Maria Assunta Pompili (<a href=\"mailto:mariaassunta.pompili@esteri.it\">mariaassunta.pompili@esteri.it<\/a> , Tel.: 06 36912839)\u00a0Fax del settore\u00a006\/36912062<br \/>\nMarco Bonamano (<a href=\"mailto:marco.bonamano@esteri.it\">marco.bonamano@esteri.it<\/a>, Tel.: 06\u00a03691\u00a03350);<\/p>\n<p>&nbsp;<\/p>\n<p><strong>Svincoli e incameramenti:<\/strong><\/p>\n<p>Dott.ssa Rosetta LA ROSA Tel 06 5993 2508 <a href=\"mailto:rosetta.larosa@esteri.it\">rosetta.larosa@esteri.it<\/a><\/p>\n","protected":false},"excerpt":{"rendered":"REGIMI SPECIFICI \u2013 REG. (CE) 1187\/2009 art. 21 Regolamento di base Reg. (UE) 1308\/2013\u00a0del Parlamento europeo e del Consiglio recante organizzazione comune dei mercati dei prodotti agricoli. Reg. Delegato (UE) 2016\/1237\u00a0del 18.05.2016 che stabilisce le modalit\u00e0 comuni di applicazione del regime dei titoli di import, di esportazione e di fissazione anticipata relativa ai prodotti agricoli. [&hellip;]","protected":false},"author":4,"featured_media":0,"parent":30450,"menu_order":0,"comment_status":"closed","ping_status":"closed","template":"page-estera.php","meta":{"footnotes":""},"class_list":["post-63528","page","type-page","status-publish","hentry"],"_links":{"self":[{"href":"https:\/\/www.esteri.it\/it\/wp-json\/wp\/v2\/pages\/63528","targetHints":{"allow":["GET"]}}],"collection":[{"href":"https:\/\/www.esteri.it\/it\/wp-json\/wp\/v2\/pages"}],"about":[{"href":"https:\/\/www.esteri.it\/it\/wp-json\/wp\/v2\/types\/page"}],"author":[{"embeddable":true,"href":"https:\/\/www.esteri.it\/it\/wp-json\/wp\/v2\/users\/4"}],"replies":[{"embeddable":true,"href":"https:\/\/www.esteri.it\/it\/wp-json\/wp\/v2\/comments?post=63528"}],"version-history":[{"count":5,"href":"https:\/\/www.esteri.it\/it\/wp-json\/wp\/v2\/pages\/63528\/revisions"}],"predecessor-version":[{"id":107905,"href":"https:\/\/www.esteri.it\/it\/wp-json\/wp\/v2\/pages\/63528\/revisions\/107905"}],"up":[{"embeddable":true,"href":"https:\/\/www.esteri.it\/it\/wp-json\/wp\/v2\/pages\/30450"}],"wp:attachment":[{"href":"https:\/\/www.esteri.it\/it\/wp-json\/wp\/v2\/media?parent=63528"}],"curies":[{"name":"wp","href":"https:\/\/api.w.org\/{rel}","templated":true}]}}