{"id":65483,"date":"2021-11-26T18:38:34","date_gmt":"2021-11-26T17:38:34","guid":{"rendered":"https:\/\/www.esteri.it\/?page_id=65483"},"modified":"2025-12-12T17:07:27","modified_gmt":"2025-12-12T16:07:27","slug":"med2021","status":"publish","type":"page","link":"https:\/\/www.esteri.it\/it\/eventi\/med2021\/","title":{"rendered":"Rome MED \u2013 Mediterranean Dialogues 2021"},"content":{"rendered":"<p class=\"text-center\"><img loading=\"lazy\" decoding=\"async\" class=\"img-fluid wp-image-65484 aligncenter\" src=\"https:\/\/www.esteri.it\/wp-content\/uploads\/2021\/11\/MED2021.png\" alt=\"Rome MED \u2013 Mediterranean Dialogues 2021\" width=\"540\" height=\"417\" srcset=\"https:\/\/www.esteri.it\/wp-content\/uploads\/2021\/11\/MED2021.png 877w, https:\/\/www.esteri.it\/wp-content\/uploads\/2021\/11\/MED2021-300x232.png 300w, https:\/\/www.esteri.it\/wp-content\/uploads\/2021\/11\/MED2021-768x593.png 768w\" sizes=\"auto, (max-width: 540px) 100vw, 540px\" \/><\/p>\n<p style=\"text-align: center;\"><b>Un\u2019agenda positiva per il Mediterraneo tra transizione e segnali di ripresa<\/b><br \/>\n<b><i>Settima edizione della Conferenza MED-Dialogues promossa dal Ministero degli Affari Esteri e della Cooperazione Internazionale e dall\u2019ISPI<\/i><\/b><\/p>\n<div style=\"background: #edf4fb; padding: 20px; border: 1px solid #d8e4f0; border-radius: 3px;\">\n<p><a href=\"https:\/\/www.esteri.it\/it\/sala_stampa\/archivionotizie\/approfondimenti\/2021\/12\/apertura-della-vii-edizione-dei-rome-med-mediterranean-dialogues\/\"><strong>APERTURA DELLA VII EDIZIONE DEI ROME MED \u2013 MEDITERRANEAN DIALOGUES<\/strong><\/a><\/p>\n<p><a href=\"https:\/\/www.esteri.it\/it\/sala_stampa\/archivionotizie\/approfondimenti\/2021\/12\/chiusura-della-vii-edizione-dei-rome-med-mediterranean-dialogues\/\"><strong>CHIUSURA DELLA VII EDIZIONE DEI ROME MED \u2013 MEDITERRANEAN DIALOGUES<\/strong><\/a><\/p>\n<p><a href=\"https:\/\/youtu.be\/Rrx35oJ1cDk\"><strong>GUARDA IL VIDEO DELLA SESSIONE DI CHIUSURA DEI ROME MED \u2013 MEDITERRANEAN DIALOGUES\u00a0<\/strong><\/a><\/p>\n<p><a href=\"https:\/\/www.esteri.it\/it\/sala_stampa\/archiviomultimedia\/rome-med-mediterranean-dialogues-2021\/\"><strong>GUARDA LA GALLERIA FOTOGRAFICA DEI ROME MED \u2013 MEDITERRANEAN DIALOGUES\u00a0<\/strong><\/a><\/p>\n<\/div>\n<p><strong>Dal 2 al 4 dicembre 2021<\/strong>\u00a0si svolger\u00e0 a Roma, presso il Grand Hotel Parco dei Principi (Via Gerolamo Frescobaldi, 5), in modalit\u00e0 ibrida \u2013 con partecipazioni sia fisiche che virtuali e una diffusione in live streaming sulla piattaforma web \u2013 la settima edizione della Conferenza\u00a0<strong>Rome MED \u2013 Mediterranean Dialogues,<\/strong>\u00a0promossa a partire dal 2015 dal Ministero degli Affari Esteri e della Cooperazione Internazionale e dall\u2019ISPI.<\/p>\n<p><strong><u>L\u2019apertura ufficiale \u00e8 prevista venerd\u00ec 3 dicembre<\/u><\/strong>\u00a0con l\u2019intervento in presenza di\u00a0<strong>Mario Draghi<\/strong>, Presidente del Consiglio dei Ministri, di\u00a0<strong>Luigi Di Maio,\u00a0<\/strong>Ministro degli Affari Esteri e della Cooperazione Internazionale e di\u00a0<strong>Giampiero Massolo,<\/strong>\u00a0Presidente ISPI. Chiude i\u00a0<strong>MED-Dialogues<\/strong>\u00a0<strong>sabato 4 dicembre<\/strong>\u00a0il Ministro Luigi Di Maio<strong>.\u00a0<\/strong>Il\u00a0<strong>2 dicembre\u00a0<\/strong>vi sar\u00e0 invece<strong>\u00a0<\/strong>un\u2019anteprima con una serie di seminari internazionali, i\u00a0<strong>Med-Fora.<\/strong><\/p>\n<p>Alla \u00a0Conferenza partecipano\u00a0<strong><u>in presenza e da remoto <\/u>&#8211;\u00a0 tra gli altri &#8211; Josep Borrell<\/strong>, Alto rappresentante dell&#8217;Unione Europea per gli Affari Esteri e la Politica di Sicurezza; <strong>Paolo Gentiloni,<\/strong>\u00a0Commissario Europeo per gli Affari Economici e Monetari;\u00a0\u00a0<strong>J. Oliv\u00e9r Varhelyi<\/strong>, Commissario Europeo per l\u2019Allargamento e la Politica di Vicinato; <strong>Ayman Safadi,<\/strong>\u00a0Vice Primo Ministro e Ministro degli Affari Esteri della Giordania;\u00a0<strong>Mohammed bin Abdulrahman Al Thani<\/strong>, Vice Primo Ministro e Ministro degli Affari Esteri del Qatar; <strong>Ahmed Awad Bin Mubarak<\/strong>, Ministro degli Esteri dello Yemen; <strong>Riad Malki<\/strong>, Ministro degli Affari Esteri e degli Espatriati palestinese; <strong>Evarist Bartolo<\/strong>, Ministro degli Affari Esteri della Repubblica di Malta;<strong> Abdallah Bou Habib<\/strong>, Ministro degli Affari Esteri e dell\u2019Emigrazione del Libano;\u00a0<strong>Alpha Barry<\/strong>, Ministro degli Affari Esteri del Burkina Faso; <strong>Augusto Santos Silva,\u00a0<\/strong>Ministro degli Esteri del Portogallo;\u00a0<strong>An\u017ee Logar<\/strong>, Ministro degli Esteri della Slovenia;<strong>\u00a0Gordan Grli\u0107-Radman, <\/strong>Ministro degli Affari Esteri ed Europei della Croazia<strong>; Majid\u00a0Bin Abdullah Al-Qasabi,\u00a0<\/strong>Ministro del Commercio dell\u2019Arabia Saudita;\u00a0<strong>Qu Dongyu<\/strong>,\u00a0Segretario Generale della\u00a0FAO; <strong>Ahmed Aboul Gheit<\/strong>,\u00a0Segretario Generale della Lega Araba;\u00a0 <strong>Antonio Vitorino<\/strong>, Direttore Generale dell\u2019OIM; <strong>Rafael Grossi<\/strong>, Direttore Generale dell\u2019AIEA; <strong>Nassar Kamel<\/strong>, Segretario Generale dell\u2019UpM; <strong>Mircea Geoana<\/strong>, Vice Segretario Generale della NATO; \u00a0<strong>Geir O. Pedersen<\/strong>, Inviato Speciale per la Siria, Nazioni Unite; <strong>Staffan De Mistura<\/strong>, Inviato Personale del Segretario Generale per il Sahara Occidentale, Nazioni Unite; <strong>Emanuela Del Re<\/strong>, Rappresentante Speciale per il Sahel, Unione Europea; <strong>Sven Koopmans<\/strong>, Rappresentante Speciale per il Processo di Pace in Medio Oriente, Unione Europea; <strong>Zhan Jun<\/strong>, Inviato Speciale cinese per il Medio Oriente; <strong>Mohammad Sanusi Barkindo<\/strong>, Segretario Generale dell\u2019OPEC.<\/p>\n<p>Nei\u00a0<strong>Med Fora<\/strong>\u00a0del 2 dicembre verranno infine approfonditi temi strategici per l\u2019area come il ruolo delle donne e il loro contributo alla crescita sociale ed economica, il peso economico delle infrastrutture, la complessit\u00e0 della questione migratoria, il ruolo strategico della cyber security, e il contributo della societ\u00e0 civile nelle societ\u00e0 mediterranee.<\/p>\n<p><strong>MED Dialogues<\/strong>\u00a0\u00e8 divenuta una\u00a0<strong><em>year-long initiative<\/em><\/strong>: a rafforzare il contributo di idee e proposte sono stati organizzati nei mesi scorsi trenta incontri in modalit\u00e0 digitale con personalit\u00e0 internazionali di altissimo livello per discutere la realt\u00e0 di paesi chiave dell\u2019area.<\/p>\n<p>Gli interventi possono essere seguiti direttamente nella sala dei lavori (Sala Fernandez) da fotografi e operatori televisivi\u00a0e\u00a0in Sala Stampa, tramite collegamento audio\/video, dai giornalisti accreditati in presenza.<\/p>\n<p>Visita la pagina dei Med Dialogues:\u00a0<a href=\"https:\/\/med.ispionline.it\/\">https:\/\/med.ispionline.it\/<\/a><\/p>\n<p>&nbsp;<\/p>\n","protected":false},"excerpt":{"rendered":"Un\u2019agenda positiva per il Mediterraneo tra transizione e segnali di ripresa Settima edizione della Conferenza MED-Dialogues promossa dal Ministero degli Affari Esteri e della Cooperazione Internazionale e dall\u2019ISPI APERTURA DELLA VII EDIZIONE DEI ROME MED \u2013 MEDITERRANEAN DIALOGUES CHIUSURA DELLA VII EDIZIONE DEI ROME MED \u2013 MEDITERRANEAN DIALOGUES GUARDA IL VIDEO DELLA SESSIONE DI CHIUSURA [&hellip;]","protected":false},"author":4,"featured_media":0,"parent":122720,"menu_order":0,"comment_status":"closed","ping_status":"closed","template":"page-full.php","meta":{"footnotes":""},"class_list":["post-65483","page","type-page","status-publish","hentry"],"_links":{"self":[{"href":"https:\/\/www.esteri.it\/it\/wp-json\/wp\/v2\/pages\/65483","targetHints":{"allow":["GET"]}}],"collection":[{"href":"https:\/\/www.esteri.it\/it\/wp-json\/wp\/v2\/pages"}],"about":[{"href":"https:\/\/www.esteri.it\/it\/wp-json\/wp\/v2\/types\/page"}],"author":[{"embeddable":true,"href":"https:\/\/www.esteri.it\/it\/wp-json\/wp\/v2\/users\/4"}],"replies":[{"embeddable":true,"href":"https:\/\/www.esteri.it\/it\/wp-json\/wp\/v2\/comments?post=65483"}],"version-history":[{"count":6,"href":"https:\/\/www.esteri.it\/it\/wp-json\/wp\/v2\/pages\/65483\/revisions"}],"predecessor-version":[{"id":154767,"href":"https:\/\/www.esteri.it\/it\/wp-json\/wp\/v2\/pages\/65483\/revisions\/154767"}],"up":[{"embeddable":true,"href":"https:\/\/www.esteri.it\/it\/wp-json\/wp\/v2\/pages\/122720"}],"wp:attachment":[{"href":"https:\/\/www.esteri.it\/it\/wp-json\/wp\/v2\/media?parent=65483"}],"curies":[{"name":"wp","href":"https:\/\/api.w.org\/{rel}","templated":true}]}}