{"id":65629,"date":"2021-11-29T16:13:48","date_gmt":"2021-11-29T15:13:48","guid":{"rendered":"https:\/\/www.esteri.it\/?page_id=65629"},"modified":"2021-11-29T16:13:48","modified_gmt":"2021-11-29T15:13:48","slug":"le-strategie-macroregionali-dellue","status":"publish","type":"page","link":"https:\/\/www.esteri.it\/it\/politica-estera-e-cooperazione-allo-sviluppo\/politica_europea\/dossier\/le-strategie-macroregionali-dellue\/","title":{"rendered":"Le Strategie Macroregionali dell\u2019UE"},"content":{"rendered":"<p>Le <strong>Strategie macroregionali dell\u2019UE<\/strong> sono iniziative intergovernative avviate dagli Stati Membri UE e da Paesi terzi al fine di affrontare congiuntamente le sfide e cogliere opportunit\u00e0 comuni &#8211; in un\u2019area geografica specifica &#8211; attraverso la definizione di obiettivi condivisi e di lungo termine. Le Strategie vengono proposte dagli Stati membri UE interessati (e, in alcuni casi, da Paesi terzi) in sede di Consiglio europeo e il loro contenuto viene definito insieme alla Commissione europea, che partecipa alla loro governance. Aspetto fondamentale alla base delle Strategie \u00e8 favorire il coordinamento e lo sviluppo di sinergie a livello intra-regionale.<\/p>\n<p>Allo stato attuale, le Strategie macro-regionali sono quattro:<\/p>\n<ul>\n<li>la Strategia dell\u2019UE per la Regione del Mar Baltico (2009);<\/li>\n<li>la Strategia dell\u2019UE per la Regione del Danubio (2010);<\/li>\n<li>la Strategia dell\u2019UE per la Regione Adriatica-Ionica (2014);<\/li>\n<li>la Strategia dell\u2019UE per la Regione Alpina (2015).<\/li>\n<\/ul>\n<p>Delle quattro Strategie esistenti, l\u2019Italia partecipa alla Strategia UE per la Regione Adriatico-Ionica (EUSAIR) e alla Strategia UE per la regione alpina (EUSALP).<\/p>\n<p><strong>EUSAIR<\/strong><\/p>\n<p>La Strategia dell\u2019Unione Europea per la Regione Adriatico-Ionica (EUSAIR) nasce nel 2014 per rendere pi\u00f9 efficaci gli interventi europei e nazionali a sostegno dello sviluppo dell\u2019area. La composizione \u201cibrida\u201d \u2013 a cui partecipano anche alcuni Paesi dei Balcani occidentali non membri dell\u2019UE \u2013 costituisce il vero valore aggiunto politico della Strategia, che \u00e8 funzionale a favorire il percorso di integrazione europea della regione. La Strategia si articola attraverso quattro \u201cpilastri\u201d prioritari di intervento: Blue growth \u2013 Crescita blu e pesca; Interconnettivit\u00e0 infrastrutturale ed energetica; Qualit\u00e0 dell\u2019ambiente; Turismo sostenibile.<\/p>\n<p>EUSAIR \u00e8 strettamente connessa all\u2019Iniziativa adriatico-ionica (IAI), un foro di dialogo politico nato ad Ancona nel maggio 2000 e a cui partecipano Stati Membri e non dell\u2019UE.<\/p>\n<p>La struttura organizzativa della Strategia prevede un Consiglio Direttivo affiancato da Gruppi tematici di lavoro. A cadenza annuale \u00e8 inoltre previsto un Forum EUSAIR, in cui le Istituzioni della Strategia si confrontano con la societ\u00e0 civile (universit\u00e0, camere di commercio, media, ONG) della macro-regione. Inoltre, in coincidenza con il Forum, si svolge anche una Ministeriale Esteri EUSAIR-IAI.<\/p>\n<p>Per ulteriori informazioni: <a href=\"https:\/\/www.adriatic-ionian.eu\/\">Adriatic-Ionian &#8211; EU Strategy for the Adriatic-Ionian Region (EUSAIR)<\/a> (https:\/\/www.adriatic-ionian.eu\/)<\/p>\n<p><strong>EUSALP<\/strong><\/p>\n<p>La Risoluzione politica sottoscritta dai Ministri e Presidenti delle Regioni alpine nell\u2019ottobre 2013 a Grenoble ha avviato l\u2019iter di formalizzazione della Strategia UE per la regione alpina, che, lanciata ufficialmente nel gennaio 2016, rappresenta la pi\u00f9 \u201cgiovane\u201d delle quattro Strategie macro-regionali. Obiettivo della Strategia UE per la regione alpina (EUSALP) \u00e8 il rafforzamento della cooperazione lungo l\u2019arco alpino, favorire una maggiore integrazione tra aree montane e peri-montane e promuovere progetti di sviluppo ecosostenibile, attraverso un Piano d\u2019azione incentrato su tre pilastri: crescita economica e innovazione; mobilit\u00e0 e connettivit\u00e0; energia e ambiente. Ad essa partecipano Stati Membri UE e Paesi terzi cos\u00ec come enti territoriali locali (per l\u2019Italia le regioni alpine e le Province autonome). In questo senso, rispetto alle altre Strategie macro-regionali, EUSALP costituisce un esercizio innovativo per il coinvolgimento diretto delle Regioni, che ne sono \u201cco-attori\u201d assieme agli Stati nazionali.<\/p>\n<p>La struttura organizzativa e decisionale della Strategia si articola su tre livelli: l\u2019Assemblea generale, il Comitato esecutivo e i Gruppi d\u2019azione. L\u2019Assemblea generale, con presidenza a rotazione annuale, costituisce l\u2019organo di indirizzo politico di EUSALP, cui partecipano i rappresentanti della Commissione europea, degli Stati e degli enti territoriali coinvolti nella Strategia, oltre alla \u201cConvenzione delle Alpi\u201d e al Programma \u201cSpazio Alpino\u201d in qualit\u00e0 di osservatori. Il Comitato esecutivo \u00e8 incaricato di dare attuazione alle linee individuate dall\u2019Assemblea Generale. I nove Gruppi d\u2019azione si occupano di tradurre in progetti concreti il Piano d\u2019azione della Strategia.<\/p>\n<p>L\u2019Italia, attraverso le Province autonome di Trento e Bolzano\/Bozen, deterr\u00e0 di nuovo la Presidenza EUSALP nel 2022, dopo averla avuta nel 2019 tramite la Regione Lombardia.<\/p>\n<p>Per ulteriori informazioni: <a href=\"https:\/\/www.alpine-region.eu\/\">EUSALP | Homepage (alpine-region.eu)<\/a> (https:\/\/www.alpine-region.eu\/)<\/p>\n","protected":false},"excerpt":{"rendered":"Le Strategie macroregionali dell\u2019UE sono iniziative intergovernative avviate dagli Stati Membri UE e da Paesi terzi al fine di affrontare congiuntamente le sfide e cogliere opportunit\u00e0 comuni &#8211; in un\u2019area geografica specifica &#8211; attraverso la definizione di obiettivi condivisi e di lungo termine. Le Strategie vengono proposte dagli Stati membri UE interessati (e, in alcuni [&hellip;]","protected":false},"author":4,"featured_media":0,"parent":30695,"menu_order":0,"comment_status":"closed","ping_status":"closed","template":"page-estera.php","meta":{"footnotes":""},"class_list":["post-65629","page","type-page","status-publish","hentry"],"_links":{"self":[{"href":"https:\/\/www.esteri.it\/it\/wp-json\/wp\/v2\/pages\/65629","targetHints":{"allow":["GET"]}}],"collection":[{"href":"https:\/\/www.esteri.it\/it\/wp-json\/wp\/v2\/pages"}],"about":[{"href":"https:\/\/www.esteri.it\/it\/wp-json\/wp\/v2\/types\/page"}],"author":[{"embeddable":true,"href":"https:\/\/www.esteri.it\/it\/wp-json\/wp\/v2\/users\/4"}],"replies":[{"embeddable":true,"href":"https:\/\/www.esteri.it\/it\/wp-json\/wp\/v2\/comments?post=65629"}],"version-history":[{"count":1,"href":"https:\/\/www.esteri.it\/it\/wp-json\/wp\/v2\/pages\/65629\/revisions"}],"predecessor-version":[{"id":65638,"href":"https:\/\/www.esteri.it\/it\/wp-json\/wp\/v2\/pages\/65629\/revisions\/65638"}],"up":[{"embeddable":true,"href":"https:\/\/www.esteri.it\/it\/wp-json\/wp\/v2\/pages\/30695"}],"wp:attachment":[{"href":"https:\/\/www.esteri.it\/it\/wp-json\/wp\/v2\/media?parent=65629"}],"curies":[{"name":"wp","href":"https:\/\/api.w.org\/{rel}","templated":true}]}}