{"id":65814,"date":"2021-12-01T10:02:26","date_gmt":"2021-12-01T09:02:26","guid":{"rendered":"https:\/\/www.esteri.it\/?page_id=65814"},"modified":"2025-12-03T14:24:27","modified_gmt":"2025-12-03T13:24:27","slug":"campagna-di-nation-branding-be-it","status":"publish","type":"page","link":"https:\/\/www.esteri.it\/it\/diplomazia-economica-e-politica-commerciale\/diplomaziaeconomica\/sostegno-all-internazionalizzazione\/archivio-delle-iniziative-a-sostegno-dell-internazionalizzazione-realizzate-nel-triennio-2020-2023\/campagna-di-nation-branding-be-it\/","title":{"rendered":"Campagna di nation branding: Be IT"},"content":{"rendered":"<p><strong>Italy is simply extraordinary: beIT<\/strong><\/p>\n<p><strong>Campagna straordinaria di promozione del Made in Italy<\/strong><\/p>\n<p>Una campagna straordinaria di promozione del Made in Italy a sostegno delle esportazioni italiane e dell&#8217;internazionalizzazione del sistema economico nazionale: questo \u00e8 &#8220;Italy is simply extraordinary: beIT&#8221;, il nuovo ambizioso progetto lanciato dal Ministero degli Affari Esteri e della Cooperazione Internazionale (MAECI) in collaborazione con ICE &#8211; Agenzia per la promozione all&#8217;estero e l&#8217;internazionalizzazione delle imprese italiane, a valere sul \u201cFondo per la Promozione Integrata\u201d istituito con il decreto-legge n. 18\/2020 (c.d. \u201cCura Italia\u201d). La campagna avr\u00e0 una dimensione globale con un focus particolare su 26 Paesi obiettivo.<\/p>\n<p>La campagna\u00a0persegue due obiettivi: raccontare al pubblico internazionale in maniera originale e innovativa l\u2019Italia, i suoi valori e talenti, le sue competenze e le straordinarie potenzialit\u00e0; sostenere l\u2019internazionalizzazione delle filiere del nostro sistema produttivo, ampliando e diversificando i mercati esteri di riferimento per le piccole e medie imprese italiane.<\/p>\n<p>La campagna \u00e8 partita il 29 novembre 2021 e durer\u00e0 sino ad agosto 2022, articolandosi in due fasi. La prima sar\u00e0 incentrata sul racconto dei &#8220;valori&#8221; che identificano l&#8217;Italia: creativit\u00e0, passione, tradizione, stile, innovazione e diversit\u00e0. La seconda fase vedr\u00e0 l&#8217;attivazione di campagne mirate (cd. &#8220;declinazioni verticali&#8221;), volte a promuovere le filiere produttive del Made in Italy. La fase valoriale si articoler\u00e0 da novembre 2021 a marzo 2022; le campagne verticali saranno attive da marzo ad agosto 2022.<\/p>\n<p>La campagna si svilupper\u00e0 principalmente sui canali digitali e prevedr\u00e0 la costruzione di una nuova identit\u00e0 visuale e linguistica per il complesso dell\u2019attivit\u00e0 di promozione dell&#8217;Italia nel mondo, di piattaforme e \u201clanding pages\u201d dedicate, profili sociali e contenuti originali (testi, audio e video) che verranno creati durante l&#8217;intero arco della campagna. La campagna avr\u00e0 anche una declinazione \u201cverde\u201d, in collaborazione con la societ\u00e0 italiana Treedom.<\/p>\n<p>&nbsp;<\/p>\n","protected":false},"excerpt":{"rendered":"Italy is simply extraordinary: beIT Campagna straordinaria di promozione del Made in Italy Una campagna straordinaria di promozione del Made in Italy a sostegno delle esportazioni italiane e dell&#8217;internazionalizzazione del sistema economico nazionale: questo \u00e8 &#8220;Italy is simply extraordinary: beIT&#8221;, il nuovo ambizioso progetto lanciato dal Ministero degli Affari Esteri e della Cooperazione Internazionale (MAECI) [&hellip;]","protected":false},"author":1,"featured_media":0,"parent":118389,"menu_order":4,"comment_status":"closed","ping_status":"closed","template":"page-imprese.php","meta":{"footnotes":""},"class_list":["post-65814","page","type-page","status-publish","hentry"],"_links":{"self":[{"href":"https:\/\/www.esteri.it\/it\/wp-json\/wp\/v2\/pages\/65814","targetHints":{"allow":["GET"]}}],"collection":[{"href":"https:\/\/www.esteri.it\/it\/wp-json\/wp\/v2\/pages"}],"about":[{"href":"https:\/\/www.esteri.it\/it\/wp-json\/wp\/v2\/types\/page"}],"author":[{"embeddable":true,"href":"https:\/\/www.esteri.it\/it\/wp-json\/wp\/v2\/users\/1"}],"replies":[{"embeddable":true,"href":"https:\/\/www.esteri.it\/it\/wp-json\/wp\/v2\/comments?post=65814"}],"version-history":[{"count":2,"href":"https:\/\/www.esteri.it\/it\/wp-json\/wp\/v2\/pages\/65814\/revisions"}],"predecessor-version":[{"id":162470,"href":"https:\/\/www.esteri.it\/it\/wp-json\/wp\/v2\/pages\/65814\/revisions\/162470"}],"up":[{"embeddable":true,"href":"https:\/\/www.esteri.it\/it\/wp-json\/wp\/v2\/pages\/118389"}],"wp:attachment":[{"href":"https:\/\/www.esteri.it\/it\/wp-json\/wp\/v2\/media?parent=65814"}],"curies":[{"name":"wp","href":"https:\/\/api.w.org\/{rel}","templated":true}]}}