{"id":69219,"date":"2022-01-12T11:09:22","date_gmt":"2022-01-12T10:09:22","guid":{"rendered":"https:\/\/www.esteri.it\/?page_id=69219"},"modified":"2026-01-19T12:40:48","modified_gmt":"2026-01-19T11:40:48","slug":"la-farnesina-nellattuazione-del-pnrr","status":"publish","type":"page","link":"https:\/\/www.esteri.it\/it\/diplomazia-economica-e-politica-commerciale\/diplomaziaeconomica\/la-farnesina-nellattuazione-del-pnrr\/","title":{"rendered":"La Farnesina nell\u2019attuazione del PNRR"},"content":{"rendered":"<p>Nel quadro del Piano Nazionale di Ripresa e Resilienza (PNRR), il Ministero degli Affari Esteri e della Cooperazione Internazionale \u00e8 l\u2019Amministrazione centrale responsabile per l\u2019attuazione della misura M1.C2.I5.1.1., del valore di 1,2 miliardi di euro, di cui SIMEST \u00e8 ente attuatore attraverso il rifinanziamento del Fondo 394 con le risorse del PNRR.<\/p>\n<p>Per seguire l\u2019attuazione della misura \u00e8 stata istituita presso la DGCE una Struttura di Missione per la misura PNRR M1.C2.I5.1.1 che \u00e8 responsabile in particolare per le funzioni di monitoraggio, gestione, rendicontazione e controllo.<\/p>\n<p>L\u2019investimento ha l\u2019obiettivo di sostenere la competitivit\u00e0, l\u2019innovazione e la sostenibilit\u00e0 delle PMI orientate all\u2019internazionalizzazione, con particolare attenzione a quelle del Mezzogiorno. La misura, grazie alle risorse del PNRR veicolate attraverso il Fondo 394, fornisce sostegno finanziario alle imprese per sostenerne l\u2019internazionalizzazione mediante tre strumenti:<\/p>\n<ul>\n<li>Transizione digitale ed ecologica delle PMI con vocazione internazionale. Finanziamento agevolato per la realizzazione di investimenti volti a favorire la transizione digitale delle PMI, promuoverne la crescita sostenibile e rafforzarne la competitivit\u00e0 sui mercati esteri.<\/li>\n<li>Sviluppo del commercio elettronico delle PMI in Paesi esteri (E-commerce). Finanziamento agevolato per la creazione di una piattaforma di e-commerce per la commercializzazione in Paesi esteri di beni o servizi prodotti in Italia o con marchio italiano. Lo strumento \u00e8 destinato alla realizzazione di un progetto di investimento digitale, che pu\u00f2 essere la creazione di una nuova piattaforma propria, il miglioramento di una piattaforma gi\u00e0 esistente o l\u2019accesso ad uno spazio di terzi (ad esempio il c.d. market place).<\/li>\n<li>Partecipazione delle PMI a fiere e mostre internazionali, anche in Italia, e missioni di sistema. Finanziamento agevolato per sostenere la partecipazione, anche in Italia, ad un singolo evento, anche virtuale, di carattere internazionale e di profilo ecologico o digitale, tra fiera, mostra, missione imprenditoriale o missione di sistema, per la promozione di beni e\/o servizi prodotti in Italia o a marchio italiano.<\/li>\n<\/ul>\n<p>Per tutte le misure, ciascuna PMI ha potuto chiedere una quota di co-finanziamento a fondo perduto sulla richiesta di finanziamento:<\/p>\n<ul>\n<li>fino al 40% dell\u2019importo complessivo del finanziamento se la richiedente ha sede operativa in una regione del Sud Italia;<\/li>\n<li>fino al 25% dell\u2019importo complessivo del finanziamento, se la richiedente ha la propria sede operativa in una regione diversa.<\/li>\n<li>Il 40% delle risorse complessivamente disponibili \u00e8 stato riservato alle PMI del Sud Italia (\u201cRiserva Sud\u201d).<\/li>\n<\/ul>\n<p>Puntualmente, entro la fine del terzo trimestre (30 settembre 2021), il MAECI ha raggiunto i traguardi (milestones) previsti dal PNRR:<\/p>\n<ul>\n<li>entrata in vigore del rifinanziamento della componente contributi e prestiti del Fondo 394\/81;<\/li>\n<li>adozione di una politica di investimento da parte del Consiglio di Amministrazione del Fondo (il Comitato Agevolazioni, un Comitato interministeriale presieduto dal Direttore Generale per la Promozione del Sistema Paese).<\/li>\n<\/ul>\n<p>La misura ha previsto l\u2019obiettivo (target) di fornire sostegno finanziario ad almeno 4.000 PMI esportatrici entro il 31 dicembre 2021: particolarmente positiva \u00e8 stata la risposta delle aziende meridionali che, con 500 milioni di euro di fondi richiesti, ha consentito di esaurire la \u201cRiserva Sud\u201d, pari al 40% delle risorse della misura PNRR (480 milioni di euro sul totale di 1,2 miliardi).<\/p>\n<p>Al 30 settembre 2025, lo stato di attuazione della misura pu\u00f2 essere sintetizzato come segue:<\/p>\n<ul>\n<li>Totale imprese deliberate: 8.545;<\/li>\n<li>Totale imprese con finanziamenti revocati dal Comitato Agevolazioni, come misura verso sospette irregolarit\u00e0 o inadempienze: 3.282; di queste, 1644 imprese non hanno ricevuto finanziamenti mentre nei confronti delle rimanenti 1638 sono state avviate azioni di recupero;<\/li>\n<li>Totale imprese finanziate: 5.263;<\/li>\n<\/ul>\n<p>\u00c8 attualmente in corso il processo di rendicontazione dei progetti finanziati: il conseguimento dell\u2019obiettivo, ben oltre la soglia di 4.000 imprese prevista dal target concordato, \u00e8 stato positivamente certificato nel corso di cinque audit da parte dei competenti Organismi comunitari che si sono conclusi senza rilievi. La gestione della misura da parte del MAECI e di SIMEST \u00e8 infatti oggetto di monitoraggio da parte delle autorit\u00e0 di controllo italiane ed europee, realizzate dall\u2019Organismo indipendente di Audit del PNRR, istituito presso il MEF, dalla Corte dei Conti, dalla Commissione Europea e dalla Corte dei Conti Europea.<\/p>\n<p>&nbsp;<\/p>\n<p>&nbsp;<\/p>\n","protected":false},"excerpt":{"rendered":"Nel quadro del Piano Nazionale di Ripresa e Resilienza (PNRR), il Ministero degli Affari Esteri e della Cooperazione Internazionale \u00e8 l\u2019Amministrazione centrale responsabile per l\u2019attuazione della misura M1.C2.I5.1.1., del valore di 1,2 miliardi di euro, di cui SIMEST \u00e8 ente attuatore attraverso il rifinanziamento del Fondo 394 con le risorse del PNRR. Per seguire l\u2019attuazione [&hellip;]","protected":false},"author":4,"featured_media":0,"parent":329,"menu_order":3,"comment_status":"closed","ping_status":"closed","template":"","meta":{"footnotes":""},"class_list":["post-69219","page","type-page","status-publish","hentry"],"_links":{"self":[{"href":"https:\/\/www.esteri.it\/it\/wp-json\/wp\/v2\/pages\/69219","targetHints":{"allow":["GET"]}}],"collection":[{"href":"https:\/\/www.esteri.it\/it\/wp-json\/wp\/v2\/pages"}],"about":[{"href":"https:\/\/www.esteri.it\/it\/wp-json\/wp\/v2\/types\/page"}],"author":[{"embeddable":true,"href":"https:\/\/www.esteri.it\/it\/wp-json\/wp\/v2\/users\/4"}],"replies":[{"embeddable":true,"href":"https:\/\/www.esteri.it\/it\/wp-json\/wp\/v2\/comments?post=69219"}],"version-history":[{"count":6,"href":"https:\/\/www.esteri.it\/it\/wp-json\/wp\/v2\/pages\/69219\/revisions"}],"predecessor-version":[{"id":168627,"href":"https:\/\/www.esteri.it\/it\/wp-json\/wp\/v2\/pages\/69219\/revisions\/168627"}],"up":[{"embeddable":true,"href":"https:\/\/www.esteri.it\/it\/wp-json\/wp\/v2\/pages\/329"}],"wp:attachment":[{"href":"https:\/\/www.esteri.it\/it\/wp-json\/wp\/v2\/media?parent=69219"}],"curies":[{"name":"wp","href":"https:\/\/api.w.org\/{rel}","templated":true}]}}