{"id":70512,"date":"2022-01-24T12:31:12","date_gmt":"2022-01-24T11:31:12","guid":{"rendered":"https:\/\/www.esteri.it\/?page_id=70512"},"modified":"2022-08-22T16:11:52","modified_gmt":"2022-08-22T14:11:52","slug":"iniziativa-dei-paesi-ue-fondatori","status":"publish","type":"page","link":"https:\/\/www.esteri.it\/it\/politica-estera-e-cooperazione-allo-sviluppo\/politica_europea\/italia_in_ue\/iniziativa-dei-paesi-ue-fondatori\/","title":{"rendered":"Iniziativa dei Paesi UE Fondatori"},"content":{"rendered":"<p><strong>(Italia, Belgio, Francia, Germania, Lussemburgo, Paesi Bassi)<\/strong><\/p>\n<p>Il <strong>25 marzo 2017<\/strong> \u00e8 ricorso il sessantesimo anniversario della firma dei Trattati istitutivi delle Comunit\u00e0 europee, valida occasione per celebrare la data simbolica dell\u2019inizio di un percorso che ha visto nel disegno di un\u2019Europa unita la possibilit\u00e0 di condividere in pace un patrimonio comune di valori, idee, tradizioni e speranze. Le celebrazioni hanno costituito l\u2019occasione per i Leader europei e delle Istituzioni per confermare l\u2019impegno a costruire un\u2019Unione pi\u00f9 forte, con il coinvolgimento di tutti i Paesi membri che condividono l&#8217;esigenza di proseguire sul percorso dell\u2019integrazione.<\/p>\n<p>Nella prospettiva del sessantesimo anniversario del Trattato di Roma, il <strong>9 febbraio 2016 si \u00e8 tenuta a Roma una riunione a livello di Ministri degli Esteri dei Paesi Membri fondatori<\/strong> dell&#8217;UE. Questa <strong>iniziativa politica, forte e inclusiva<\/strong><strong>,<\/strong> \u00e8 nata dai Paesi fondatori perch\u00e9 la firma dei Trattati di Roma il 25 marzo 1957 \u00e8 una tappa fondamentale nella costruzione di una memoria dell\u2019Europa democratica e di una volont\u00e0 politica comune agli Stati membri dell\u2019Unione europea. Come sottolineato dall\u2019allora Ministro degli Affari esteri e della cooperazione internazionale Gentiloni, il sostegno dell&#8217;opinione pubblica andr\u00e0 conquistato su sfide concrete quali la <strong>migrazione<\/strong>, la domanda di <strong>maggiore crescita e occupazione e la sicurezza<\/strong>. Nel corso della riunione, i sei Ministri degli Esteri hanno anche convenuto che <strong>le decisioni di singoli Stati membri non devono mettere in crisi l&#8217;intero sistema Schengen n\u00e9 il Mercato Unico<\/strong>.<\/p>\n<p>Alla fine della riunione, i Ministri dei sei Paesi fondatori hanno adottato un <strong>comunicato congiunto<\/strong> in cui hanno riconfermato il loro forte impegno a favore dell&#8217;Europa e del progetto europeo, <strong>invitando tutti gli altri Stati Membri ad unirsi a loro<\/strong>.<\/p>\n","protected":false},"excerpt":{"rendered":"(Italia, Belgio, Francia, Germania, Lussemburgo, Paesi Bassi) Il 25 marzo 2017 \u00e8 ricorso il sessantesimo anniversario della firma dei Trattati istitutivi delle Comunit\u00e0 europee, valida occasione per celebrare la data simbolica dell\u2019inizio di un percorso che ha visto nel disegno di un\u2019Europa unita la possibilit\u00e0 di condividere in pace un patrimonio comune di valori, idee, [&hellip;]","protected":false},"author":1,"featured_media":0,"parent":30669,"menu_order":0,"comment_status":"closed","ping_status":"closed","template":"page-estera.php","meta":{"footnotes":""},"class_list":["post-70512","page","type-page","status-publish","hentry"],"_links":{"self":[{"href":"https:\/\/www.esteri.it\/it\/wp-json\/wp\/v2\/pages\/70512","targetHints":{"allow":["GET"]}}],"collection":[{"href":"https:\/\/www.esteri.it\/it\/wp-json\/wp\/v2\/pages"}],"about":[{"href":"https:\/\/www.esteri.it\/it\/wp-json\/wp\/v2\/types\/page"}],"author":[{"embeddable":true,"href":"https:\/\/www.esteri.it\/it\/wp-json\/wp\/v2\/users\/1"}],"replies":[{"embeddable":true,"href":"https:\/\/www.esteri.it\/it\/wp-json\/wp\/v2\/comments?post=70512"}],"version-history":[{"count":2,"href":"https:\/\/www.esteri.it\/it\/wp-json\/wp\/v2\/pages\/70512\/revisions"}],"predecessor-version":[{"id":70514,"href":"https:\/\/www.esteri.it\/it\/wp-json\/wp\/v2\/pages\/70512\/revisions\/70514"}],"up":[{"embeddable":true,"href":"https:\/\/www.esteri.it\/it\/wp-json\/wp\/v2\/pages\/30669"}],"wp:attachment":[{"href":"https:\/\/www.esteri.it\/it\/wp-json\/wp\/v2\/media?parent=70512"}],"curies":[{"name":"wp","href":"https:\/\/api.w.org\/{rel}","templated":true}]}}