{"id":71934,"date":"2022-03-02T15:23:20","date_gmt":"2022-03-02T14:23:20","guid":{"rendered":"https:\/\/www.esteri.it\/?page_id=71934"},"modified":"2026-01-30T14:15:10","modified_gmt":"2026-01-30T13:15:10","slug":"inviati-speciali","status":"publish","type":"page","link":"https:\/\/www.esteri.it\/it\/ministero\/struttura\/inviati-speciali\/","title":{"rendered":"Inviati Speciali"},"content":{"rendered":"<ul class=\"list-unstyled\">\n<li><img decoding=\"async\" class=\"mr-3\" src=\"https:\/\/www.esteri.it\/wp-content\/uploads\/2025\/05\/Gherardo_Amaduzzi_InvSp.png\" alt=\"testo alternativo\" \/>\n<div class=\"media-body\">\n<h5 class=\"mt-0 mb-1\">Gherardo Amaduzzi<\/h5>\n<p><small class=\"text-muted\">Inviato Speciale del Ministero degli Affari Esteri e della Cooperazione Internazionale per il Caucaso Meridionale<\/small><\/p>\n<p>L\u2019Inviato Speciale per il Caucaso Meridionale, oltre a preservare e accrescere gli spazi di opportunit\u00e0 politica, finanziaria e commerciale acquisiti, contribuir\u00e0 ad elevare ulteriormente il ruolo dell\u2019Italia nella promozione della stabilit\u00e0 regionale, attraverso il rafforzamento di diverse forme di dialogo e cooperazione nei tre Paesi dell\u2019area, Armenia, Azerbaigian e Georgia.<\/p>\n<p>&nbsp;<\/p>\n<\/div>\n<\/li>\n<li><img decoding=\"async\" class=\"mr-3\" src=\"https:\/\/www.esteri.it\/wp-content\/uploads\/2025\/12\/inviati-speciali-archi-bruno.png\" alt=\"testo alternativo\" \/>\n<div class=\"media-body\">\n<h5 class=\"mt-0 mb-1\">Bruno Archi<\/h5>\n<p><small class=\"text-muted\">Inviato Speciale del Ministero degli Affari Esteri e della Cooperazione Internazionale per la ricostruzione di Gaza, inclusi gli aspetti umanitari.<\/small><\/p>\n<p>L\u2019Inviato Speciale per la ricostruzione di Gaza, inclusi gli aspetti umanitari, coordina, in raccordo con il Direttore Generale per gli Affari Politici e di Sicurezza Internazionale e il Direttore Generale per la Cooperazione allo Sviluppo, le azioni del Sistema Italia con l\u2019obiettivo di valorizzare l\u2019azione del nostro Paese nella delicata fase successiva alla firma dell\u2019Accordo di Pace di Sharm el-Sheikh.<\/p>\n<p>&nbsp;<\/p>\n<\/div>\n<\/li>\n<li><img decoding=\"async\" class=\"mr-3\" src=\"https:\/\/www.esteri.it\/wp-content\/uploads\/2023\/09\/CorvaroFrancesco.png\" alt=\"testo alternativo\" \/>\n<div class=\"media-body\">\n<h5 class=\"mt-0 mb-1\">Francesco Corvaro<\/h5>\n<p><small class=\"text-muted\">Inviato Speciale per il Cambiamento Climatico del Governo Italiano<\/small><\/p>\n<p>L\u2019Inviato Speciale per il Cambiamento climatico del Ministero degli Affari esteri e della Cooperazione internazionale e del Ministero dell\u2019Ambiente e della Sicurezza Energetica \u00e8 il riferimento delle amministrazioni italiane per la dimensione esterna delle politiche di contrasto al cambiamento climatico. L\u2019Inviato assicura l\u2019azione di raccordo tra i due dicasteri competenti e la sua nomina conferma l\u2019impegno nella lotta ai cambiamenti climatici e la volont\u00e0 di confermare la leadership italiana in uno dei temi decisivi per la sopravvivenza del nostro pianeta.<\/p>\n<p>&nbsp;<\/p>\n<\/div>\n<\/li>\n<li><img decoding=\"async\" class=\"mr-3\" src=\"https:\/\/www.esteri.it\/wp-content\/uploads\/2024\/09\/Dionisi.png\" alt=\"testo alternativo\" \/>\n<div class=\"media-body\">\n<h5 class=\"mt-0 mb-1\">Davide Dionisi<\/h5>\n<p><small class=\"text-muted\">Inviato Speciale per la promozione della libert\u00e0 religiosa e per la tutela delle minoranze religiose nel mondo<\/small><\/p>\n<p>L\u2019Inviato Speciale per la promozione della libert\u00e0 religiosa e per la tutela delle minoranze religiose nel mondo, alla luce delle priorit\u00e0 di politica estera del Governo e della rilevanza della promozione della libert\u00e0 religiosa nell\u2019ambito dell\u2019azione internazionale dell\u2019Italia, assicura l\u2019esigenza di intensificare la tutela delle minoranze religiose nel mondo, con particolare riferimento alle minoranze cristiane.<\/p>\n<p>&nbsp;<\/p>\n<\/div>\n<\/li>\n<li><img decoding=\"async\" class=\"mr-3\" src=\"https:\/\/www.esteri.it\/wp-content\/uploads\/2024\/11\/flumiani.png\" alt=\"testo alternativo\" \/>\n<div class=\"media-body\">\n<h5 class=\"mt-0 mb-1\">Catherine Flumiani<\/h5>\n<p><small class=\"text-muted\">Inviato Speciale del Ministero degli Affari Esteri e della Cooperazione Internazionale per la dimensione internazionale del mare<\/small><\/p>\n<p>L\u2019Inviato Speciale del Ministero degli Affari Esteri e della Cooperazione Internazionale per la dimensione internazionale del mare assicura il coordinamento delle attivit\u00e0 della Farnesina sui temi attinenti al mare, cos\u00ec come la tutela degli interessi nazionali in tale settore nei diversi tavoli internazionali cui partecipa. Incardinato presso la Direzione Generale per l\u2019Africa Subsahariana, l\u2019America Latina, l\u2019Asia e l\u2019Oceania (DGAAAO), l\u2019Inviato Speciale assicura inoltre il necessario raccordo con le altre Amministrazioni, Istituzioni e attori nazionali interessati.<\/p>\n<p>&nbsp;<\/p>\n<\/div>\n<\/li>\n<li><img decoding=\"async\" class=\"mr-3\" src=\"https:\/\/www.esteri.it\/wp-content\/uploads\/2022\/02\/Gatti-150x150.png\" alt=\"Stefano Gatti\" \/>\n<div class=\"media-body\">\n<h5 class=\"mt-0 mb-1\">Stefano Gatti<\/h5>\n<p><small class=\"text-muted\">Inviato Speciale per la Sicurezza alimentare<\/small><br \/>\nL\u2019Inviato Speciale promuove il ruolo dell\u2019Italia sulla sicurezza alimentare nel mondo, coordinando l\u2019azione della Farnesina e delle altre Amministrazioni italiane in fori multilaterali come l\u2019Unione Europea, le Nazioni Unite e gli altri organismi che si occupano della questione. La nomina risponde all\u2019impegno dell\u2019Italia, che ospita a Roma il Polo alimentare onusiano, sulla lotta alla fame e alla malnutrizione nelle aree pi\u00f9 vulnerabili del Pianeta e nel garantire equo accesso al cibo: priorit\u00e0 cui assolve la Cooperazione italiana. Dal 1\u00b0 gennaio 2024 \u00e8 anche Direttore Generale per la Cooperazione allo Sviluppo.<\/p>\n<p>&nbsp;<\/p>\n<\/div>\n<\/li>\n<li><img loading=\"lazy\" decoding=\"async\" class=\"alignnone size-full wp-image-145972 img-fluid\" src=\"https:\/\/www.esteri.it\/wp-content\/uploads\/2025\/09\/marco-giungi-inviato-speciale.png\" alt=\"\" width=\"161\" height=\"164\" \/>\n<div class=\"media-body\">\n<h5 class=\"mt-0 mb-1\">Marco Giungi<\/h5>\n<p><small class=\"text-muted\">Inviato Speciale del Ministero degli Affari Esteri e della Cooperazione Internazionale per Afghanistan e Yemen<\/small><\/p>\n<p>L\u2019Inviato Speciale promuove, in raccordo con il Direttore Generale per gli Affari Politici e di Sicurezza Internazionale, l\u2019attuazione e l\u2019implementazione della posizione italiana sull\u2019Afghanistan, in linea con l\u2019impegno del nostro Paese a favore della popolazione afghana, della pace e della stabilit\u00e0 regionale. A tal fine, sviluppa i contatti con i principali attori e partner internazionali e partecipa ai gruppi e ai formati dedicati alla situazione afghana. Per quanto riguarda lo Yemen, l\u2019Inviato Speciale contribuisce alla definizione di un approccio strategico e di lungo periodo, volto a favorire il rafforzamento delle istituzioni del Governo legittimo e della statualit\u00e0, in un contesto caratterizzato da una persistente instabilit\u00e0 regionale e dallo stallo nei negoziati per il processo di pace.<\/p>\n<p>&nbsp;<\/p>\n<\/div>\n<\/li>\n<li id=\"orazioguanciale\" class=\"media\"><img decoding=\"async\" class=\"mr-3\" src=\"https:\/\/www.esteri.it\/wp-content\/uploads\/2022\/02\/guanciale-150x150.png\" alt=\"testo alternativo\" \/>\n<div class=\"media-body\">\n<h5 class=\"mt-0 mb-1\">Orazio Guanciale<\/h5>\n<p><small class=\"text-muted\">Inviato Speciale per gli Stati insulari di piccole dimensioni del Pacifico e Coordinatore per la partecipazione dell\u2019Italia ai programmi multilaterali riguardanti l\u2019Antartide<\/small><\/p>\n<p>L\u2019Inviato Speciale promuove le relazioni dell\u2019Italia con le piccole isole del Pacifico, sia sul piano bilaterale che nei principali fori regionali, e valorizza i progetti di cooperazione allo sviluppo in favore dell\u2019area. Assicura inoltre il rafforzamento della proiezione italiana nello scacchiere indo-pacifico e rappresenta l\u2019Italia alle riunioni annuali delle Parti Consultive del Trattato Antartico e della Commissione per la Conservazione delle risorse marine viventi antartiche.<\/p>\n<p>&nbsp;<\/p>\n<\/div>\n<\/li>\n<li><img decoding=\"async\" class=\"mr-3\" src=\"https:\/\/www.esteri.it\/wp-content\/uploads\/2024\/09\/LaCecilia-150x150-1.png\" alt=\"testo alternativo\" \/>\n<div class=\"media-body\">\n<h5 class=\"mt-0 mb-1\">Davide La Cecilia<\/h5>\n<p><small class=\"text-muted\">Inviato Speciale per il processo di ricostruzione dell\u2019Ucraina e Coordinatore della Task Force per la ricostruzione e la resilienza dell\u2019Ucraina<\/small><\/p>\n<p>L\u2019Inviato Speciale per il processo di ricostruzione dell\u2019Ucraina coordina tutte le componenti del Sistema Paese sul tema della ripresa e della ricostruzione dell\u2019Ucraina e delle iniziative volte ad aumentarne la resilienza. Garantisce un\u2019interazione costante in materia con il Governo ucraino, i partner, le Istituzioni dell\u2019Unione Europea, le IFI. Assicura la rappresentanza dell\u2019Italia nella Multi-agency Donor Coordination Platform per l\u2019Ucraina e in ambito UE e G7.<\/p>\n<p>&nbsp;<\/p>\n<\/div>\n<\/li>\n<li><img decoding=\"async\" class=\"mr-3\" src=\"https:\/\/www.esteri.it\/wp-content\/uploads\/2024\/08\/marco-lisi.png\" alt=\"Marco Lisi\" \/>\n<div class=\"media-body\">\n<h5 class=\"mt-0 mb-1\">Marco Lisi<\/h5>\n<p><small class=\"text-muted\">Inviato Speciale del Ministro degli Affari Esteri e della Cooperazione Internazionale per lo Spazio<\/small><\/p>\n<p>L\u2019Inviato Speciale del Ministro degli Affari Esteri e della Cooperazione Internazionale per lo Spazio svolge azioni di promozione delle attivit\u00e0 italiane nell\u2019ambito dello spazio, in coordinamento con la Direzione Generale per la Crescita e la Promozione delle Esportazioni e le altre competenti strutture del Ministero degli Affari Esteri e della Cooperazione Internazionale. La sua nomina conferma la rilevanza prioritaria delle politiche spaziali nell\u2019ambito dell\u2019azione internazionale dell\u2019Italia e l\u2019obiettivo di favorire l\u2019internazionalizzazione dell\u2019economia e della ricerca in questo settore.<\/p>\n<p>&nbsp;<\/p>\n<\/div>\n<\/li>\n<li><img decoding=\"async\" class=\"mr-3\" src=\"https:\/\/www.esteri.it\/wp-content\/uploads\/2022\/03\/petruzzella-150x150.png\" alt=\"testo alternativo\" \/>\n<div class=\"media-body\">\n<h5 class=\"mt-0 mb-1\">Gianfranco Petruzzella<\/h5>\n<p><small class=\"text-muted\">Inviato Speciale del Ministero degli Affari Esteri e della Cooperazione Internazionale per la crisi siriana e per la coalizione anti-Daesh<\/small><\/p>\n<p>L\u2019Inviato Speciale sviluppa i contatti con i principali attori internazionali e nei consessi attivi nella transizione politica in Siria, con le Nazioni Unite e i rappresentanti degli altri Paesi e delle organizzazioni internazionali, in linea con il tradizionale impegno dell\u2019Italia a favore della pace e della stabilit\u00e0 nel Mediterraneo. Nell\u2019ambito della Coalizione anti-Daesh, promuove in sede internazionale lo sviluppo della posizione italiana e partecipa alle riunioni dei vari Gruppi di Lavoro, assicurando coerenza e prospettiva.<\/p>\n<p>&nbsp;<\/p>\n<\/div>\n<\/li>\n<li><img decoding=\"async\" class=\"mr-3\" src=\"https:\/\/www.esteri.it\/wp-content\/uploads\/2024\/12\/Pinna_Inviato_Speciale.png\" alt=\"testo alternativo\" \/>\n<div class=\"media-body\">\n<h5 class=\"mt-0 mb-1\">Agostino Pinna<\/h5>\n<p><small class=\"text-muted\">Inviato Speciale del Ministero degli Affari Esteri e della Cooperazione Internazionale per l\u2019Artico<\/small><\/p>\n<p>L\u2019Inviato Speciale segue i lavori del Consiglio Artico, cui l\u2019Italia partecipa in qualit\u00e0 di Osservatore, guidando la delegazione italiana in occasione dei Senior Officials Meetings (SOM), nonch\u00e9 gli altri eventi internazionali e nazionali riguardanti l\u2019Artico. L\u2019Inviato presiede il Tavolo di coordinamento sulla presenza italiana nell\u2019Artico, cui partecipano le Amministrazioni pubbliche, gli Enti di ricerca e le imprese italiane che sono impegnati in tale regione, assicurando ogni opportuna sinergia tra gli attori coinvolti, sia per le attivit\u00e0 del Consiglio Artico, sia per ogni altra iniziativa utile a rafforzare la presenza italiana nella regione. Inoltre, presiede il Comitato Scientifico per l\u2019Artico (CSA) con il compito di sviluppare le linee strategiche del Programma di Ricerche in Artico (PRA).<\/p>\n<p>&nbsp;<\/p>\n<\/div>\n<\/li>\n<li id=\"massimoriccardo\" class=\"media\"><img decoding=\"async\" class=\"mr-3\" src=\"https:\/\/www.esteri.it\/wp-content\/uploads\/2024\/09\/Massimo_Riccardo.png\" alt=\"Massimo Riccardo\" \/>\n<div class=\"media-body\">\n<h5 class=\"mt-0 mb-1\">Massimo Riccardo<\/h5>\n<p><small class=\"text-muted\">Inviato Speciale del Ministro degli Affari Esteri e della Cooperazione Internazionale per il Piano Mattei<\/small><\/p>\n<p>L\u2019Inviato Speciale del Ministro, posto alle dirette dipendenze del Segretario Generale, coordina le attivit\u00e0 delle Direzioni Generali e dei Servizi della Farnesina in termini di contributo del MAECI alla realizzazione del Piano Mattei, assicurando al contempo il necessario raccordo con le strutture della Presidenza del Consiglio competenti e un\u2019approfondita interazione con le imprese e le realt\u00e0 della societ\u00e0 civile interessate da tale esercizio.<\/p>\n<p>&nbsp;<\/p>\n<\/div>\n<\/li>\n<li id=\"\" class=\"media\"><img decoding=\"async\" class=\"mr-3\" src=\"https:\/\/www.esteri.it\/wp-content\/uploads\/2026\/01\/FrancescoMariaTalo_InviatoSpeciale.png\" alt=\"testo alternativo\" \/>\n<div class=\"media-body\">\n<h5 class=\"mt-0 mb-1\">Francesco Maria Tal\u00f2<\/h5>\n<p><small class=\"text-muted\">Inviato Speciale per l\u2019IMEC (India Middle East Corridor)<\/small><\/p>\n<p>L\u2019Inviato Speciale italiano per l\u2019IMEC (India Middle East Corridor) mantiene e sviluppa i rapporti con i Paesi firmatari, promuovendo il coordinamento con i principali soggetti coinvolti e contribuendo alla definizione di idee e prospettive per l\u2019evoluzione dell\u2019iniziativa. L\u2019Inviato Speciale svolge attivit\u00e0 di rappresentanza e comunicazione su mezzi di informazione nazionali e internazionali, e partecipa attivamente in ambiti accademici e di ricerca.<\/p>\n<p>&nbsp;<\/p>\n<\/div>\n<\/li>\n<li><img decoding=\"async\" class=\"mr-3\" src=\"https:\/\/www.esteri.it\/wp-content\/uploads\/2026\/01\/Varricchio_inviatoSpeciale.png\" alt=\"testo alternativo\" \/>\n<div class=\"media-body\">\n<h5 class=\"mt-0 mb-1\">Armando Varricchio<\/h5>\n<p><small class=\"text-muted\">Inviato Speciale del Ministro degli Affari Esteri e della Cooperazione Internazionale per l\u2019Innovazione e le nuove tecnologie<\/small><\/p>\n<p>L\u2019Inviato Speciale per l\u2019innovazione e le nuove tecnologie opera a sostegno della crescita del ruolo dell\u2019Italia nel settore delle nuove tecnologie, anche in ambito economico. Assicura altres\u00ec il raccordo in tali ambiti con le altre Amministrazioni, con il mondo produttivo e della ricerca, e svolge attivit\u00e0 di studio e analisi a livello nazionale e internazionale.<\/p>\n<p>&nbsp;<\/p>\n<\/div>\n<\/li>\n<li id=\"vanniuberto\" class=\"media\"><img decoding=\"async\" class=\"mr-3\" src=\"https:\/\/www.esteri.it\/wp-content\/uploads\/2026\/01\/Vellano_inviatoSpeciale.png\" alt=\"Roberto Vellano\" \/>\n<div class=\"media-body\">\n<h5 class=\"mt-0 mb-1\">Roberto Vellano<\/h5>\n<p><small class=\"text-muted\">Inviato Speciale per i Paesi dei Caraibi<\/small><\/p>\n<p>L\u2019Inviato Speciale per i Paesi dei Caraibi promuove le relazioni dell\u2019Italia con i Paesi dei Caraibi e le principali organizzazioni regionali di riferimento, favorendo la trattazione coordinata delle diverse iniziative di dialogo e cooperazione in corso.<\/p>\n<p>&nbsp;<\/p>\n<\/div>\n<\/li>\n<li><img decoding=\"async\" class=\"mr-3\" src=\"https:\/\/www.esteri.it\/wp-content\/uploads\/2025\/08\/Vignali_inviatoSpeciale.png\" alt=\"testo alternativo\" \/>\n<div class=\"media-body\">\n<h5 class=\"mt-0 mb-1\">Luigi Maria Vignali<\/h5>\n<p><small class=\"text-muted\">Inviato Speciale per i detenuti italiani in Venezuela<\/small><\/p>\n<p>L\u2019Inviato Speciale coordina le attivit\u00e0 di monitoraggio e tutela dei cittadini italiani detenuti in Venezuela, mantenendo rapporti diretti con le autorit\u00e0 locali e con i rappresentanti diplomatici italiani presenti nel Paese. Promuove iniziative volte alla protezione dei diritti umani dei detenuti e al loro eventuale rilascio, in linea con l\u2019impegno del Ministero degli Affari Esteri e della Cooperazione Internazionale a garantire la sicurezza e l\u2019assistenza ai connazionali all\u2019estero.<\/p>\n<p>&nbsp;<\/p>\n<\/div>\n<\/li>\n<\/ul>\n","protected":false},"excerpt":{"rendered":"Gherardo Amaduzzi Inviato Speciale del Ministero degli Affari Esteri e della Cooperazione Internazionale per il Caucaso Meridionale L\u2019Inviato Speciale per il Caucaso Meridionale, oltre a preservare e accrescere gli spazi di opportunit\u00e0 politica, finanziaria e commerciale acquisiti, contribuir\u00e0 ad elevare ulteriormente il ruolo dell\u2019Italia nella promozione della stabilit\u00e0 regionale, attraverso il rafforzamento di diverse forme [&hellip;]","protected":false},"author":8,"featured_media":0,"parent":28818,"menu_order":160,"comment_status":"closed","ping_status":"closed","template":"","meta":{"footnotes":""},"class_list":["post-71934","page","type-page","status-publish","hentry"],"_links":{"self":[{"href":"https:\/\/www.esteri.it\/it\/wp-json\/wp\/v2\/pages\/71934","targetHints":{"allow":["GET"]}}],"collection":[{"href":"https:\/\/www.esteri.it\/it\/wp-json\/wp\/v2\/pages"}],"about":[{"href":"https:\/\/www.esteri.it\/it\/wp-json\/wp\/v2\/types\/page"}],"author":[{"embeddable":true,"href":"https:\/\/www.esteri.it\/it\/wp-json\/wp\/v2\/users\/8"}],"replies":[{"embeddable":true,"href":"https:\/\/www.esteri.it\/it\/wp-json\/wp\/v2\/comments?post=71934"}],"version-history":[{"count":17,"href":"https:\/\/www.esteri.it\/it\/wp-json\/wp\/v2\/pages\/71934\/revisions"}],"predecessor-version":[{"id":173062,"href":"https:\/\/www.esteri.it\/it\/wp-json\/wp\/v2\/pages\/71934\/revisions\/173062"}],"up":[{"embeddable":true,"href":"https:\/\/www.esteri.it\/it\/wp-json\/wp\/v2\/pages\/28818"}],"wp:attachment":[{"href":"https:\/\/www.esteri.it\/it\/wp-json\/wp\/v2\/media?parent=71934"}],"curies":[{"name":"wp","href":"https:\/\/api.w.org\/{rel}","templated":true}]}}