{"id":75294,"date":"2022-03-24T11:52:16","date_gmt":"2022-03-24T10:52:16","guid":{"rendered":"https:\/\/www.esteri.it\/?page_id=75294"},"modified":"2026-01-02T17:02:39","modified_gmt":"2026-01-02T16:02:39","slug":"america-latina-e-caraibi","status":"publish","type":"page","link":"https:\/\/www.esteri.it\/it\/politica-estera-e-cooperazione-allo-sviluppo\/aree_geografiche\/america-latina-e-caraibi\/","title":{"rendered":"America Latina e Caraibi"},"content":{"rendered":"<p><strong>L\u2019Italia e l\u2019America Latina<\/strong><\/p>\n<p>L\u2019America Latina comprende 20 Stati, ospita circa l\u20198% della popolazione mondiale e genera circa il 5% del PIL globale. Nel 2024 nella regione vivevano 2.562.007 cittadini italiani iscritti all\u2019AIRE, mentre l\u2019interscambio commerciale ha superato i 33 miliardi di euro. In quest\u2019area, l\u2019Italia \u00e8 presente con una solida rete diplomatico-consolare composta da 18 Ambasciate e 16 Consolati.<\/p>\n<p>L\u2019Italia riserva all\u2019America Latina\u00a0una posizione preminente nella propria politica estera, in virt\u00f9 dei legami storici, sociali, culturali e politici esistenti, nonch\u00e9 delle numerose comunit\u00e0 e imprese italiane presenti nella regione. Per rafforzare questo rapporto privilegiato, nel 1966 \u00e8 stato creato, con un Accordo, l\u2019<a href=\"https:\/\/iila.org\/it\/\">Istituto Italo &#8211; Latino Americano<\/a> (IILA), organizzazione internazionale della quale sono membri l\u2019Italia e i venti Paesi latinoamericani (Argentina, Bolivia, Brasile, Cile, Colombia, Costa Rica, Cuba, Ecuador, El Salvador, Guatemala, Haiti, Honduras, Messico, Nicaragua, Panama, Paraguay, Per\u00f9, Repubblica Dominicana, Uruguay, Venezuela), che si prefigge l\u2019obiettivo di promuovere la cooperazione con la regione. Grazie alla collaborazione tra il MAECI e l\u2019IILA, a cadenza biennale viene convocata la Conferenza Italia \u2013 America Latina e Caraibi, principale foro di dialogo a livello ministeriale con le regioni latinoamericana e caraibica.<\/p>\n<p>L\u2019Italia guarda tradizionalmente con attenzione all\u2019America Latina e, nell\u2019arco degli ultimi anni, tali rapporti hanno osservato un forte rilancio, come confermato dall\u2019intensificarsi dagli scambi di visite istituzionali e dalle sinergie instauratesi anche in ambito multilaterale (Argentina, Brasile e Messico sono membri del G20) e con i principali organismi regionali (OSA, CELAC, CEPAL, MERCOSUR, SICA).<\/p>\n<p>I rapporti con l\u2019America Latina sono in fase di rilancio anche in ambito europeo, grazie a una serie di meccanismi di dialogo politico, bilaterali e regionali, in primo luogo i Vertici UE-CELAC, convocati a cadenza biennale alternativamente in Europa (a Bruxelles) e in America Latina. Le relazioni euro-latinoamericane sono state ulteriormente rafforzate dalla Global Gateway Investment Agenda (GGIA), iniziativa dell\u2019Unione Europea che promuove investimenti sostenibili e infrastrutture di qualit\u00e0 nei Paesi partner.<\/p>\n<p>&nbsp;<\/p>\n<p><strong>L\u2019Italia e i Caraibi<\/strong><\/p>\n<p>La regione caraibica anglofona comprende 10 Stati insulari (Antigua e Barbuda, Bahamas, Barbados, Dominica, Giamaica, Grenada, St. Kitts e Nevis, St. Lucia, St Vincent e Grenadine, Trinidad e Tobago) a cui si aggiungono tre Stati che si affacciano sul Mar dei Caraibi (Belize, Guyana e Suriname), tutti membri della Caribbean Community (CARICOM) e ricompresi nella categoria internazionalmente riconosciuta degli <em>Small Island Development States <\/em>(SIDS). i Paesi considerati hanno una popolazione stimata di quasi 8 milioni di persone.<\/p>\n<p>L\u2019Italia mantiene relazioni con i Paesi Caraibici attraverso accreditamenti secondari affidati alle Ambasciate a Brasilia, a Citt\u00e0 del Messico a Panama, a Santo Domingo, e a Washington e una rete di Consolati Onorari. Il MAECI ha istituito da alcuni anni la figura dell\u2019Inviato Speciale per i Paesi dei Caraibi, che visita periodicamente la regione e mantiene stabili contatti istituzionali con i Paesi dell\u2019area.<\/p>\n<p>L\u2019Italia mantiene anche stabili rapporti con le due Organizzazioni regionali, la Caribbean Community (CARICOM) e la Association of Caribbean States (ACS), all\u2019interno delle quali l\u2019Italia \u00e8 accreditata come Paese Osservatore. Nell\u2019ottica di rilanciare l\u2019azione italiana nella regione caraibica, nel corso degli ultimi anni sono aumentati gli scambi di visite e gli incontri di livello politico ed esponenti di Governo caraibici prendono parte numerosi alle Conferenze Italia \u2013 America Latina e Caraibi. Le relazioni sono incentrate su tematiche di mutuo interesse quali ambiente, sviluppo sostenibile e contrasto alla criminalit\u00e0 organizzata.<\/p>\n<p>Nel 2022 Italia e CARICOM hanno rinnovato il Memorandum d\u2019Intesa per la cooperazione nel campo dello sviluppo sostenibile, sottoscritto da undici Paesi caraibici. Attraverso tale Memorandum, si finanziano progetti volti alla mitigazione e all\u2019adattamento al cambiamento climatico, allo sviluppo di energia da fonti rinnovabili e la realizzazione di infrastrutture verdi e sostenibili. In aggiunta, nel 2022 la Cooperazione italiana ha promosso un accordo con la Banca di Sviluppo Caraibica (CDB) per la concessione di una linea di credito agevolata a favore dei Paesi della CARICOM, da impiegare in progetti nel settore del contrasto e dell\u2019adattamento al cambiamento climatico, con focus su agricoltura, energia e gestione integrata delle acque e delle zone costiere.<\/p>\n","protected":false},"excerpt":{"rendered":"L\u2019Italia e l\u2019America Latina L\u2019America Latina comprende 20 Stati, ospita circa l\u20198% della popolazione mondiale e genera circa il 5% del PIL globale. Nel 2024 nella regione vivevano 2.562.007 cittadini italiani iscritti all\u2019AIRE, mentre l\u2019interscambio commerciale ha superato i 33 miliardi di euro. In quest\u2019area, l\u2019Italia \u00e8 presente con una solida rete diplomatico-consolare composta da [&hellip;]","protected":false},"author":5,"featured_media":0,"parent":301,"menu_order":3,"comment_status":"closed","ping_status":"closed","template":"page-estera.php","meta":{"footnotes":""},"class_list":["post-75294","page","type-page","status-publish","hentry"],"_links":{"self":[{"href":"https:\/\/www.esteri.it\/it\/wp-json\/wp\/v2\/pages\/75294","targetHints":{"allow":["GET"]}}],"collection":[{"href":"https:\/\/www.esteri.it\/it\/wp-json\/wp\/v2\/pages"}],"about":[{"href":"https:\/\/www.esteri.it\/it\/wp-json\/wp\/v2\/types\/page"}],"author":[{"embeddable":true,"href":"https:\/\/www.esteri.it\/it\/wp-json\/wp\/v2\/users\/5"}],"replies":[{"embeddable":true,"href":"https:\/\/www.esteri.it\/it\/wp-json\/wp\/v2\/comments?post=75294"}],"version-history":[{"count":3,"href":"https:\/\/www.esteri.it\/it\/wp-json\/wp\/v2\/pages\/75294\/revisions"}],"predecessor-version":[{"id":162105,"href":"https:\/\/www.esteri.it\/it\/wp-json\/wp\/v2\/pages\/75294\/revisions\/162105"}],"up":[{"embeddable":true,"href":"https:\/\/www.esteri.it\/it\/wp-json\/wp\/v2\/pages\/301"}],"wp:attachment":[{"href":"https:\/\/www.esteri.it\/it\/wp-json\/wp\/v2\/media?parent=75294"}],"curies":[{"name":"wp","href":"https:\/\/api.w.org\/{rel}","templated":true}]}}