{"id":75376,"date":"2022-03-24T15:40:50","date_gmt":"2022-03-24T14:40:50","guid":{"rendered":"https:\/\/www.esteri.it\/?page_id=75376"},"modified":"2022-03-24T15:40:50","modified_gmt":"2022-03-24T14:40:50","slug":"maghreb","status":"publish","type":"page","link":"https:\/\/www.esteri.it\/it\/politica-estera-e-cooperazione-allo-sviluppo\/aree_geografiche\/mediterr_mo\/maghreb\/","title":{"rendered":"Maghreb"},"content":{"rendered":"<p class=\"x_MsoNormal\">La regione del\u00a0<b>Maghreb<\/b>\u00a0\u00e8 di rilevante e strategico interesse per l\u2019Italia, non soltanto nell\u2019ottica degli stretti rapporti di cooperazione a livello bilaterale con ciascuno dei Paesi che la compongono, ma per la priorit\u00e0 che il nostro Paese annette alla stabilit\u00e0 e alla prosperit\u00e0 del Vicinato Sud e della regione mediterranea nel suo complesso.<\/p>\n<p class=\"x_MsoNormal\">In\u00a0<b>Libia<\/b>, l\u2019Italia \u00e8 in prima linea nel sostenere attivamente il processo di stabilizzazione del Paese nel quadro definito dalle Nazioni Unite, in adesione alle Conclusioni della Seconda Conferenza di Berlino del 23 giugno 2021 e della Conferenza di Parigi del 12 novembre 2021. In stretto coordinamento con la Missione di Supporto delle Nazioni Unite in Libia, con i partner internazionali e tutti gli attori libici, l\u2019Italia \u00e8 a favore di una transizione politico-istituzionale che consenta al Paese nordafricano di avere istituzioni stabili, unite e pienamente legittimate dal voto. L\u2019Italia sostiene altres\u00ec gli sforzi della Commissione Militare Congiunta 5+5 nell\u2019assicurare il rispetto dell\u2019Accordo sul cessate il fuoco del 23 ottobre 2020, far proseguire il processo di riunificazione delle istituzioni militari e assicurare l\u2019attuazione del Piano d\u2019Azione per il ritiro di mercenari e combattenti stranieri dal Paese. L\u2019Italia, inoltre, favorisce la riconciliazione nazionale e il dialogo tra le varie componenti della societ\u00e0 libica, soprattutto nelle regioni meridionali, che risultano fondamentali per assicurare l\u2019unit\u00e0 della Libia e la stabilizzazione dell\u2019intera regione del Sahel.<\/p>\n<p class=\"x_MsoNormal\">La\u00a0<b>Tunisia<\/b>\u00a0\u00e8 un partner di primo piano nell\u2019area del Mediterraneo, al quale l\u2019Italia \u00e8 legata da antichi e profondi rapporti di amicizia e collaborazione, favoriti dalla prossimit\u00e0 geografica e dalla condivisione di un prezioso patrimonio di storia e civilt\u00e0. L\u2019Italia ha sostenuto il processo di democratizzazione della Tunisia e per questo motivo auspica un pronto ripristino dell\u2019ordine costituzionale nel Paese. L\u2019Italia sostiene, inoltre, le autorit\u00e0 tunisine nell\u2019avvio di negoziati con il Fondo Monetario Internazionale e nell\u2019adozione delle riforme strutturali necessarie ad affrontare la difficile congiuntura economica.<\/p>\n<p class=\"x_null1\">Per quanto riguarda la questione della sovranit\u00e0 sul Sahara Occidentale, l\u2019Italia sostiene l\u2019azione di mediazione delle Nazioni Unite e ritiene che soltanto negoziati diretti tra il Regno del\u00a0<b>Marocco<\/b>\u00a0e il Fronte Polisario possano favorire una soluzione equa, sostenibile e duratura della questione<\/p>\n","protected":false},"excerpt":{"rendered":"La regione del\u00a0Maghreb\u00a0\u00e8 di rilevante e strategico interesse per l\u2019Italia, non soltanto nell\u2019ottica degli stretti rapporti di cooperazione a livello bilaterale con ciascuno dei Paesi che la compongono, ma per la priorit\u00e0 che il nostro Paese annette alla stabilit\u00e0 e alla prosperit\u00e0 del Vicinato Sud e della regione mediterranea nel suo complesso. In\u00a0Libia, l\u2019Italia \u00e8 [&hellip;]","protected":false},"author":5,"featured_media":0,"parent":30489,"menu_order":1,"comment_status":"closed","ping_status":"closed","template":"page-estera.php","meta":{"footnotes":""},"class_list":["post-75376","page","type-page","status-publish","hentry"],"_links":{"self":[{"href":"https:\/\/www.esteri.it\/it\/wp-json\/wp\/v2\/pages\/75376","targetHints":{"allow":["GET"]}}],"collection":[{"href":"https:\/\/www.esteri.it\/it\/wp-json\/wp\/v2\/pages"}],"about":[{"href":"https:\/\/www.esteri.it\/it\/wp-json\/wp\/v2\/types\/page"}],"author":[{"embeddable":true,"href":"https:\/\/www.esteri.it\/it\/wp-json\/wp\/v2\/users\/5"}],"replies":[{"embeddable":true,"href":"https:\/\/www.esteri.it\/it\/wp-json\/wp\/v2\/comments?post=75376"}],"version-history":[{"count":1,"href":"https:\/\/www.esteri.it\/it\/wp-json\/wp\/v2\/pages\/75376\/revisions"}],"predecessor-version":[{"id":75377,"href":"https:\/\/www.esteri.it\/it\/wp-json\/wp\/v2\/pages\/75376\/revisions\/75377"}],"up":[{"embeddable":true,"href":"https:\/\/www.esteri.it\/it\/wp-json\/wp\/v2\/pages\/30489"}],"wp:attachment":[{"href":"https:\/\/www.esteri.it\/it\/wp-json\/wp\/v2\/media?parent=75376"}],"curies":[{"name":"wp","href":"https:\/\/api.w.org\/{rel}","templated":true}]}}