{"id":75378,"date":"2022-03-24T15:42:13","date_gmt":"2022-03-24T14:42:13","guid":{"rendered":"https:\/\/www.esteri.it\/?page_id=75378"},"modified":"2026-01-23T11:35:51","modified_gmt":"2026-01-23T10:35:51","slug":"vicino-oriente","status":"publish","type":"page","link":"https:\/\/www.esteri.it\/it\/politica-estera-e-cooperazione-allo-sviluppo\/aree_geografiche\/mediterr_mo\/vicino-oriente\/","title":{"rendered":"Vicino Oriente"},"content":{"rendered":"<p class=\"x_MsoNormal\"><b>L\u2019Egitto<\/b>, che negli ultimi anni ha fortemente elevato il proprio profilo internazionale, riveste un\u2019importanza nevralgica per la stabilit\u00e0 del Medio Oriente e del Mediterraneo, dove il Cairo rimane un partner chiave per l\u2019analisi ed il confronto sui principali focolai di crisi nell\u2019area (Libia, processo di pace israelo-palestinese, contrasto al terrorismo e ai traffici illeciti, gestione dei flussi migratori). A dieci anni dal barbaro assassinio di Giulio Regeni, il suo omicidio continua a gravare sui rapporti bilaterali, pur restando l\u2019Egitto un interlocutore ineludibile in una pluralit\u00e0 di settori di collaborazione e con il quale condividiamo uno spazio geopolitico dalle rilevanti ricadute per l\u2019Italia e l\u2019Europa.<\/p>\n<p class=\"x_MsoNormal\">Per quanto riguarda il\u00a0<b>Processo di Pace in Medio Oriente<\/b>, l\u2019Italia sostiene una soluzione a due Stati giusta, praticabile e direttamente negoziata tra le parti. Il nostro Paese \u00e8 costantemente impegnato negli sforzi della comunit\u00e0 internazionale per ridare vita ai negoziati e sostiene con convinzione, insieme alla UE, l\u2019Autorit\u00e0 Palestinese. L\u2019Italia ha accolto con favore l\u2019iniziativa di pace degli Stati Uniti, quale quadro di riferimento in cui agire per conseguire una pace durevole nella regione.<\/p>\n<p class=\"x_MsoNormal\">Ad oltre dieci anni dal suo inizio, la\u00a0<b>crisi siriana<\/b>\u00a0continua a rappresentare una delle maggiori cause di instabilit\u00e0 nella regione mediterranea, nonch\u00e9 una delle pi\u00f9 gravi tragedie umanitarie dal secondo dopoguerra. Con la caduta del regime di Assad, l\u2019Italia ha rinnovato il proprio impegno a favore del popolo siriano, sostenendo attivamente una transizione politica inclusiva, che garantisca la partecipazione di tutte le componenti della societ\u00e0 siriana (inclusi i cristiani), dopo decenni di settarismo. Il nostro Paese continua a contribuire in maniera significativa all\u2019assistenza umanitaria a favore della popolazione e dei rifugiati siriani, nonch\u00e9 agli sforzi per garantirne il ritorno volontario, sicuro e dignitoso in patria. In ambito UE, abbiamo promosso la rimozione delle sanzioni economiche per aiutare il nuovo Governo di Damasco ad avviare la ripresa e la ricostruzione della Siria.<\/p>\n<p class=\"x_MsoNormal\">Il<b>\u00a0Libano<\/b>, al quale l\u2019Italia \u00e8 legata da tradizionali rapporti di amicizia, riveste un ruolo cruciale nei delicati equilibri del Medio Oriente. Il nostro \u00e8 un investimento di lungo periodo per la sicurezza, l\u2019unit\u00e0, e la prosperit\u00e0 del Paese, da cui dipende non solo la stabilit\u00e0 della regione ma anche quella dell\u2019Europa. Il processo di rinnovamento e rafforzamento istituzionale avviatosi con l\u2019elezione del Presidente Joseph Aoun rappresenta uno sviluppo fondamentale nella direzione auspicata dall\u2019Italia. L\u2019impegno italiano si manifesta in maniera visibile sul versante securitario, con la nostra qualificata partecipazione in UNIFIL e la nostra missione bilaterale di addestramento (MIBIL), nonch\u00e9 su quello della cooperazione allo sviluppo, umanitaria e di emergenza, rafforzatosi nel contesto del conflitto tra Israele e Hezbollah.<\/p>\n","protected":false},"excerpt":{"rendered":"L\u2019Egitto, che negli ultimi anni ha fortemente elevato il proprio profilo internazionale, riveste un\u2019importanza nevralgica per la stabilit\u00e0 del Medio Oriente e del Mediterraneo, dove il Cairo rimane un partner chiave per l\u2019analisi ed il confronto sui principali focolai di crisi nell\u2019area (Libia, processo di pace israelo-palestinese, contrasto al terrorismo e ai traffici illeciti, gestione [&hellip;]","protected":false},"author":5,"featured_media":0,"parent":30489,"menu_order":2,"comment_status":"closed","ping_status":"closed","template":"page-estera.php","meta":{"footnotes":""},"class_list":["post-75378","page","type-page","status-publish","hentry"],"_links":{"self":[{"href":"https:\/\/www.esteri.it\/it\/wp-json\/wp\/v2\/pages\/75378","targetHints":{"allow":["GET"]}}],"collection":[{"href":"https:\/\/www.esteri.it\/it\/wp-json\/wp\/v2\/pages"}],"about":[{"href":"https:\/\/www.esteri.it\/it\/wp-json\/wp\/v2\/types\/page"}],"author":[{"embeddable":true,"href":"https:\/\/www.esteri.it\/it\/wp-json\/wp\/v2\/users\/5"}],"replies":[{"embeddable":true,"href":"https:\/\/www.esteri.it\/it\/wp-json\/wp\/v2\/comments?post=75378"}],"version-history":[{"count":4,"href":"https:\/\/www.esteri.it\/it\/wp-json\/wp\/v2\/pages\/75378\/revisions"}],"predecessor-version":[{"id":171315,"href":"https:\/\/www.esteri.it\/it\/wp-json\/wp\/v2\/pages\/75378\/revisions\/171315"}],"up":[{"embeddable":true,"href":"https:\/\/www.esteri.it\/it\/wp-json\/wp\/v2\/pages\/30489"}],"wp:attachment":[{"href":"https:\/\/www.esteri.it\/it\/wp-json\/wp\/v2\/media?parent=75378"}],"curies":[{"name":"wp","href":"https:\/\/api.w.org\/{rel}","templated":true}]}}