{"id":77814,"date":"2022-05-06T11:28:25","date_gmt":"2022-05-06T09:28:25","guid":{"rendered":"https:\/\/www.esteri.it\/?page_id=77814"},"modified":"2025-12-19T10:44:31","modified_gmt":"2025-12-19T09:44:31","slug":"la-parola-agli-ambasciatori","status":"publish","type":"page","link":"https:\/\/www.esteri.it\/it\/sala_stampa\/archivionotizie\/retediplomatica\/la-parola-agli-ambasciatori\/","title":{"rendered":"La parola agli Ambasciatori"},"content":{"rendered":"\n\t\t<div class=\"row\">\n\t\t\t<!-- Ricerca bandi end -->\n\t\t\t<div class=\"col-12 mt-4\">\n\t\t\t  <div class=\"callout callout-highlight note ricerca-esteri p-4\">\n\t\t\t\t<div class=\"callout-title\">\n\t\t\t\t\t<svg class=\"icon\">\n\t\t\t\t\t\t<use xlink:href=\"https:\/\/www.esteri.it\/wp-content\/themes\/mae\/assets\/svg\/sprite.svg#it-search\"><\/use>\n\t\t\t\t\t  <\/svg>Inserisci i parametri di ricerca\n\t\t\t\t  <\/div>\n\t\t\t\t<form name=\"form-bandi-end\" class=\"form-row align-items-center\" action=\"https:\/\/www.esteri.it\/it\/wp-json\/wp\/v2\/pages\/77814\/\" method=\"GET\"> \n\t\t\t\t\t<div class=\"row pt-2\">\n\t\t\t\t\t\t<input type=\"hidden\" id=\"lang\" name=\"lang\" value=\"it\"> \n    <div class=\"form-group col-md-6\">\n        <label class=\"active\" id=\"searchTextLabel\" for=\"searchText\">Ricerca per nome<\/label>\n        <input type=\"text\" class=\"form-control\" id=\"searchText\" name=\"text\" >\n    <\/div>\n    \n     <div class=\" form-group col-md-3\">\n     <div class=\"select-wrapper\">\n       <label>Anno<\/label> \n       <select name=\"anno_pub\">\n       <option value=\"\">Nessuna Selezione<\/option>\n         <option value=\"2026\">2026<\/option><option value=\"2025\">2025<\/option><option value=\"2024\">2024<\/option><option value=\"2023\">2023<\/option><option value=\"2022\">2022<\/option><option value=\"2021\">2021<\/option><option value=\"2020\">2020<\/option><option value=\"2019\">2019<\/option><option value=\"2018\">2018<\/option><option value=\"2017\">2017<\/option><option value=\"2016\">2016<\/option>\n       <\/select>\n     <\/div>\n   <\/div>\n        <div class=\" form-group col-md-3\">\n            <div class=\"select-wrapper\">\n            <label>Mese<\/label>\n            <select name=\"mese_pub\">\n         <option value=\"\" selected>Tutti i mesi<\/option><option value=\"1\">Gennaio<\/option><option value=\"2\">Febbraio<\/option><option value=\"3\">Marzo<\/option><option value=\"4\">Aprile<\/option><option value=\"5\">Maggio<\/option><option value=\"6\">Giugno<\/option><option value=\"7\">Luglio<\/option><option value=\"8\">Agosto<\/option><option value=\"9\">Settembre<\/option><option value=\"10\">Ottobre<\/option><option value=\"11\">Novembre<\/option><option value=\"12\">Dicembre<\/option>\n       <\/select>\n     <\/div>\n   <\/div><\/div><div class=\"form-group col-md-12 pt-2 text-end\">\n\t\t\t\t\t\t<a href=\"https:\/\/www.esteri.it\/it\/wp-json\/wp\/v2\/pages\/77814\/\" class=\"btn btn-outline-primary btn-xs\">Reset<\/a>\n\t\t\t\t\t<button type=\"submit\" class=\"btn btn-primary btn-xs\">Mostra risultati<\/button>\n\t\t\t\t\t<\/div>\n\t\t\t\t<\/form>\n\t\t\t\t<\/div>\n\t\t\t<\/div>\n\t\t<\/div><div class=\"row\">\n\t\t<div class=\"col-12 mt-3\">\n\t\t<!--start card-->\n\t\t<div class=\"card-wrapper\">\n\t\t  <div class=\"card card-bg card-big border-bottom-card\">\n\t\t\t<div class=\"card-body\">\n\t\t\t  <div class=\"category-top\">\n\t\t\t\t<span class=\"category\">\n\t\t\t\t  <svg class=\"icon icon-secondary\">\n\t\t\t\t\t<use xlink:href=\"https:\/\/www.esteri.it\/wp-content\/themes\/mae\/assets\/svg\/sprite.svg#it-calendar\"><\/use>\n\t\t\t\t  <\/svg>\n\t\t\t\t<\/span>\n\t\t\t\t<span class=\"data\">8 Maggio 2024<\/span>\n\t\t\t  <\/div>\n\t\t\t  <h5 class=\"card-title big-heading text-uppercase\"><a class=\"text-body text-decoration-none\" href=\"https:\/\/www.esteri.it\/it\/sala_stampa\/archivionotizie\/retediplomatica\/2024\/05\/ambasciatore-cavagna-la-cni-e-una-storia-di-successo\/\" title=\"Ambasciatore Cavagna: \u201cLa Cni \u00e8 una storia di successo\u201d\">Ambasciatore Cavagna: \u201cLa Cni \u00e8 una storia di successo\u201d<\/a><\/h5>\n\t\t\t  <p class=\"card-text\">Le relazioni bilaterali tra l\u2019Italia e la Slovenia si rispecchiano nei rapporti di buon vicinato e nel regolare dialogo politico instaurato tra Roma e Lubiana. Il partenariato dei due Paesi confinanti e alleati \u2013 entrambi sono membri dell\u2019Unione europea e della Nato \u2013 si espande su diversi piani, come frutto di un ottimo livello di [&hellip;]<\/p>\n\t\t\t  <a title=\"Ambasciatore Cavagna: \u201cLa Cni \u00e8 una storia di successo\u201d\" class=\"read-more\" href=\"https:\/\/www.esteri.it\/it\/sala_stampa\/archivionotizie\/retediplomatica\/2024\/05\/ambasciatore-cavagna-la-cni-e-una-storia-di-successo\/\">\n\t\t\t\t<span class=\"text\">Leggi di pi\u00f9<\/span>\n\t\t\t\t<svg class=\"icon\">\n\t\t\t\t  <use xlink:href=\"https:\/\/www.esteri.it\/wp-content\/themes\/mae\/assets\/svg\/sprite.svg#it-arrow-right\"><\/use>\n\t\t\t\t<\/svg>\n\t\t\t  <\/a>\n\t\t\t<\/div>\n\t\t  <\/div>\n\t\t<\/div>\n\t\t<!--end card-->\n\t\t<\/div><!-- col-12 .mt-3-->\n\t\t\n\t\t<div class=\"col-12 mt-3\">\n\t\t<!--start card-->\n\t\t<div class=\"card-wrapper\">\n\t\t  <div class=\"card card-bg card-big border-bottom-card\">\n\t\t\t<div class=\"card-body\">\n\t\t\t  <div class=\"category-top\">\n\t\t\t\t<span class=\"category\">\n\t\t\t\t  <svg class=\"icon icon-secondary\">\n\t\t\t\t\t<use xlink:href=\"https:\/\/www.esteri.it\/wp-content\/themes\/mae\/assets\/svg\/sprite.svg#it-calendar\"><\/use>\n\t\t\t\t  <\/svg>\n\t\t\t\t<\/span>\n\t\t\t\t<span class=\"data\">22 Febbraio 2023<\/span>\n\t\t\t  <\/div>\n\t\t\t  <h5 class=\"card-title big-heading text-uppercase\"><a class=\"text-body text-decoration-none\" href=\"https:\/\/www.esteri.it\/it\/sala_stampa\/archivionotizie\/retediplomatica\/2023\/02\/ucraina-ambasciatore-zazo-kiev-apprezza-continuita-sostegno-meloni-adnkronos\/\" title=\"Ucraina, ambasciatore Zazo: &#8220;Kiev apprezza continuit\u00e0 sostegno Meloni&#8221; (Adnkronos)\">Ucraina, ambasciatore Zazo: &#8220;Kiev apprezza continuit\u00e0 sostegno Meloni&#8221; (Adnkronos)<\/a><\/h5>\n\t\t\t  <p class=\"card-text\">Roma 22 febbraio 2023 &#8211; L&#8217;Ucraina &#8220;tiene molto al rapporto con l&#8217;Italia&#8221; e la visita di Giorgia Meloni a Kiev \u00e8 stata l&#8217;occasione per riaffermare &#8220;il grande apprezzamento per la continuit\u00e0 del sostegno&#8221; che il nostro Paese ha assicurato sin dall&#8217;inizio della guerra. L&#8217;ambasciatore italiano a Kiev, Pierfrancesco Zazo, all&#8217;indomani della missione della premier, d\u00e0 [&hellip;]<\/p>\n\t\t\t  <a title=\"Ucraina, ambasciatore Zazo: &#8220;Kiev apprezza continuit\u00e0 sostegno Meloni&#8221; (Adnkronos)\" class=\"read-more\" href=\"https:\/\/www.esteri.it\/it\/sala_stampa\/archivionotizie\/retediplomatica\/2023\/02\/ucraina-ambasciatore-zazo-kiev-apprezza-continuita-sostegno-meloni-adnkronos\/\">\n\t\t\t\t<span class=\"text\">Leggi di pi\u00f9<\/span>\n\t\t\t\t<svg class=\"icon\">\n\t\t\t\t  <use xlink:href=\"https:\/\/www.esteri.it\/wp-content\/themes\/mae\/assets\/svg\/sprite.svg#it-arrow-right\"><\/use>\n\t\t\t\t<\/svg>\n\t\t\t  <\/a>\n\t\t\t<\/div>\n\t\t  <\/div>\n\t\t<\/div>\n\t\t<!--end card-->\n\t\t<\/div><!-- col-12 .mt-3-->\n\t\t\n\t\t<div class=\"col-12 mt-3\">\n\t\t<!--start card-->\n\t\t<div class=\"card-wrapper\">\n\t\t  <div class=\"card card-bg card-big border-bottom-card\">\n\t\t\t<div class=\"card-body\">\n\t\t\t  <div class=\"category-top\">\n\t\t\t\t<span class=\"category\">\n\t\t\t\t  <svg class=\"icon icon-secondary\">\n\t\t\t\t\t<use xlink:href=\"https:\/\/www.esteri.it\/wp-content\/themes\/mae\/assets\/svg\/sprite.svg#it-calendar\"><\/use>\n\t\t\t\t  <\/svg>\n\t\t\t\t<\/span>\n\t\t\t\t<span class=\"data\">5 Agosto 2022<\/span>\n\t\t\t  <\/div>\n\t\t\t  <h5 class=\"card-title big-heading text-uppercase\"><a class=\"text-body text-decoration-none\" href=\"https:\/\/www.esteri.it\/it\/sala_stampa\/archivionotizie\/retediplomatica\/2022\/08\/ambasciatore-barucco-marocco-attore-fondamentale-nel-mediterraneo-ansa\/\" title=\"Ambasciatore Barucco: \u201cMarocco attore fondamentale nel Mediterraneo\u201d (ANSA)\">Ambasciatore Barucco: \u201cMarocco attore fondamentale nel Mediterraneo\u201d (ANSA)<\/a><\/h5>\n\t\t\t  <p class=\"card-text\">Rabat, 5 agosto 2022 \u2013 \u201cUna partnership strategica tra Italia e Marocco \u00e8 l\u2019esito naturale dell\u2019appartenenza allo spazio mediterraneo, e di una storia di scambi e contatti che risale addirittura ai rapporti tra il nascente Impero romano e le dinastie berbere dell&#8217;allora Regno di Mauretania\u201d. Armando Barucco, Ambasciatore d\u2019Italia a Rabat, va dritto al punto: [&hellip;]<\/p>\n\t\t\t  <a title=\"Ambasciatore Barucco: \u201cMarocco attore fondamentale nel Mediterraneo\u201d (ANSA)\" class=\"read-more\" href=\"https:\/\/www.esteri.it\/it\/sala_stampa\/archivionotizie\/retediplomatica\/2022\/08\/ambasciatore-barucco-marocco-attore-fondamentale-nel-mediterraneo-ansa\/\">\n\t\t\t\t<span class=\"text\">Leggi di pi\u00f9<\/span>\n\t\t\t\t<svg class=\"icon\">\n\t\t\t\t  <use xlink:href=\"https:\/\/www.esteri.it\/wp-content\/themes\/mae\/assets\/svg\/sprite.svg#it-arrow-right\"><\/use>\n\t\t\t\t<\/svg>\n\t\t\t  <\/a>\n\t\t\t<\/div>\n\t\t  <\/div>\n\t\t<\/div>\n\t\t<!--end card-->\n\t\t<\/div><!-- col-12 .mt-3-->\n\t\t\n\t\t<div class=\"col-12 mt-3\">\n\t\t<!--start card-->\n\t\t<div class=\"card-wrapper\">\n\t\t  <div class=\"card card-bg card-big border-bottom-card\">\n\t\t\t<div class=\"card-body\">\n\t\t\t  <div class=\"category-top\">\n\t\t\t\t<span class=\"category\">\n\t\t\t\t  <svg class=\"icon icon-secondary\">\n\t\t\t\t\t<use xlink:href=\"https:\/\/www.esteri.it\/wp-content\/themes\/mae\/assets\/svg\/sprite.svg#it-calendar\"><\/use>\n\t\t\t\t  <\/svg>\n\t\t\t\t<\/span>\n\t\t\t\t<span class=\"data\">23 Giugno 2022<\/span>\n\t\t\t  <\/div>\n\t\t\t  <h5 class=\"card-title big-heading text-uppercase\"><a class=\"text-body text-decoration-none\" href=\"https:\/\/www.esteri.it\/it\/sala_stampa\/archivionotizie\/retediplomatica\/2022\/06\/ambasciatore-colella-norvegia-partner-affidabile-per-italia-e-ue-ansa\/\" title=\"Ambasciatore Colella: \u201cNorvegia partner affidabile per Italia e Ue\u201d (ANSA)\">Ambasciatore Colella: \u201cNorvegia partner affidabile per Italia e Ue\u201d (ANSA)<\/a><\/h5>\n\t\t\t  <p class=\"card-text\">Bruxelles, 23 giugno 2022 &#8211; Nel mezzo di una guerra che ha sconvolto tutti gli equilibri geopolitici ed economici, la Norvegia ha dato conferma all&#8217;Europa e all&#8217;Italia &#8220;della sua piena affidabilit\u00e0, sul piano energetico e non solo&#8221;. L&#8217;ambasciatore d&#8217;Italia in Norvegia e Islanda, Alberto Colella, in un&#8217;intervista all&#8217;ANSA delinea l&#8217;evoluzione della regione dell&#8217;Artico, &#8220;sempre pi\u00f9 [&hellip;]<\/p>\n\t\t\t  <a title=\"Ambasciatore Colella: \u201cNorvegia partner affidabile per Italia e Ue\u201d (ANSA)\" class=\"read-more\" href=\"https:\/\/www.esteri.it\/it\/sala_stampa\/archivionotizie\/retediplomatica\/2022\/06\/ambasciatore-colella-norvegia-partner-affidabile-per-italia-e-ue-ansa\/\">\n\t\t\t\t<span class=\"text\">Leggi di pi\u00f9<\/span>\n\t\t\t\t<svg class=\"icon\">\n\t\t\t\t  <use xlink:href=\"https:\/\/www.esteri.it\/wp-content\/themes\/mae\/assets\/svg\/sprite.svg#it-arrow-right\"><\/use>\n\t\t\t\t<\/svg>\n\t\t\t  <\/a>\n\t\t\t<\/div>\n\t\t  <\/div>\n\t\t<\/div>\n\t\t<!--end card-->\n\t\t<\/div><!-- col-12 .mt-3-->\n\t\t\n\t\t<div class=\"col-12 mt-3\">\n\t\t<!--start card-->\n\t\t<div class=\"card-wrapper\">\n\t\t  <div class=\"card card-bg card-big border-bottom-card\">\n\t\t\t<div class=\"card-body\">\n\t\t\t  <div class=\"category-top\">\n\t\t\t\t<span class=\"category\">\n\t\t\t\t  <svg class=\"icon icon-secondary\">\n\t\t\t\t\t<use xlink:href=\"https:\/\/www.esteri.it\/wp-content\/themes\/mae\/assets\/svg\/sprite.svg#it-calendar\"><\/use>\n\t\t\t\t  <\/svg>\n\t\t\t\t<\/span>\n\t\t\t\t<span class=\"data\">23 Giugno 2022<\/span>\n\t\t\t  <\/div>\n\t\t\t  <h5 class=\"card-title big-heading text-uppercase\"><a class=\"text-body text-decoration-none\" href=\"https:\/\/www.esteri.it\/it\/sala_stampa\/archivionotizie\/retediplomatica\/2022\/06\/ambasciatore-brasioli-lussemburgo-strategico-un-legame-storico-ansa\/\" title=\"Ambasciatore Brasioli: \u201cLussemburgo strategico, un legame storico\u201d (ANSA)\">Ambasciatore Brasioli: \u201cLussemburgo strategico, un legame storico\u201d (ANSA)<\/a><\/h5>\n\t\t\t  <p class=\"card-text\">Bruxelles, 23 giugno 2022 &#8211; &#8220;Il Lussemburgo \u00e8 un Paese estremamente interessante e strategico per le relazioni con l&#8217;Italia. C&#8217;\u00e8 un grandissimo interesse reciproco, una forte vicinanza su molti temi politici e sulla visione dell&#8217;Europa&#8221; e &#8220;sono due Paesi profondamente legati, anche dal punto di vista storico&#8221;. Lo racconta l&#8217;ambasciatore italiano in Lussemburgo Diego Brasioli [&hellip;]<\/p>\n\t\t\t  <a title=\"Ambasciatore Brasioli: \u201cLussemburgo strategico, un legame storico\u201d (ANSA)\" class=\"read-more\" href=\"https:\/\/www.esteri.it\/it\/sala_stampa\/archivionotizie\/retediplomatica\/2022\/06\/ambasciatore-brasioli-lussemburgo-strategico-un-legame-storico-ansa\/\">\n\t\t\t\t<span class=\"text\">Leggi di pi\u00f9<\/span>\n\t\t\t\t<svg class=\"icon\">\n\t\t\t\t  <use xlink:href=\"https:\/\/www.esteri.it\/wp-content\/themes\/mae\/assets\/svg\/sprite.svg#it-arrow-right\"><\/use>\n\t\t\t\t<\/svg>\n\t\t\t  <\/a>\n\t\t\t<\/div>\n\t\t  <\/div>\n\t\t<\/div>\n\t\t<!--end card-->\n\t\t<\/div><!-- col-12 .mt-3-->\n\t\t\n\t\t<div class=\"col-12 mt-3\">\n\t\t<!--start card-->\n\t\t<div class=\"card-wrapper\">\n\t\t  <div class=\"card card-bg card-big border-bottom-card\">\n\t\t\t<div class=\"card-body\">\n\t\t\t  <div class=\"category-top\">\n\t\t\t\t<span class=\"category\">\n\t\t\t\t  <svg class=\"icon icon-secondary\">\n\t\t\t\t\t<use xlink:href=\"https:\/\/www.esteri.it\/wp-content\/themes\/mae\/assets\/svg\/sprite.svg#it-calendar\"><\/use>\n\t\t\t\t  <\/svg>\n\t\t\t\t<\/span>\n\t\t\t\t<span class=\"data\">20 Giugno 2022<\/span>\n\t\t\t  <\/div>\n\t\t\t  <h5 class=\"card-title big-heading text-uppercase\"><a class=\"text-body text-decoration-none\" href=\"https:\/\/www.esteri.it\/it\/sala_stampa\/archivionotizie\/retediplomatica\/2022\/06\/ambasciatore-greganti-litalia-sostiene-la-stabilita-delliraq-ansa\/\" title=\"Ambasciatore Greganti: \u201cL\u2019Italia sostiene la stabilit\u00e0 dell\u2019Iraq\u201d (ANSA)\">Ambasciatore Greganti: \u201cL\u2019Italia sostiene la stabilit\u00e0 dell\u2019Iraq\u201d (ANSA)<\/a><\/h5>\n\t\t\t  <p class=\"card-text\">Beirut, 20 giugno 2022 &#8211; L&#8217;Italia &#8220;sostiene autenticamente la stabilit\u00e0 e la prosperit\u00e0 dell&#8217;Iraq. \u00c8 un nostro interesse primario&#8221;, afferma Maurizio Greganti, Ambasciatore d&#8217;Italia a Baghdad. Attore chiave in Medio Oriente, l&#8217;Iraq si trova oggi di fronte a molteplici sfide: un prolungato stallo politico, il contrasto al terrorismo, le ripercussioni della guerra in Ucraina sull&#8217;approvvigionamento [&hellip;]<\/p>\n\t\t\t  <a title=\"Ambasciatore Greganti: \u201cL\u2019Italia sostiene la stabilit\u00e0 dell\u2019Iraq\u201d (ANSA)\" class=\"read-more\" href=\"https:\/\/www.esteri.it\/it\/sala_stampa\/archivionotizie\/retediplomatica\/2022\/06\/ambasciatore-greganti-litalia-sostiene-la-stabilita-delliraq-ansa\/\">\n\t\t\t\t<span class=\"text\">Leggi di pi\u00f9<\/span>\n\t\t\t\t<svg class=\"icon\">\n\t\t\t\t  <use xlink:href=\"https:\/\/www.esteri.it\/wp-content\/themes\/mae\/assets\/svg\/sprite.svg#it-arrow-right\"><\/use>\n\t\t\t\t<\/svg>\n\t\t\t  <\/a>\n\t\t\t<\/div>\n\t\t  <\/div>\n\t\t<\/div>\n\t\t<!--end card-->\n\t\t<\/div><!-- col-12 .mt-3-->\n\t\t\n\t\t<div class=\"col-12 mt-3\">\n\t\t<!--start card-->\n\t\t<div class=\"card-wrapper\">\n\t\t  <div class=\"card card-bg card-big border-bottom-card\">\n\t\t\t<div class=\"card-body\">\n\t\t\t  <div class=\"category-top\">\n\t\t\t\t<span class=\"category\">\n\t\t\t\t  <svg class=\"icon icon-secondary\">\n\t\t\t\t\t<use xlink:href=\"https:\/\/www.esteri.it\/wp-content\/themes\/mae\/assets\/svg\/sprite.svg#it-calendar\"><\/use>\n\t\t\t\t  <\/svg>\n\t\t\t\t<\/span>\n\t\t\t\t<span class=\"data\">20 Giugno 2022<\/span>\n\t\t\t  <\/div>\n\t\t\t  <h5 class=\"card-title big-heading text-uppercase\"><a class=\"text-body text-decoration-none\" href=\"https:\/\/www.esteri.it\/it\/sala_stampa\/archivionotizie\/retediplomatica\/2022\/06\/ambasciatore-genuardi-italia-belgio-una-storia-di-successo-ansa\/\" title=\"Ambasciatore Genuardi: \u201cItalia-Belgio, una storia di successo\u201d (ANSA)\">Ambasciatore Genuardi: \u201cItalia-Belgio, una storia di successo\u201d (ANSA)<\/a><\/h5>\n\t\t\t  <p class=\"card-text\">Bruxelles, 20 giugno 2022 &#8211; Una &#8220;storia di successo&#8221; non solo per l&#8217;altissimo livello raggiunto dall&#8217;integrazione degli italiani nel Paese ma anche per i risultati ottenuti dallo sviluppo delle relazioni economiche, sociali e culturali. Cos\u00ec l&#8217;ambasciatore d&#8217;Italia presso il Belgio, Francesco Genuardi, sintetizza lo stato dei rapporti bilaterali tra due Paesi uniti da forti legami [&hellip;]<\/p>\n\t\t\t  <a title=\"Ambasciatore Genuardi: \u201cItalia-Belgio, una storia di successo\u201d (ANSA)\" class=\"read-more\" href=\"https:\/\/www.esteri.it\/it\/sala_stampa\/archivionotizie\/retediplomatica\/2022\/06\/ambasciatore-genuardi-italia-belgio-una-storia-di-successo-ansa\/\">\n\t\t\t\t<span class=\"text\">Leggi di pi\u00f9<\/span>\n\t\t\t\t<svg class=\"icon\">\n\t\t\t\t  <use xlink:href=\"https:\/\/www.esteri.it\/wp-content\/themes\/mae\/assets\/svg\/sprite.svg#it-arrow-right\"><\/use>\n\t\t\t\t<\/svg>\n\t\t\t  <\/a>\n\t\t\t<\/div>\n\t\t  <\/div>\n\t\t<\/div>\n\t\t<!--end card-->\n\t\t<\/div><!-- col-12 .mt-3-->\n\t\t\n\t\t<div class=\"col-12 mt-3\">\n\t\t<!--start card-->\n\t\t<div class=\"card-wrapper\">\n\t\t  <div class=\"card card-bg card-big border-bottom-card\">\n\t\t\t<div class=\"card-body\">\n\t\t\t  <div class=\"category-top\">\n\t\t\t\t<span class=\"category\">\n\t\t\t\t  <svg class=\"icon icon-secondary\">\n\t\t\t\t\t<use xlink:href=\"https:\/\/www.esteri.it\/wp-content\/themes\/mae\/assets\/svg\/sprite.svg#it-calendar\"><\/use>\n\t\t\t\t  <\/svg>\n\t\t\t\t<\/span>\n\t\t\t\t<span class=\"data\">16 Giugno 2022<\/span>\n\t\t\t  <\/div>\n\t\t\t  <h5 class=\"card-title big-heading text-uppercase\"><a class=\"text-body text-decoration-none\" href=\"https:\/\/www.esteri.it\/it\/sala_stampa\/archivionotizie\/retediplomatica\/2022\/06\/ambasciatore-failla-italia-e-corea-del-sud-unite-sullinnovazione-ansa\/\" title=\"Ambasciatore Failla: \u201cItalia e Corea del Sud unite sull&#8217;innovazione\u201d (ANSA)\">Ambasciatore Failla: \u201cItalia e Corea del Sud unite sull&#8217;innovazione\u201d (ANSA)<\/a><\/h5>\n\t\t\t  <p class=\"card-text\">Pechino, 16 giugno 2022 &#8211; Con la Corea del Sud tornata alla normalit\u00e0, malgrado i 10.000 casi quotidiani di Covid-19, anche le attivit\u00e0 di promozione del sistema Italia hanno ripreso vigore puntando su microelettronica, design, cambiamento climatico e aerospazio. Dopo le celebrazioni della Festa della Repubblica del 2 giugno per la prima volta in presenza [&hellip;]<\/p>\n\t\t\t  <a title=\"Ambasciatore Failla: \u201cItalia e Corea del Sud unite sull&#8217;innovazione\u201d (ANSA)\" class=\"read-more\" href=\"https:\/\/www.esteri.it\/it\/sala_stampa\/archivionotizie\/retediplomatica\/2022\/06\/ambasciatore-failla-italia-e-corea-del-sud-unite-sullinnovazione-ansa\/\">\n\t\t\t\t<span class=\"text\">Leggi di pi\u00f9<\/span>\n\t\t\t\t<svg class=\"icon\">\n\t\t\t\t  <use xlink:href=\"https:\/\/www.esteri.it\/wp-content\/themes\/mae\/assets\/svg\/sprite.svg#it-arrow-right\"><\/use>\n\t\t\t\t<\/svg>\n\t\t\t  <\/a>\n\t\t\t<\/div>\n\t\t  <\/div>\n\t\t<\/div>\n\t\t<!--end card-->\n\t\t<\/div><!-- col-12 .mt-3-->\n\t\t\n\t\t<div class=\"col-12 mt-3\">\n\t\t<!--start card-->\n\t\t<div class=\"card-wrapper\">\n\t\t  <div class=\"card card-bg card-big border-bottom-card\">\n\t\t\t<div class=\"card-body\">\n\t\t\t  <div class=\"category-top\">\n\t\t\t\t<span class=\"category\">\n\t\t\t\t  <svg class=\"icon icon-secondary\">\n\t\t\t\t\t<use xlink:href=\"https:\/\/www.esteri.it\/wp-content\/themes\/mae\/assets\/svg\/sprite.svg#it-calendar\"><\/use>\n\t\t\t\t  <\/svg>\n\t\t\t\t<\/span>\n\t\t\t\t<span class=\"data\">9 Giugno 2022<\/span>\n\t\t\t  <\/div>\n\t\t\t  <h5 class=\"card-title big-heading text-uppercase\"><a class=\"text-body text-decoration-none\" href=\"https:\/\/www.esteri.it\/it\/sala_stampa\/archivionotizie\/retediplomatica\/2022\/06\/ambasciatore-pontesilli-guinea-in-arrivo-gli-appalti-post-conde-ansa\/\" title=\"Ambasciatore Pontesilli: \u201cGuinea, in arrivo gli appalti post-Cond\u00e9\u201d (ANSA)\">Ambasciatore Pontesilli: \u201cGuinea, in arrivo gli appalti post-Cond\u00e9\u201d (ANSA)<\/a><\/h5>\n\t\t\t  <p class=\"card-text\">Il Cairo, 9 giugno 2022 &#8211; Nella Repubblica di Guinea &#8211; quella ex francese detta anche \u201cConakry\u201d per distinguerla dalla confinante \u201cBissau\u201d e dalla pi\u00f9 lontana \u201cEquatoriale\u201d &#8211; la fine del Ventennio di potere del deposto e inquisito presidente Alpha Cond\u00e9 ha aperto dal settembre scorso nuove prospettive per investimenti stranieri in infrastrutture di qualit\u00e0 [&hellip;]<\/p>\n\t\t\t  <a title=\"Ambasciatore Pontesilli: \u201cGuinea, in arrivo gli appalti post-Cond\u00e9\u201d (ANSA)\" class=\"read-more\" href=\"https:\/\/www.esteri.it\/it\/sala_stampa\/archivionotizie\/retediplomatica\/2022\/06\/ambasciatore-pontesilli-guinea-in-arrivo-gli-appalti-post-conde-ansa\/\">\n\t\t\t\t<span class=\"text\">Leggi di pi\u00f9<\/span>\n\t\t\t\t<svg class=\"icon\">\n\t\t\t\t  <use xlink:href=\"https:\/\/www.esteri.it\/wp-content\/themes\/mae\/assets\/svg\/sprite.svg#it-arrow-right\"><\/use>\n\t\t\t\t<\/svg>\n\t\t\t  <\/a>\n\t\t\t<\/div>\n\t\t  <\/div>\n\t\t<\/div>\n\t\t<!--end card-->\n\t\t<\/div><!-- col-12 .mt-3-->\n\t\t\n\t\t<div class=\"col-12 mt-3\">\n\t\t<!--start card-->\n\t\t<div class=\"card-wrapper\">\n\t\t  <div class=\"card card-bg card-big border-bottom-card\">\n\t\t\t<div class=\"card-body\">\n\t\t\t  <div class=\"category-top\">\n\t\t\t\t<span class=\"category\">\n\t\t\t\t  <svg class=\"icon icon-secondary\">\n\t\t\t\t\t<use xlink:href=\"https:\/\/www.esteri.it\/wp-content\/themes\/mae\/assets\/svg\/sprite.svg#it-calendar\"><\/use>\n\t\t\t\t  <\/svg>\n\t\t\t\t<\/span>\n\t\t\t\t<span class=\"data\">6 Giugno 2022<\/span>\n\t\t\t  <\/div>\n\t\t\t  <h5 class=\"card-title big-heading text-uppercase\"><a class=\"text-body text-decoration-none\" href=\"https:\/\/www.esteri.it\/it\/sala_stampa\/archivionotizie\/retediplomatica\/2022\/06\/ambasciatore-de-luca-con-lindia-partnership-storica-e-crescente-ansa\/\" title=\"Ambasciatore de Luca: \u201cCon l&#8217;India partnership storica e crescente\u201d (ANSA)\">Ambasciatore de Luca: \u201cCon l&#8217;India partnership storica e crescente\u201d (ANSA)<\/a><\/h5>\n\t\t\t  <p class=\"card-text\">New Delhi, 6 giugno 2022 &#8211; &#8220;Le nostre relazioni non sono mai state cos\u00ec buone&#8221;, afferma Vincenzo de Luca, ambasciatore d&#8217;Italia a New Delhi. &#8220;Tra i nostri due Paesi c&#8217;\u00e8 un legame non solo solido, ma di lunga data. Quando nei giorni scorsi abbiamo festeggiato la nostra Repubblica, eravamo assieme a tantissimi ospiti indiani, anche [&hellip;]<\/p>\n\t\t\t  <a title=\"Ambasciatore de Luca: \u201cCon l&#8217;India partnership storica e crescente\u201d (ANSA)\" class=\"read-more\" href=\"https:\/\/www.esteri.it\/it\/sala_stampa\/archivionotizie\/retediplomatica\/2022\/06\/ambasciatore-de-luca-con-lindia-partnership-storica-e-crescente-ansa\/\">\n\t\t\t\t<span class=\"text\">Leggi di pi\u00f9<\/span>\n\t\t\t\t<svg class=\"icon\">\n\t\t\t\t  <use xlink:href=\"https:\/\/www.esteri.it\/wp-content\/themes\/mae\/assets\/svg\/sprite.svg#it-arrow-right\"><\/use>\n\t\t\t\t<\/svg>\n\t\t\t  <\/a>\n\t\t\t<\/div>\n\t\t  <\/div>\n\t\t<\/div>\n\t\t<!--end card-->\n\t\t<\/div><!-- col-12 .mt-3-->\n\t\t<div class=\"col-md-12 mt-4 pb-4\">\n\t  \t\t\t\t<nav class=\"navigation col-md-12\" aria-label=\"Navigation\">\n\t\t\t<h2 class=\"screen-reader-text visually-hidden\">Paginazione<\/h2>\n\t\t\t<div class=\"nav-links\"><span aria-current=\"page\" class=\"page-numbers current\">1<\/span>\n<a class=\"page-numbers\" href=\"https:\/\/www.esteri.it\/it\/wp-json\/wp\/v2\/pages\/77814\/?pag=2\">2<\/a>\n<a class=\"page-numbers\" href=\"https:\/\/www.esteri.it\/it\/wp-json\/wp\/v2\/pages\/77814\/?pag=3\">3<\/a>\n<a class=\"page-numbers\" href=\"https:\/\/www.esteri.it\/it\/wp-json\/wp\/v2\/pages\/77814\/?pag=4\">4<\/a>\n<a class=\"next page-numbers\" href=\"https:\/\/www.esteri.it\/it\/wp-json\/wp\/v2\/pages\/77814\/?pag=2\"><svg class=\"icon icon-primary\"><use xlink:href=\"https:\/\/www.esteri.it\/wp-content\/themes\/mae\/assets\/svg\/sprite.svg#it-chevron-right\"><\/use><\/svg>\n\t\t\t\t\t\t<span class=\"visually-hidden\">Pagina successiva<\/span><\/a><\/div><\/nav><\/div><\/div>\n","protected":false},"excerpt":{"rendered":"","protected":false},"author":1,"featured_media":0,"parent":199,"menu_order":0,"comment_status":"closed","ping_status":"closed","template":"","meta":{"footnotes":""},"class_list":["post-77814","page","type-page","status-publish","hentry"],"_links":{"self":[{"href":"https:\/\/www.esteri.it\/it\/wp-json\/wp\/v2\/pages\/77814","targetHints":{"allow":["GET"]}}],"collection":[{"href":"https:\/\/www.esteri.it\/it\/wp-json\/wp\/v2\/pages"}],"about":[{"href":"https:\/\/www.esteri.it\/it\/wp-json\/wp\/v2\/types\/page"}],"author":[{"embeddable":true,"href":"https:\/\/www.esteri.it\/it\/wp-json\/wp\/v2\/users\/1"}],"replies":[{"embeddable":true,"href":"https:\/\/www.esteri.it\/it\/wp-json\/wp\/v2\/comments?post=77814"}],"version-history":[{"count":3,"href":"https:\/\/www.esteri.it\/it\/wp-json\/wp\/v2\/pages\/77814\/revisions"}],"predecessor-version":[{"id":97350,"href":"https:\/\/www.esteri.it\/it\/wp-json\/wp\/v2\/pages\/77814\/revisions\/97350"}],"up":[{"embeddable":true,"href":"https:\/\/www.esteri.it\/it\/wp-json\/wp\/v2\/pages\/199"}],"wp:attachment":[{"href":"https:\/\/www.esteri.it\/it\/wp-json\/wp\/v2\/media?parent=77814"}],"curies":[{"name":"wp","href":"https:\/\/api.w.org\/{rel}","templated":true}]}}