{"id":80066,"date":"2022-06-07T14:29:26","date_gmt":"2022-06-07T12:29:26","guid":{"rendered":"https:\/\/www.esteri.it\/?page_id=80066"},"modified":"2025-11-25T17:04:54","modified_gmt":"2025-11-25T16:04:54","slug":"coopera-2022-2-conferenza-nazionale-della-cooperazione-allo-sviluppo","status":"publish","type":"page","link":"https:\/\/www.esteri.it\/it\/politica-estera-e-cooperazione-allo-sviluppo\/cooperaz_sviluppo\/eventi\/coopera-2022-2-conferenza-nazionale-della-cooperazione-allo-sviluppo\/","title":{"rendered":"COOPERA 2022 \u2013 2\u00b0 Conferenza Nazionale della Cooperazione allo Sviluppo"},"content":{"rendered":"<p><img decoding=\"async\" class=\"alignnone size-medium wp-image-79222 img-fluid\" src=\"https:\/\/www.esteri.it\/wp-content\/uploads\/2022\/06\/COOPERA-900x593-1.jpg\" alt=\"COOPERA 2022 \u2013 2\u00b0 Conferenza Nazionale della Cooperazione allo Sviluppo\" width=\"700\" \/><\/p>\n<p>Gioved\u00ec 23 giugno e venerd\u00ec 24 giugno si terr\u00e0 a Roma &#8211; presso l\u2019Auditorium della Conciliazione &#8211; la seconda Conferenza Nazionale della Cooperazione allo Sviluppo, che ai sensi della legge 125\/2014 viene convocata ogni tre anni dal Ministro degli Affari Esteri e della Cooperazione Internazionale per favorire la partecipazione dei cittadini nella definizione delle politiche di cooperazione allo sviluppo. La Conferenza, denominata CO-OPERA 2022, \u00e8 co-organizzata dalla Direzione Generale per la Cooperazione allo Sviluppo del MAECI insieme all&#8217;Agenzia italiana della Cooperazione allo Sviluppo, con la Media Partnership della RAI. Il pubblico potr\u00e0 accedervi a seguito di registrazione sul sito <a id=\"LPlnk362455\" href=\"http:\/\/www.conferenzacoopera.it\">www.conferenzacoopera.it<\/a>.<\/p>\n<p>L\u2019evento sar\u00e0 aperto dall\u2019intervento inaugurale del Signor Presidente della Repubblica <strong>Sergio Mattarella<\/strong> e del Ministro degli Affari Esteri e della Cooperazione Internazionale <strong>Luigi Di Maio<\/strong>. Nella sessione di apertura sono previsti interventi del Cardinale Segretario di Stato, <strong>Pietro Parolin<\/strong>, dei rappresentanti della Commissione Europea, dell\u2019UNICEF e di organizzazioni della societ\u00e0 civile italiana del Burkina Faso.<\/p>\n<p>I successivi lavori della Conferenza si articoleranno su 5 Panel incentrati sulle 5 P dell\u2019Agenda 2030 delle Nazioni Unite per lo sviluppo sostenibile (Pace, Persone, Prosperit\u00e0, Pianeta, Partnership) con un particolare focus sulla Pace, alla luce della presente situazione internazionale.<\/p>\n<p>Nei Panel \u00e8 prevista la partecipazione dei Ministri competenti per materia insieme a relatori rappresentativi del sistema della cooperazione italiana allo sviluppo, rappresentanti della societ\u00e0 civile dei Paesi partner, figure apicali di alcune organizzazioni internazionali e think-tank.<\/p>\n<p>CO-OPERA si arricchir\u00e0 anche di eventi a margine (\u201cSide Events\u201d), realizzati da organizzazioni della societ\u00e0 civile, universit\u00e0 e altri soggetti che compongono il sistema della cooperazione italiana allo sviluppo, e di interventi individuali (\u201cCoopera Talks\u201d) rapidi e incisivi, incentrati su specifici fatti, esperienze ed idee. La conclusione dei lavori, nella giornata del 24 giugno, sar\u00e0 affidata alla Vice Ministra degli Affari Esteri e della Cooperazione Internazionale, <strong>Marina Sereni<\/strong>.<\/p>\n<p>La Conferenza sar\u00e0 una importante occasione per valutare e far conoscere al grande pubblico le priorit\u00e0 e le iniziative della cooperazione allo sviluppo e dell\u2019aiuto umanitario. Allo stesso tempo, costituir\u00e0 un momento di confronto, proposta e stimolo per tutti gli attori che la legge 125\/2014 riconosce come soggetti attivi di cooperazione e che concorrono a comporre il sistema della cooperazione italiana allo sviluppo.<\/p>\n<p>Per maggiori info e programma, visita il sito ufficiale di Coopera <a id=\"LPlnk232729\" href=\"https:\/\/www.conferenzacoopera.it\/\">https:\/\/www.conferenzacoopera.it\/<\/a><\/p>\n<p>&nbsp;<\/p>\n<p><strong>INFORMAZIONI PER GLI OPERATORI DEI MEDIA:<\/strong><\/p>\n<p>Tutti i lavori, compresi i side-events e i Coopera Talks, andranno in <strong>diretta streaming<\/strong> sul sito web di Coopera <a id=\"LPlnk139340\" href=\"https:\/\/www.conferenzacoopera.it\/\">https:\/\/www.conferenzacoopera.it\/<\/a>.<\/p>\n<p>I giornalisti e i foto-cine operatori potranno seguire i lavori anche <strong>in presenza<\/strong>, nella sala della Plenaria. Sar\u00e0 disponibile anche una sala stampa, a capienza ridotta, con rimando del segnale audio-video dei lavori.<\/p>\n<p>I giornalisti e i cine-foto-operatori interessati a coprire l\u2019evento potranno accreditarsi\u00a0<strong>entro le ore 13.00 di mercoled\u00ec 22 giugno<\/strong>, VIA E-MAIL all\u2019indirizzo\u00a0<a href=\"mailto:accreditamentostampa@esteri.it\" target=\"_blank\" rel=\"noopener\">accreditamentostampa@esteri.it<\/a> \u00a0(tel. 06\/3691-3432 o 8573), allegando:<\/p>\n<ul>\n<li>documento di identit\u00e0;<\/li>\n<li>lettera della testata di appartenenza o, in assenza, tesserino professionale;<\/li>\n<li>(per i rappresentanti degli organi di stampa stranieri) anche Nota Verbale dell\u2019Ambasciata a Roma del Paese dell\u2019organo di stampa rappresentato.<\/li>\n<\/ul>\n<p>I rappresentanti della stampa che avranno ricevuto conferma di accredito potranno\u00a0accedere all\u2019Auditorium della Conciliazione, dall\u2019ingresso sito in Piazza Pia n. 1, nelle seguenti modalit\u00e0:<\/p>\n<p><strong>Gioved\u00ec 23 giugno<\/strong><\/p>\n<ul>\n<li><strong>dalle ore 08:00 <u>e non oltre le ore 09:15<\/u><\/strong> (per i cine-foto-operatori e i giornalisti che desiderano seguire la sessione di apertura nella Sala Plenaria)<\/li>\n<li><strong>dalle ore 11:15 a fine lavori (ore 19:30)<\/strong> per tutta la stampa accreditata.<\/li>\n<\/ul>\n<p><strong>Venerd\u00ec 24 giugno<\/strong><\/p>\n<ul>\n<li><strong>dalle ore 9:00 a fine lavori (ore 18:30)<\/strong> per tutta la stampa accreditata<\/li>\n<\/ul>\n","protected":false},"excerpt":{"rendered":"Gioved\u00ec 23 giugno e venerd\u00ec 24 giugno si terr\u00e0 a Roma &#8211; presso l\u2019Auditorium della Conciliazione &#8211; la seconda Conferenza Nazionale della Cooperazione allo Sviluppo, che ai sensi della legge 125\/2014 viene convocata ogni tre anni dal Ministro degli Affari Esteri e della Cooperazione Internazionale per favorire la partecipazione dei cittadini nella definizione delle politiche [&hellip;]","protected":false},"author":4,"featured_media":0,"parent":31229,"menu_order":3,"comment_status":"closed","ping_status":"closed","template":"page-estera.php","meta":{"footnotes":""},"class_list":["post-80066","page","type-page","status-publish","hentry"],"_links":{"self":[{"href":"https:\/\/www.esteri.it\/it\/wp-json\/wp\/v2\/pages\/80066","targetHints":{"allow":["GET"]}}],"collection":[{"href":"https:\/\/www.esteri.it\/it\/wp-json\/wp\/v2\/pages"}],"about":[{"href":"https:\/\/www.esteri.it\/it\/wp-json\/wp\/v2\/types\/page"}],"author":[{"embeddable":true,"href":"https:\/\/www.esteri.it\/it\/wp-json\/wp\/v2\/users\/4"}],"replies":[{"embeddable":true,"href":"https:\/\/www.esteri.it\/it\/wp-json\/wp\/v2\/comments?post=80066"}],"version-history":[{"count":6,"href":"https:\/\/www.esteri.it\/it\/wp-json\/wp\/v2\/pages\/80066\/revisions"}],"predecessor-version":[{"id":80995,"href":"https:\/\/www.esteri.it\/it\/wp-json\/wp\/v2\/pages\/80066\/revisions\/80995"}],"up":[{"embeddable":true,"href":"https:\/\/www.esteri.it\/it\/wp-json\/wp\/v2\/pages\/31229"}],"wp:attachment":[{"href":"https:\/\/www.esteri.it\/it\/wp-json\/wp\/v2\/media?parent=80066"}],"curies":[{"name":"wp","href":"https:\/\/api.w.org\/{rel}","templated":true}]}}