{"id":80291,"date":"2022-10-07T16:26:25","date_gmt":"2022-10-07T14:26:25","guid":{"rendered":"https:\/\/www.esteri.it\/?page_id=80291"},"modified":"2023-12-20T17:20:25","modified_gmt":"2023-12-20T16:20:25","slug":"spid","status":"publish","type":"page","link":"https:\/\/www.esteri.it\/it\/servizi-consolari-e-visti\/italiani-all-estero\/spid\/","title":{"rendered":"SPID"},"content":{"rendered":"<p>SPID, il Sistema Pubblico di Identit\u00e0 Digitale, \u00e8 la soluzione che permette di accedere ai servizi online della Pubblica Amministrazione e dei soggetti privati aderenti con un&#8217;unica Identit\u00e0 Digitale (username e password) utilizzabile da computer, tablet e smartphone.<\/p>\n<p>L\u2019utilizzo dello SPID \u00e8 gratuito.<\/p>\n<p>Anche richiedere SPID \u00e8 gratuito, ma alcune forme di riconoscimento da parte degli operatori potrebbero essere a pagamento.<\/p>\n<p>SPID \u00e8 semplice: prenotazioni sanitarie, iscrizioni scolastiche, accesso alla rete Wi-Fi pubblica, pratiche d&#8217;impresa ecc. sempre con le stesse credenziali.<\/p>\n<p>SPID \u00e8 sicuro: il sistema SPID assicura la piena protezione dei tuoi dati personali e non \u00e8 consentito alcun tipo di profilazione; la tua privacy \u00e8 garantita.<\/p>\n<p>SPID \u00e8 veloce: \u00e8 possibile accedere velocemente ai servizi online della Pubblica Amministrazione e dei soggetti privati aderenti ovunque ti trovi e da qualsiasi dispositivo.<\/p>\n<p>&nbsp;<\/p>\n<p><strong>Richiedi SPID<\/strong><\/p>\n<p>Per richiedere e ottenere le tue credenziali SPID, il Sistema Pubblico di Identit\u00e0 Digitale, devi esser maggiorenne.<\/p>\n<p>Avrai bisogno di:<\/p>\n<ul>\n<li>un indirizzo e-mail;<\/li>\n<li>il numero di telefono del cellulare che usi normalmente (anche straniero);<\/li>\n<li>un documento di identit\u00e0 italiano valido (uno tra carta di identit\u00e0, passaporto, patente). Durante la registrazione pu\u00f2 esser necessario fotografarli e allegarli al formulario che compilerai;<\/li>\n<li>il codice fiscale (in assenza di codice fiscale, \u00e8 possibile farne richiesta all\u2019Ufficio consolare, a breve anche tramite la piattaforma FastIT. Far\u00e0 fede il foglio dell\u2019Agenzia delle Entrate vidimate dall\u2019Ufficio consolare).<\/li>\n<\/ul>\n<p>&nbsp;<\/p>\n<p><strong>Cosa fare per ottenere SPID<\/strong><\/p>\n<p>Scegli uno tra gli Identity Provider (<a href=\"https:\/\/www.spid.gov.it\/cos-e-spid\/come-attivare-spid\/\">https:\/\/www.spid.gov.it\/cos-e-spid\/come-attivare-spid\/<\/a>) e registrati sul loro sito.<br \/>\nLa registrazione consiste in 3 step:<\/p>\n<ol>\n<li>Inserisci i dati anagrafici;<\/li>\n<li>Crea le tue credenziali SPID;<\/li>\n<li>Effettua il riconoscimento a scelta tra le seguenti modalit\u00e0: di persona \/ da remoto via webcam\/ tramite CIE, CNS, passaporto o firma digitale \/audio-video con bonifico bancario (bonifico da un c\/c con IBAN italiano).<\/li>\n<\/ol>\n<p>I tempi di rilascio dell&#8217;identit\u00e0 digitale dipendono dai singoli Identity Provider.<\/p>\n<p>&nbsp;<\/p>\n<p><strong>Come scegliere tra i diversi Identity Provider<\/strong><\/p>\n<p>Gli Identity Provider forniscono diverse modalit\u00e0 di registrazione gratuitamente o a pagamento e i rispettivi SPID hanno diversi livelli di sicurezza.<\/p>\n<p>La tabella qui riportata (<a href=\"https:\/\/www.spid.gov.it\/cos-e-spid\/come-scegliere-tra-gli-idp\/\">https:\/\/www.spid.gov.it\/cos-e-spid\/come-scegliere-tra-gli-idp\/<\/a>) fornisce un quadro aggiornato della situazione.<\/p>\n<p>In particolare, si consiglia di soffermarsi sui seguenti parametri:<\/p>\n<ul>\n<li>scegli la modalit\u00e0 di riconoscimento che ti risulta pi\u00f9 comoda: di persona in Italia o tramite Carta d\u2019Identit\u00e0 Elettronica (CIE), Carta Nazionale dei Servizi (CNS), Passaporto biometrico, Firma Digitale o tramite webcam;<\/li>\n<li>scegli sulla base del livello di sicurezza di SPID che ti serve;<\/li>\n<li>se sei un cittadino italiano residente all\u2019estero, fai attenzione a chi offre il servizio per l\u2019estero: scegli l\u2019Identity Provider che mostra l\u2019icona \u201cMondo\u201d o \u201cEU\u201d;<\/li>\n<\/ul>\n<p>Ricorda che anche usando la CIE, la CNS, il Passaporto biometrico e la firma digitale puoi ottenere SPID da remoto (a distanza). Visita i siti dei diversi gestori per verificare le condizioni di rilascio e scegliere quella pi\u00f9 utile per te.<\/p>\n<p><strong>\u00a0<\/strong><\/p>\n<p><strong>Dove si pu\u00f2 usare SPID<\/strong><\/p>\n<p>A questo\u00a0<a href=\"https:\/\/www.spid.gov.it\/servizi\">link\u00a0<\/a>puoi cercare tra i servizi abilitati SPID di oltre 4000 Amministrazioni e trovare l\u2019elenco dei fornitori di servizi privati. Puoi accedere al portale \u201c<a href=\"https:\/\/serviziconsolarionline.esteri.it\">Fast It<\/a>\u201d della Farnesina dedicato ai servizi consolari con le credenziali SPID.<\/p>\n<p><strong>\u00a0<\/strong><\/p>\n<p><strong>Domande frequenti<\/strong>:\u00a0<a href=\"https:\/\/www.spid.gov.it\/domande-frequenti\">https:\/\/www.spid.gov.it\/domande-frequenti<\/a><\/p>\n<p><em>[Fonte delle informazioni riportate su questa pagina:\u00a0<\/em><a href=\"http:\/\/www.spid.gov.it\/\"><em>www.spid.gov.it<\/em><\/a><em>, cui si rimanda per aggiornamenti ed approfondimenti]<\/em><\/p>\n","protected":false},"excerpt":{"rendered":"SPID, il Sistema Pubblico di Identit\u00e0 Digitale, \u00e8 la soluzione che permette di accedere ai servizi online della Pubblica Amministrazione e dei soggetti privati aderenti con un&#8217;unica Identit\u00e0 Digitale (username e password) utilizzabile da computer, tablet e smartphone. L\u2019utilizzo dello SPID \u00e8 gratuito. Anche richiedere SPID \u00e8 gratuito, ma alcune forme di riconoscimento da parte [&hellip;]","protected":false},"author":1,"featured_media":0,"parent":347,"menu_order":6,"comment_status":"closed","ping_status":"closed","template":"","meta":{"footnotes":""},"class_list":["post-80291","page","type-page","status-publish","hentry"],"_links":{"self":[{"href":"https:\/\/www.esteri.it\/it\/wp-json\/wp\/v2\/pages\/80291","targetHints":{"allow":["GET"]}}],"collection":[{"href":"https:\/\/www.esteri.it\/it\/wp-json\/wp\/v2\/pages"}],"about":[{"href":"https:\/\/www.esteri.it\/it\/wp-json\/wp\/v2\/types\/page"}],"author":[{"embeddable":true,"href":"https:\/\/www.esteri.it\/it\/wp-json\/wp\/v2\/users\/1"}],"replies":[{"embeddable":true,"href":"https:\/\/www.esteri.it\/it\/wp-json\/wp\/v2\/comments?post=80291"}],"version-history":[{"count":5,"href":"https:\/\/www.esteri.it\/it\/wp-json\/wp\/v2\/pages\/80291\/revisions"}],"predecessor-version":[{"id":109951,"href":"https:\/\/www.esteri.it\/it\/wp-json\/wp\/v2\/pages\/80291\/revisions\/109951"}],"up":[{"embeddable":true,"href":"https:\/\/www.esteri.it\/it\/wp-json\/wp\/v2\/pages\/347"}],"wp:attachment":[{"href":"https:\/\/www.esteri.it\/it\/wp-json\/wp\/v2\/media?parent=80291"}],"curies":[{"name":"wp","href":"https:\/\/api.w.org\/{rel}","templated":true}]}}