{"id":87846,"date":"2022-10-10T12:45:30","date_gmt":"2022-10-10T10:45:30","guid":{"rendered":"https:\/\/www.esteri.it\/?page_id=87846"},"modified":"2025-11-25T17:06:51","modified_gmt":"2025-11-25T16:06:51","slug":"il-festival-dello-sviluppo-sostenibile-2022-nel-mondo-la-risposta-del-maeci-e-della-rete-estera","status":"publish","type":"page","link":"https:\/\/www.esteri.it\/it\/temi\/cooperaz_sviluppo\/eventi\/il-festival-dello-sviluppo-sostenibile-2022-nel-mondo-la-risposta-del-maeci-e-della-rete-estera\/","title":{"rendered":"Il Festival dello Sviluppo Sostenibile 2022 nel Mondo. La risposta del MAECI e della rete estera"},"content":{"rendered":"<p>Il Ministero degli Affari Esteri e della Cooperazione Internazionale partecipa anche quest\u2019anno al Festival dello Sviluppo Sostenibile (dal 4 al 20 ottobre 2022), attraverso il coinvolgimento della Rete diplomatico-consolare e in collaborazione con le locali Agenzie italiane per la Cooperazione allo Sviluppo. Il Festival \u00e8 la pi\u00f9 grande iniziativa italiana per sensibilizzare e mobilitare cittadini, imprese, associazioni e istituzioni sui temi della sostenibilit\u00e0 economica, sociale e ambientale, e realizzare un cambiamento culturale e politico che consenta all\u2019Italia di attuare l\u2019Agenda 2030 dell\u2019Onu e i 17 Obiettivi di sviluppo sostenibile.<\/p>\n<p>Centinaia di eventi sul territorio nazionale, nel mondo e online per affrontare temi cruciali per il futuro dell\u2019Italia e fare il punto sul cammino del nostro Paese e dell\u2019Unione europea verso i 17 Obiettivi di sviluppo sostenibile dell\u2019Agenda 2030. Il Festival, riconosciuto dall\u2019Onu tra le migliori pratiche a livello internazionale, coinvolge anche quest\u2019anno le sedi diplomatiche italiane all\u2019estero, un modo significativo per celebrare l\u2019anniversario dell\u2019Agenda 2030 e l\u2019impegno dell\u2019Italia per la sua attuazione.<\/p>\n<p>Per maggiori info vista <a href=\"https:\/\/www-2022.festivalsvilupposostenibile.it\/il-festival-nel-mondo\/\">Il Festival nel mondo &#8211; Festival dello Sviluppo Sostenibile (festivalsvilupposostenibile.it)<\/a><\/p>\n<p>Di seguito le iniziative realizzate dalla rete estera MAECI<\/p>\n<p>&nbsp;<\/p>\n<ol>\n<li><strong>Tirana 26 Settembre 2022<\/strong><\/li>\n<\/ol>\n<p><strong>YOUTH4CLIMATE: POWERING ACTION<\/strong><\/p>\n<p>Ambasciata d&#8217;Italia a Tirana, Rappresentanza Undp a Tirana, Scuola Superiore &#8220;Ismail Qemali&#8221;<\/p>\n<p><a href=\"https:\/\/www-2022.festivalsvilupposostenibile.it\/cal\/483\/youth4climate-powering-action#.Y0PdLVLP2Uk\">Youth4Climate: Powering action (festivalsvilupposostenibile.it)<\/a><\/p>\n<p><strong>\u00a0<\/strong><\/p>\n<ol start=\"2\">\n<li><strong>Hanoi, Ho Chi Minh City 27 Settembre 2022 &#8211; 7 Ottobre 2022<\/strong><\/li>\n<\/ol>\n<p><strong>FESTIVAL DI CINEMA AMBIENTALE \u201cIT\u2019S TIME TO ACT \u2013 A NATURE FILM FESTIVAL IN VIETNAM\u201d.<\/strong><\/p>\n<p>Eunic &#8211; Eu national institutes of culture, Ambasciata d&#8217;Italia ad Hanoi, Consolato generale d&#8217;Italia a Ho Chi Minh City<\/p>\n<p><a href=\"https:\/\/www-2022.festivalsvilupposostenibile.it\/cal\/459\/festival-di-cinema-ambientale-its-time-to-act-a-nature-film-festival-in-vietnam#.Y0PdCVLP2Uk\">Festival di cinema ambientale \u201cIt\u2019s time to act \u2013 A nature film festival in Vietnam\u201d. (festivalsvilupposostenibile.it)<\/a><\/p>\n<p>&nbsp;<\/p>\n<ol start=\"3\">\n<li><strong>Ankara, 27 Settembre 2022 \u2013 13 Ottobre 2022<\/strong><\/li>\n<\/ol>\n<p><strong>MOSTRA WORKSHOP &#8220;SUSTAIN-IT&#8221;<\/strong><\/p>\n<p>Ambasciata d&#8217;Italia ad Ankara (Turchia), Middle East Technical University di Ankara<\/p>\n<p><a href=\"https:\/\/www-2022.festivalsvilupposostenibile.it\/cal\/461\/mostra-workshop-sustain-it#.Y0PdWFLP2Uk\">Mostra workshop &#8220;Sustain-It&#8221; (festivalsvilupposostenibile.it)<\/a><\/p>\n<p><em>\u00a0<\/em><\/p>\n<ol start=\"4\">\n<li><strong>Lisbona, 28 Settembre 2022 <\/strong><\/li>\n<\/ol>\n<p><strong>SICCIT\u00c0: CAMBIAMENTI CLIMATICI E GESTIONE DELLE RISORSE IDRICHE. SFIDE E OPPORTUNIT\u00c0<\/strong><\/p>\n<p>Ambasciata d&#8217;Italia a Lisbona, Camera di Commercio Italiana per il Portogallo, Agenzia per la Promozione all&#8217;Est.<\/p>\n<p><a href=\"https:\/\/www-2022.festivalsvilupposostenibile.it\/cal\/831\/siccita-cambiamenti-climatici-e-gestione-delle-risorse-idriche-sfide-e-opportunita#.Y0PdlFLP2Uk\">Siccit\u00e0: cambiamenti climatici e gestione delle risorse Idriche. Sfide e opportunit\u00e0 (festivalsvilupposostenibile.it)<\/a><\/p>\n<p>&nbsp;<\/p>\n<ol start=\"5\">\n<li><strong>Ankara, 1 Ottobre 2022<\/strong><\/li>\n<\/ol>\n<p><strong>A JOURNEY TO ITALY: FROM MOUNTAINS TO THE SEA<\/strong><\/p>\n<p>Ambasciata d&#8217;Italia in Turchia, Ministero della Cultura e del turismo, Cermodern<\/p>\n<p><a href=\"https:\/\/www-2022.festivalsvilupposostenibile.it\/cal\/457\/a-journey-to-italy-from-mountains-to-the-sea#.Y0PeRFLP2Uk\">A journey to Italy: from mountains to the sea (festivalsvilupposostenibile.it)<\/a><\/p>\n<p>&nbsp;<\/p>\n<ol start=\"6\">\n<li><strong>Hong Kong, 5 Ottobre 2022 \u2013 6 Ottobre 2022<\/strong><\/li>\n<\/ol>\n<p><strong><a href=\"https:\/\/www-2022.festivalsvilupposostenibile.it\/cal\/992\/rethink\">RETHINK<\/a><\/strong><\/p>\n<p>Consolato generale d\u2019Italia a Hong Kong, The Italian chamber of commerce in Hong Kong and Macao and its Green and circular economy Committee in Hong Kong Plug The Impact, Bee Incorporations, Crif<\/p>\n<p><a href=\"https:\/\/www-2022.festivalsvilupposostenibile.it\/cal\/992\/rethink#.Y0PeblLP2Uk\">ReThink (festivalsvilupposostenibile.it)<\/a><\/p>\n<p>&nbsp;<\/p>\n<ol start=\"7\">\n<li><strong>Quy Nhon, Ho Chi Minh City 07 Ottobre 2022<\/strong><\/li>\n<\/ol>\n<p><strong>ITALY AND VIETNAM: DEVELOPMENT OF EARTH OBSERVATION RESEARCH AND REMOTE SENSING TECHNOLOGY<\/strong><\/p>\n<p>Ambasciata d&#8217;Italia ad Hanoi, Agenzia spaziale italiana, Oversee project consortium<\/p>\n<p><a href=\"https:\/\/www-2022.festivalsvilupposostenibile.it\/il-festival-nel-mondo\/\">Il Festival nel mondo &#8211; Festival dello Sviluppo Sostenibile (festivalsvilupposostenibile.it)<\/a><\/p>\n<p>&nbsp;<\/p>\n<ol start=\"8\">\n<li><strong>Alessandria D&#8217;Egitto, 9 Ottobre 2022 -10 Ottobre 2022<\/strong><\/li>\n<\/ol>\n<p><strong>SCIENCE DIPLOMACY WORKSHOP: \u201cCLIMATE CHANGE IN THE BROADER MEDITERRANEAN AREA\u201d.<\/strong><\/p>\n<p>Embassy of Italy to Egypt, Bibliotheca Alexandrina, National institute of cceanography and fisherieS &#8211; Niof, Arab academy for science, technology &amp; maritime transport \u2013 Aastmt<\/p>\n<p><a href=\"https:\/\/www-2022.festivalsvilupposostenibile.it\/cal\/856\/science-diplomacy-workshop-climate-change-in-the-broader-mediterranean-area#.Y0Pep1LP2Uk\">Science diplomacy workshop: \u201cClimate change in the broader Mediterranean area\u201d. (festivalsvilupposostenibile.it)<\/a><\/p>\n<p>&nbsp;<\/p>\n<ol start=\"9\">\n<li><strong>Addis Abeba, 10 Ottobre 2022<\/strong><\/li>\n<\/ol>\n<p><strong>Public program padiglione Italia alla Biennale di Venezia: Etiopia- Art is nature and nature is art<\/strong><\/p>\n<p>Istituto italiano di cultura di Addis Abeba, Padiglione Italia alla Biennale di Venezia, Zoma Museum. Partner: Direzione generale creativit\u00e0 contemporanea del MiC, Ambasciata d&#8217;Italia ad Addis Abeba<\/p>\n<p><a href=\"https:\/\/www-2022.festivalsvilupposostenibile.it\/cal\/933\/public-program-padiglione-italia-alla-biennale-di-venezia-etiopia-art-is-nature-and-nature-is-art#.Y0Pm3lLP2Uk\">Public program padiglione Italia alla Biennale di Venezia: Etiopia- Art is nature and nature is art (festivalsvilupposostenibile.it)<\/a><\/p>\n<p>&nbsp;<\/p>\n<ol start=\"10\">\n<li><strong>Cina, 11 Ottobre 2022<\/strong><\/li>\n<\/ol>\n<p><strong>SINO-ITALIAN UNESCO GEOPARKS FORUM<\/strong><\/p>\n<p>Ambasciata d&#8217;Italia a Pechino, Universit\u00e0 delle Geoscienze di Pechino<\/p>\n<p>Il forum, dedicato ai Geoparchi mondiali dell&#8217;Unesco, \u00e8 finalizzato alla condivisone delle esperienze dei due Paesi nella conservazione e nello sviluppo sostenibile dei ricchi patrimoni geologici; l&#8217;Italia e la Cina, infatti, rappresentano oltre il 30% del totale mondiale dei Geoparchi Unesco (rispettivamente 10 e 41 parchi).<\/p>\n<p><a href=\"https:\/\/www-2022.festivalsvilupposostenibile.it\/cal\/933\/public-program-padiglione-italia-alla-biennale-di-venezia-etiopia-art-is-nature-and-nature-is-art#.Y0Pm3lLP2Uk\">Public program padiglione Italia alla Biennale di Venezia: Etiopia- Art is nature and nature is art (festivalsvilupposostenibile.it)<\/a><\/p>\n<p>&nbsp;<\/p>\n<ol start=\"11\">\n<li><strong>Papantla de Olarte, 12 Ottobre 2022<\/strong><\/li>\n<\/ol>\n<p><strong>LA CONSERVAZIONE DELLE CULTURE ANCESTRALI COME STRUMENTO DI SOSTENIBILIT\u00c0 E COESIONE SOCIALE<\/strong><\/p>\n<p>Ambasciata d&#8217;Italia in Messico, Centro delle arti indigene, Papantla, Veracruz, Messico, Universit\u00e1 Iberoamericana, Messico<\/p>\n<p><a href=\"https:\/\/www-2022.festivalsvilupposostenibile.it\/cal\/375\/la-conservazione-delle-culture-ancestrali-come-strumento-di-sostenibilita-e-coesione-sociale#.Y0Pn4VLP2Uk\">La conservazione delle culture ancestrali come strumento di sostenibilit\u00e0 e coesione sociale (festivalsvilupposostenibile.it)<\/a><\/p>\n<p>&nbsp;<\/p>\n<ol start=\"12\">\n<li><strong>AICS Khartoum, 13 Ottobre 2022<\/strong><\/li>\n<\/ol>\n<p><strong>EMPLOY-ABILITY: OPPORTUNITIES AND GOOD PRACTICES IN SUDAN<\/strong><\/p>\n<p>Agenzia italiana per la cooperazione allo sviluppo &#8211; Sede di Khartoum<\/p>\n<p><a href=\"https:\/\/www-2022.festivalsvilupposostenibile.it\/cal\/534\/employ-ability-opportunities-and-good-practices-in-sudan#.Y0PoD1LP2Uk\">Employ-ability: opportunities and good practices in Sudan (festivalsvilupposostenibile.it)<\/a><\/p>\n<p>&nbsp;<\/p>\n<ol start=\"13\">\n<li><strong>New York, 14 Ottobre 2022<\/strong><\/li>\n<\/ol>\n<p><strong>IL RUOLO DELLA RICERCA NELLO SVILUPPO SOSTENIBILE<\/strong><\/p>\n<p>Istituto italiano di cultura di New York, Associazione internazionale ricercatori italiani (Airi)<\/p>\n<p><a href=\"https:\/\/www-2022.festivalsvilupposostenibile.it\/cal\/830\/il-ruolo-della-ricerca-nello-sviluppo-sostenibile#.Y0PoNlLP2Uk\">Il ruolo della ricerca nello sviluppo sostenibile (festivalsvilupposostenibile.it)<\/a><\/p>\n<p>&nbsp;<\/p>\n<ol start=\"14\">\n<li><strong>Los Angeles, 14 Ottobre 2022<\/strong><\/li>\n<\/ol>\n<p><strong>WHAT ABOUT THE 8%?<\/strong><\/p>\n<p>Consulate general of Italy, Italian cultural institute in Los Angeles, Maria Cristina Finucci, Fondazione Finucci<\/p>\n<p><a href=\"https:\/\/www-2022.festivalsvilupposostenibile.it\/cal\/1075\/what-about-the-8#.Y003PPzP2Uk\" target=\"_blank\" rel=\"noopener noreferrer\"><span lang=\"EN-US\">What about the 8%? (festivalsvilupposostenibile.it)<\/span><\/a><\/p>\n<p>&nbsp;<\/p>\n<ol start=\"15\">\n<li><strong>Belgrado, 17 Ottobre 2022<\/strong><\/li>\n<\/ol>\n<p><strong>EMILIA 4: THE SOLAR CAR. ITALIAN \u2013 SERBIAN COOPERATION TOWARDS SUSTAINABLE MOBILITY<\/strong><\/p>\n<p>Ambasciata d&#8217;Italia a Belgrado, Universit\u00e0 di Bologna, Universit\u00e0 della Arti di Belgrado, Istituto italiano di cultura di Belgrado<\/p>\n<p><a href=\"https:\/\/www-2022.festivalsvilupposostenibile.it\/cal\/529\/emilia-4-the-solar-car-italian-serbian-cooperation-towards-sustainable-mobility#.Y0PoWlLP2Uk\">Emilia 4: the solar car. Italian \u2013 Serbian cooperation towards sustainable mobility (festivalsvilupposostenibile.it)<\/a><\/p>\n<p>&nbsp;<\/p>\n<ol start=\"16\">\n<li><strong>Ankara, 17 Ottobre 2022<\/strong><\/li>\n<\/ol>\n<p><strong>TAVOLA ROTONDA ITALIA-TURCHIA SULLA PREVENZIONE DEL CANCRO AL SENO<\/strong><\/p>\n<p>Ambasciata d&#8217;Italia ad Ankara, Istituto superiore di sanit\u00e0, Ministero della Salute della Repubblica di Turchia, Organizzazione mondiale della sanit\u00e0<\/p>\n<p><a href=\"https:\/\/www-2022.festivalsvilupposostenibile.it\/cal\/545\/tavola-rotonda-italia-turchia-sulla-prevenzione-del-cancro-al-seno#.Y003BfzP2Uk\" target=\"_blank\" rel=\"noopener noreferrer\">Tavola rotonda Italia-Turchia sulla prevenzione del cancro al seno (festivalsvilupposostenibile.it)<\/a><\/p>\n<p>&nbsp;<\/p>\n<ol start=\"17\">\n<li><strong>Hong Kong, 18 Ottobre 2022<\/strong><\/li>\n<\/ol>\n<p><strong>HOW ESG REPORTING DATA INFLUENCE INVESTMENT DECISION MAKING<\/strong><\/p>\n<p>Consolato generale d&#8217;Italia a Hong Kong, City University of Hong Kong<\/p>\n<p><a href=\"https:\/\/www-2022.festivalsvilupposostenibile.it\/cal\/1073\/how-esg-reporting-data-influence-investment-decision-making#.Y002yfzP2Uk\" target=\"_blank\" rel=\"noopener noreferrer\"><span lang=\"EN-US\">How Esg reporting data influence investment decision making (festivalsvilupposostenibile.it)<\/span><\/a><\/p>\n<p>&nbsp;<\/p>\n<ol start=\"18\">\n<li><strong>Isola d&#8217;Istria, 20 Ottobre 2022<\/strong><\/li>\n<\/ol>\n<p><strong>PRESENTAZIONE DEL LIBRO \u201cL\u2019ALTRO MONDO. LA VITA IN UN PIANETA CHE CAMBIA\u201d DI FABIO DEOTTO<\/strong><\/p>\n<p>Consolato generale d\u2019Italia in Capodistria, Istituto italiano di cultura di Lubiana<\/p>\n<p><a href=\"https:\/\/www-2022.festivalsvilupposostenibile.it\/cal\/522\/presentazione-del-libro-laltro-mondo-la-vita-in-un-pianeta-che-cambia-di-fabio-deotto#.Y0PoeVLP2Uk\">Presentazione del libro \u201cL\u2019altro mondo. La vita in un pianeta che cambia\u201d di Fabio Deotto (festivalsvilupposostenibile.it)<\/a><\/p>\n<p>&nbsp;<\/p>\n<ol start=\"19\">\n<li><strong>Rio de Janeiro, 20 Ottobre 2022<\/strong><\/li>\n<\/ol>\n<p><strong>CASA D\u2019ITALIA VERDE. POWERED BY ENEL X<\/strong><\/p>\n<p>Consolato generale d&#8217;Italia Rio De Janeiro, Enel X Brazil<\/p>\n<p><a href=\"https:\/\/www-2022.festivalsvilupposostenibile.it\/cal\/1074\/casa-ditalia-verde-powered-by-enel-x#.Y01JsXZByUl\" target=\"_blank\" rel=\"noopener noreferrer\"><span lang=\"EN-US\">Casa d\u2019Italia Verde. Powered by Enel X (festivalsvilupposostenibile.it)<\/span><\/a><\/p>\n<p>&nbsp;<\/p>\n<ol start=\"20\">\n<li><strong>Panama, 24 Ottobre 2022<\/strong><\/li>\n<\/ol>\n<p><strong>UNA VITA DA SCIENZIATA<\/strong><\/p>\n<p>Ambasciata d&#8217;Italia a Panama, Fondazione Bracco, Secretar\u00eda Nacional de Ciencia, Tecnolog\u00eda e Innovaci\u00f3n (Senacyt), Ministerio de relaciones exteriores di Panama (Mire)<\/p>\n<p><a href=\"https:\/\/www-2022.festivalsvilupposostenibile.it\/cal\/237\/una-vita-da-scienziata#.Y0PolFLP2Uk\" target=\"_blank\" rel=\"noopener noreferrer\">Una vita da scienziata (festivalsvilupposostenibile.it)<\/a><\/p>\n<p>&nbsp;<\/p>\n<ol start=\"21\">\n<li><strong>Baghdad, 25 Ottobre 2022<\/strong><\/li>\n<\/ol>\n<p><strong>CLIMATE CHANGE IN IRAQ &#8211; THREATS AND OPPORTUNITIES<\/strong><\/p>\n<p>Ambasciata d&#8217;Italia a Baghdad<\/p>\n<p><a href=\"https:\/\/www-2022.festivalsvilupposostenibile.it\/cal\/910\/climate-change-in-iraq-threats-and-opportunities#.Y0PoslLP2Uk\">Climate Change in Iraq &#8211; Threats and Opportunities (festivalsvilupposostenibile.it)<\/a><\/p>\n<p>&nbsp;<\/p>\n<ol start=\"22\">\n<li><strong>Mascate, 25 Ottobre 2022<\/strong><\/li>\n<\/ol>\n<p><strong>THE WORDS OF SUSTAINABILITY. A CHILDREN WORKSHOP ON THE NEW LANGUAGE OF ENVIRONMENT<\/strong><\/p>\n<p>Ambasciata d&#8217;Italia a Mascate, Bait Al Zubair Museum &#8211; Mascate\/Oman<\/p>\n<p><a href=\"https:\/\/www-2022.festivalsvilupposostenibile.it\/cal\/1091\/the-words-of-sustainability-a-children-workshop-on-the-new-language-of-environment#.Y01G-HZByUl\" target=\"_blank\" rel=\"noopener noreferrer\">The words of sustainability. A children workshop on the new language of environment (festivalsvilupposostenibile.it)<\/a><\/p>\n<p>&nbsp;<\/p>\n","protected":false},"excerpt":{"rendered":"Il Ministero degli Affari Esteri e della Cooperazione Internazionale partecipa anche quest\u2019anno al Festival dello Sviluppo Sostenibile (dal 4 al 20 ottobre 2022), attraverso il coinvolgimento della Rete diplomatico-consolare e in collaborazione con le locali Agenzie italiane per la Cooperazione allo Sviluppo. Il Festival \u00e8 la pi\u00f9 grande iniziativa italiana per sensibilizzare e mobilitare cittadini, [&hellip;]","protected":false},"author":17,"featured_media":0,"parent":31229,"menu_order":12,"comment_status":"closed","ping_status":"closed","template":"page-estera.php","meta":{"footnotes":""},"class_list":["post-87846","page","type-page","status-publish","hentry"],"_links":{"self":[{"href":"https:\/\/www.esteri.it\/it\/wp-json\/wp\/v2\/pages\/87846","targetHints":{"allow":["GET"]}}],"collection":[{"href":"https:\/\/www.esteri.it\/it\/wp-json\/wp\/v2\/pages"}],"about":[{"href":"https:\/\/www.esteri.it\/it\/wp-json\/wp\/v2\/types\/page"}],"author":[{"embeddable":true,"href":"https:\/\/www.esteri.it\/it\/wp-json\/wp\/v2\/users\/17"}],"replies":[{"embeddable":true,"href":"https:\/\/www.esteri.it\/it\/wp-json\/wp\/v2\/comments?post=87846"}],"version-history":[{"count":2,"href":"https:\/\/www.esteri.it\/it\/wp-json\/wp\/v2\/pages\/87846\/revisions"}],"predecessor-version":[{"id":88210,"href":"https:\/\/www.esteri.it\/it\/wp-json\/wp\/v2\/pages\/87846\/revisions\/88210"}],"up":[{"embeddable":true,"href":"https:\/\/www.esteri.it\/it\/wp-json\/wp\/v2\/pages\/31229"}],"wp:attachment":[{"href":"https:\/\/www.esteri.it\/it\/wp-json\/wp\/v2\/media?parent=87846"}],"curies":[{"name":"wp","href":"https:\/\/api.w.org\/{rel}","templated":true}]}}