{"id":96536,"date":"2023-02-10T20:04:02","date_gmt":"2023-02-10T19:04:02","guid":{"rendered":"https:\/\/www.esteri.it\/?page_id=96536"},"modified":"2026-03-30T15:06:06","modified_gmt":"2026-03-30T13:06:06","slug":"terremoto-in-turchia-e-in-siria-risposta-italiana","status":"publish","type":"page","link":"https:\/\/www.esteri.it\/it\/politica-estera-e-cooperazione-allo-sviluppo\/aree_geografiche\/mediterr_mo\/terremoto-in-turchia-e-in-siria-risposta-italiana\/","title":{"rendered":"Terremoto in Turchia e in Siria \u2013 Risposta italiana"},"content":{"rendered":"<p class=\"&quot;text-center\"><img loading=\"lazy\" decoding=\"async\" class=\"img-fluid wp-image-96537 size-large aligncenter\" src=\"https:\/\/www.esteri.it\/wp-content\/uploads\/2023\/02\/terremoto-turchia-1024x674.jpeg\" alt=\"\" width=\"640\" height=\"421\" srcset=\"https:\/\/www.esteri.it\/wp-content\/uploads\/2023\/02\/terremoto-turchia-1024x674.jpeg 1024w, https:\/\/www.esteri.it\/wp-content\/uploads\/2023\/02\/terremoto-turchia-300x197.jpeg 300w, https:\/\/www.esteri.it\/wp-content\/uploads\/2023\/02\/terremoto-turchia-768x505.jpeg 768w, https:\/\/www.esteri.it\/wp-content\/uploads\/2023\/02\/terremoto-turchia-1536x1011.jpeg 1536w, https:\/\/www.esteri.it\/wp-content\/uploads\/2023\/02\/terremoto-turchia.jpeg 1600w\" sizes=\"auto, (max-width: 640px) 100vw, 640px\" \/><\/p>\n<p>Nella notte fra il 5 e il 6 febbraio 2023, il sud della Turchia e il nord della Siria sono stati colpiti da un terremoto che ha causato migliaia di vittime, decine di migliaia di feriti e ingenti danni alle abitazioni e alle infrastrutture civili.<\/p>\n<p>Per rispondere al rapido peggioramento della situazione, le Autorit\u00e0 turche e quelle siriane hanno richiesto l\u2019attivazione del Meccanismo di Protezione Civile dell\u2019Unione Europea (EUCPM), strumento che consente il coordinamento degli interventi di sostegno della Commissione europea e degli Stati membri e che prevede inoltre, da parte UE, il parziale rimborso dei costi sostenuti dagli Stati membri verso il Paese colpito.<\/p>\n<p>Il Consiglio dei Ministri, su proposta del Ministro per la protezione civile e le politiche del mare Nello Musumeci, ha deliberato la dichiarazione dello stato di emergenza per l\u2019intervento italiano all\u2019estero, legato agli eventi sismici. Lo stato di emergenza, della durata di sei mesi, prevede interventi urgenti di soccorso e assistenza alla popolazione, per la cui attuazione ci si avvale del Fondo per le emergenze nazionali. L\u2019intervento dell\u2019Italia si inserisce nel pi\u00f9 ampio quadro di mobilitazione del Meccanismo europeo di Protezione Civile.<\/p>\n<p><a href=\"https:\/\/www.esteri.it\/wp-content\/uploads\/2023\/02\/terremoto-Turchia-Siria-Aiuti-15022023.jpg\"><img loading=\"lazy\" decoding=\"async\" class=\"img-fluid wp-image-96858 size-full aligncenter\" src=\"https:\/\/www.esteri.it\/wp-content\/uploads\/2023\/02\/terremoto-Turchia-Siria-Aiuti-15022023.jpg\" alt=\"Terremoto in Turchia e in Siria \u2013 Risposta italiana\" width=\"780\" height=\"551\" \/><\/a><\/p>\n<p>&nbsp;<\/p>\n<p>Il\u00a0<a href=\"https:\/\/www.protezionecivile.gov.it\/it\/\" target=\"_blank\" rel=\"noopener noreferrer\">Dipartimento della Protezione Civile<\/a> ha coordinato nel primo pomeriggio del 6 febbraio la partenza di una prima squadra di ricognizione \u2013 composta da personale del Dipartimento e dei Vigili del Fuoco \u2013 verso Adana per supportare l\u2019impiego di una squadra di ricerca e soccorso in ambiente urbano. Quest\u2019ultima \u00e8 atterrata alla base militare di Incirlik il 7 con esperti della Protezione Civile, personale specializzato nella ricerca e soccorso dei Vigili del Fuoco e sanitari. Nello stesso pomeriggio \u00e8 partito un nuovo volo dell\u2019Aeronautica militare per portare in Turchia altro personale e ulteriore equipaggiamento. Il campo base del team italiano \u00e8 stato allestito nella provincia di Hatay e servir\u00e0 come base operativa e logistica. Il 12 febbraio scorso \u00e8 giunta in Turchia una seconda squadra dei Vigili del Fuoco, che si \u00e8 avvicendata alla prima in un\u2019ottica di turnazione.<\/p>\n<p>\u00c8 stato inoltre concordato con la Commissione Europea l\u2019invio di altre unit\u00e0 e beni essenziali, compreso il necessario per attrezzare un ospedale da campo (messo a disposizione dalla Regione Piemonte). Questa ulteriore missione \u00e8 stata trasportata verso la Turchia dalla nave San Marco di Marina Militare, messa a disposizione dal Ministero della Difesa grazie al coordinamento del Covi \u2013 Comando Operativo Vertice Interforze e gi\u00e0 arrivata al porto di Alessandretta. A bordo della nave era presente anche anche materiale sanitario donato dalle Regioni Abruzzo e Puglia. In aggiunta, tende e brandine in grado di ospitare circa 1000 persone sono state offerte alle autorit\u00e0 siriane.<\/p>\n<p>In risposta alle conseguenze del terremoto dello scorso 6 febbraio, il Ministero degli Affari Esteri e della Cooperazione internazionale continua a inviare aiuti nelle aree terremotate, anche in Siria. Sotto il coordinamento della Farnesina, \u00e8 partito l\u201911 febbraio dall\u2019aeroporto di Pisa un volo diretto a Beirut e contenente ambulanze, medici, farmaci e materiale sanitario offerto dal Gruppo San Donato per sostenere la risposta umanitaria in Siria.<\/p>\n<p>La Cooperazione Italiana allo Sviluppo, su proposta del Ministro Tajani e del Vice Ministro Cirielli, ha risposto agli appelli di emergenza della Federazione Internazionale delle Societ\u00e0 di Croce Rossa e Mezzaluna Rossa (FICROSS), disponendo due contributi di emergenza del valore di 1,75 milioni di euro a favore della Federazione Internazionale delle societ\u00e0 di Croce Rossa e Mezzaluna Rossa (FICROSS). Di questi, 1 milione di euro sar\u00e0 destinato a sostenere le attivit\u00e0 della Mezzaluna Rossa Turca, mentre 750.000 euro andranno a supporto della Mezzaluna Rossa Siriana per attivit\u00e0 di assistenza nei settori di prima emergenza e accoglienza, igienico-sanitario e della protezione. Tali finanziamenti si aggiungono al milione di euro gi\u00e0 destinato alla Mezzaluna Rossa Siriana per interventi di primo soccorso.<\/p>\n<p>Con tali fondi, la FICROSS prevede di realizzare attivit\u00e0 nei settori dello shelter (inclusa la distribuzione di contanti), salute e c.d. WASH (\u201cWater, Sanitation and Hygiene\u201d) nonch\u00e9 della protezione, a beneficio delle popolazioni locali.<\/p>\n<p>L\u2019Italia figura anche tra i primi 10 contributori al Fondo ONU per le emergenze (UNCERF), che ha stanziato 50 milioni di dollari per le popolazioni terremotate.<\/p>\n<p>&nbsp;<\/p>\n","protected":false},"excerpt":{"rendered":"Nella notte fra il 5 e il 6 febbraio 2023, il sud della Turchia e il nord della Siria sono stati colpiti da un terremoto che ha causato migliaia di vittime, decine di migliaia di feriti e ingenti danni alle abitazioni e alle infrastrutture civili. Per rispondere al rapido peggioramento della situazione, le Autorit\u00e0 turche [&hellip;]","protected":false},"author":8,"featured_media":0,"parent":30489,"menu_order":0,"comment_status":"closed","ping_status":"closed","template":"","meta":{"footnotes":""},"class_list":["post-96536","page","type-page","status-publish","hentry"],"_links":{"self":[{"href":"https:\/\/www.esteri.it\/it\/wp-json\/wp\/v2\/pages\/96536","targetHints":{"allow":["GET"]}}],"collection":[{"href":"https:\/\/www.esteri.it\/it\/wp-json\/wp\/v2\/pages"}],"about":[{"href":"https:\/\/www.esteri.it\/it\/wp-json\/wp\/v2\/types\/page"}],"author":[{"embeddable":true,"href":"https:\/\/www.esteri.it\/it\/wp-json\/wp\/v2\/users\/8"}],"replies":[{"embeddable":true,"href":"https:\/\/www.esteri.it\/it\/wp-json\/wp\/v2\/comments?post=96536"}],"version-history":[{"count":7,"href":"https:\/\/www.esteri.it\/it\/wp-json\/wp\/v2\/pages\/96536\/revisions"}],"predecessor-version":[{"id":181530,"href":"https:\/\/www.esteri.it\/it\/wp-json\/wp\/v2\/pages\/96536\/revisions\/181530"}],"up":[{"embeddable":true,"href":"https:\/\/www.esteri.it\/it\/wp-json\/wp\/v2\/pages\/30489"}],"wp:attachment":[{"href":"https:\/\/www.esteri.it\/it\/wp-json\/wp\/v2\/media?parent=96536"}],"curies":[{"name":"wp","href":"https:\/\/api.w.org\/{rel}","templated":true}]}}