{"id":96785,"date":"2023-02-16T09:29:57","date_gmt":"2023-02-16T08:29:57","guid":{"rendered":"https:\/\/www.esteri.it\/?page_id=96785"},"modified":"2023-02-16T09:46:23","modified_gmt":"2023-02-16T08:46:23","slug":"uncitral-avviso-di-consultazione-pubblica-relativa-al-nuovo-strumento-internazionale-sul-documento-di-trasporto-multimodale-negoziabile","status":"publish","type":"page","link":"https:\/\/www.esteri.it\/it\/trasparenza_comunicazioni_legali\/altri-contenuti-canale\/uncitral-avviso-di-consultazione-pubblica-relativa-al-nuovo-strumento-internazionale-sul-documento-di-trasporto-multimodale-negoziabile\/","title":{"rendered":"UNCITRAL. Avviso di consultazione pubblica relativa al nuovo strumento internazionale sul documento di trasporto multimodale negoziabile"},"content":{"rendered":"<p>E\u2019 indetta una consultazione pubblica in modalit\u00e0 telematica sull\u2019applicativo \u201cCisco Webex\u201d, fissata per <strong>il giorno 28 marzo 2023 alle ore 11,00 (che avr\u00e0 una durata di circa 3 ore)<\/strong> con gli esperti italiani del Gruppo di lavoro VI della Commissione delle Nazioni Unite per il diritto commerciale internazionale (UNCITRAL), coordinata dal Servizio per gli Affari Giuridici del Ministero degli Affari Esteri e della Cooperazione Internazionale, per acquisire informazioni e valutazioni d\u2019interesse ai fini dei negoziati sul nuovo strumento internazionale di trasporto multimodale negoziabile.<\/p>\n<p>&nbsp;<\/p>\n<ol>\n<li><strong>Finalit\u00e0<\/strong><\/li>\n<\/ol>\n<p>Nel quadro della Commissione delle Nazioni Unite sul Diritto Commerciale Internazionale (UNCITRAL &#8211; United Nations Commission on International Trade Law), \u00e8 stato istituito uno specifico Gruppo di lavoro sul documento di trasporto multimodale negoziabile, di cui fanno parte le rappresentanze di circa sessanta Paesi di tutto il mondo e, per l\u2019Italia, il Ministero degli Affari Esteri e della Cooperazione Internazionale, il Ministero della Giustizia e il Ministero delle Infrastrutture e dei Trasporti .<\/p>\n<p>Il gruppo di lavoro \u00e8 attualmente impegnato nella discussione di un nuovo strumento (la cui forma \u00e8 ancora da definire) che disciplini e regoli il documento di trasporto multimodale negoziabile\u2013 v. documento <em>A\/CN.9\/WG.VI\/WP.96<\/em> rinvenibile sul link \u201c<em>uncitral.un.org<\/em>\u201d sotto la sessione del Working Group VI).<\/p>\n<p>Lo scopo del lavoro \u00e8 quello di redigere uno strumento applicabile a livello internazionale per disciplinare un documento di trasporto multimodale negoziabile (c.d. \u201c<em>negotiable cargo document<\/em>\u201d &#8211; NCD), che avrebbe funzioni simili all\u2019esistente polizza di carico marittima (\u201c<em>maritime bill of lading<\/em>\u201d) ma sarebbe applicabile anche al trasporto su strada, su rotaia e via aereo.\u00a0 Sostanzialmente il documento \u201crappresentativo\u201d della merce caricata su un mezzo di trasporto, in forza di un contratto di trasporto, potrebbe essere ceduto a terzi, con la conseguenza che il legittimo possessore del documento avrebbe poi il diritto alla consegna delle merci in esso descritte. Questa caratteristica consentirebbe di trasferire una o pi\u00f9 volte la merce durante il viaggio e fino all\u2019arrivo a destinazione. Per raggiungere tale obiettivo il documento dovrebbe: a) permettere ai terzi in buona fede di fare affidamento su tutte le informazioni contenute nel documento; b) garantire il diritto di controllo sulle merci in transito al legittimo possessore del documento; c) fungere da documento chiave per la consegna a destinazione.<\/p>\n<p>Il gruppo di lavoro sta attualmente affrontando tematiche quali ad esempio: la forma del nuovo strumento, ossia se esso debba essere una Convenzione internazionale (cos\u00ec da assicurare un maggior grado di uniformit\u00e0) o un \u201cmodel law\u201d (cos\u00ec da consentire ai legislatori dei vari Stati di adattarlo meglio al contesto nazionale); la disciplina relativa all\u2019emissione ed al contenuto del titolo di trasporto negoziabile; la disciplina relativa ad eventuali discordanze tra il documento di trasporto negoziabile e il contratto di trasporto; il diritto di controllo sulle cose trasportate e i diritti trasferiti con il documento di trasporto negoziabile.<\/p>\n<p>Data la complessit\u00e0 della materia, che coinvolge plurimi aspetti tecnici e giuridici, e vista la Direttiva n. 2 del 31 maggio 2017 del Ministero per la semplificazione e la pubblica amministrazione in materia di Linee guida sulla consultazione pubblica in Italia, si ritiene utile acquisire informazioni ed indicazioni su problemi concreti che possono essere incontrati prima, durante e dopo il trasporto di merci.<\/p>\n<p>&nbsp;<\/p>\n<ol start=\"2\">\n<li><strong>Soggetti destinatari<\/strong><\/li>\n<\/ol>\n<p>L\u2019Avviso \u00e8 rivolto alle associazioni di categoria che operano nell\u2019ambito del trasporto di merci, della logistica e spedizioni internazionali e della committenza. Non sono ammessi a partecipare i singoli operatori economici.<\/p>\n<p>L\u2019adesione e la partecipazione alla consultazione \u00e8 gratuita e non d\u00e0 diritto a compensi n\u00e9 a rimborsi spese.<\/p>\n<p><strong>\u00a0<\/strong><\/p>\n<ol start=\"3\">\n<li><strong>Modalit\u00e0 di adesione<\/strong><\/li>\n<\/ol>\n<p>La richiesta di partecipazione alla riunione (unitamente a copia dello statuto dell\u2019associazione che ne evidenzi le finalit\u00e0 e alle osservazioni scritte di cui al successivo articolo 4), dovr\u00e0 essere trasmessa online, tramite posta elettronica, all\u2019indirizzo: <a href=\"mailto:sgct.segreteria@esteri.it\">sgct.segreteria@esteri.it<\/a>, <strong>entro il 20 marzo 2023<\/strong>.<\/p>\n<p>La richiesta di partecipazione dovr\u00e0 essere effettuata utilizzando il modulo in allegato.<\/p>\n<p>La Segreteria del Servizio per gli Affari Giuridici del Ministero degli Affari Esteri e della Cooperazione Internazionale provveder\u00e0 all\u2019accertamento dei requisiti richiesti e proceder\u00e0 ad inviare, alle associazioni ammesse a partecipare, il link per il collegamento alla riunione.<\/p>\n<p>&nbsp;<\/p>\n<ol start=\"4\">\n<li><strong>Tematiche di interesse<\/strong><\/li>\n<\/ol>\n<p><strong>\u00a0<\/strong>Al fine di ottimizzare i tempi in vista della riunione, si chiede di far pervenire, unitamente alla richiesta di partecipazione alla riunione, eventuali osservazioni e\/o suggerimenti per iscritto, sulla bozza del testo che disciplina il documento di trasporto multimodale negoziabile\u2013 v. documento <em>A\/CN.9\/WG.VI\/WP.96<\/em> rinvenibile sul link \u201c<em>uncitral.un.org<\/em>\u201d sotto la sessione del Working Group VI) all\u2019indirizzo: <a href=\"mailto:sgct.segreteria@esteri.it\">sgct.segreteria@esteri.it<\/a>, sulle seguenti tematiche:<\/p>\n<ul>\n<li>introduzione, nella legislazione, di un documento di trasporto che consenta il trasferimento del diritto di ottenere la consegna delle cose trasportate, come gi\u00e0 avviene con la polizza di carico marittima, nell\u2019effettuazione di un servizio di trasporto internazionale modale e\/o multimodale;<\/li>\n<li>eventuali vantaggi che si riscontrerebbero con il nuovo documento di trasporto negoziabile;<\/li>\n<li>eventuali esperienze di trasporto internazionale di merci che beneficerebbero dall\u2019introduzione del documento di trasporto negoziale;<\/li>\n<li>ogni altra valutazione e segnalazione di interesse.<\/li>\n<\/ul>\n<p>Si specifica che, in ogni caso, le proposte e suggerimenti proposti non saranno vincolanti per la Pubblica Amministrazione, che ne terr\u00e0 conto unitamente agli interessi ed equilibri internazionali coinvolti.<\/p>\n<p>&nbsp;<\/p>\n<ol start=\"5\">\n<li><strong>Trattamento dei dati personali<\/strong><\/li>\n<\/ol>\n<p><strong>\u00a0<\/strong>Ai sensi dell&#8217;art.13 del Regolamento Generale sulla Protezione dei Dati (UE) 2016\/679, si fornisce di seguito l&#8217;informativa sul trattamento dei dati personali dei partecipanti alla consultazione pubblica:<\/p>\n<ol type=\"a\">\n<li>Il Titolare del trattamento \u00e8 il Ministero degli Affari Esteri e della Cooperazione Internazionale (MAECI), il quale opera, nel caso specifico, per il tramite della Segreteria del Servizio Giuridico, del Contenzioso e dei Trattati (SGCT): Piazzale della Farnesina 1, 00135 Roma; telefono: 06.36911 (centralino); peo: <a href=\"mailto:sgct.segreteria@esteri.it\">segreteria@esteri.it<\/a>; pec: <a href=\"mailto:contenzioso.segreteria@esteri.it\">contenzioso.segreteria@cert.esteri.it<\/a>. Il servizio di videoconferenza \u00e8 fornito dalla societ\u00e0 CISCO-Webex, che opera in qualit\u00e0 di Responsabile del trattamento.<\/li>\n<li>Il Responsabile della Protezione dei Dati (RPD) del MAECI \u00e8 reperibile ai seguenti recapiti: telefono: 06.36911 (centralino); peo: <a href=\"mailto:rpd@esteri.it\">rpd@esteri.it<\/a><u>; <\/u>pec: <a href=\"mailto:rpd@cert.esteri.it\">rpd@cert.esteri.it<\/a><u>.<\/u><\/li>\n<li>Il trattamento dei dati personali ha come unico obiettivo la partecipazione alla consultazione pubblica dei rappresentanti delle associazioni di categoria di cui al paragrafo 2 del presente avviso.<\/li>\n<li>I dati personali trattati saranno quelli anagrafici (nome e cognome del partecipante alla riunione) e di contatto (telefono, posta elettronica), l&#8217;incarico ricoperto presso l&#8217;associazione di categoria rappresentata, i metadati informatici, nonch\u00e9 la voce e l&#8217;eventuale immagine. Il conferimento dei predetti dati, effettuato a titolo volontario, costituisce una condizione necessaria per poter partecipare alla consultazione pubblica.<\/li>\n<li>I dati saranno trattati da personale appositamente incaricato del MAECI e del Responsabile del trattamento in modalit\u00e0 manuale e automatizzata e con l&#8217;impiego di misure di sicurezza atte a garantirne la riservatezza.<\/li>\n<li>I dati anagrafici e l&#8217;incarico ricoperto saranno resi noti agli altri partecipanti alla consultazione pubblica e potranno essere diffusi sul sito del MAECI.<\/li>\n<li>I dati personali dei partecipanti saranno conservati fino alla conclusione della consultazione pubblica, che coincider\u00e0 con l\u2019effettuazione della riunione sopra indicata.<\/li>\n<li>Il partecipante pu\u00f2 chiedere l\u2019accesso ai propri dati personali e, alle condizioni previste dalla normativa vigente, la loro rettifica. Nei limiti di legge e fatte salve le eventuali conseguenze sulla partecipazione alla consultazione pubblica, egli pu\u00f2 altres\u00ec chiedere la cancellazione di tali dati, nonch\u00e9 la limitazione del trattamento o l\u2019opposizione al trattamento. In questi casi, il partecipante dovr\u00e0 presentare apposita richiesta all\u2019Ufficio indicato al punto a del presente paragrafo, informando per conoscenza l\u2019RPD del MAECI.<\/li>\n<li>Se ritiene che i suoi diritti siano stati violati, il partecipante pu\u00f2 presentare un reclamo all\u2019RPD del MAECI. Qualora non sia soddisfatto della risposta, egli pu\u00f2 rivolgersi al Garante per la Protezione dei Dati personali (Piazza Venezia 11, 00187 Roma; telefono: 0039 06 696771; peo: <a href=\"mailto:protocollo@gpdp.it\">protocollo@gpdp.it<\/a>; pec: <a href=\"mailto:protocollo@pec.gpdp.it\">protocollo@pec.gpdp.it<\/a>).<\/li>\n<\/ol>\n<p>&nbsp;<\/p>\n<ol start=\"6\">\n<li><strong>Pubblicit\u00e0 dell\u2019Avviso<\/strong><\/li>\n<\/ol>\n<p>Il presente Avviso \u00e8 pubblicato sui siti internet del Ministero degli Affari Esteri e della Cooperazione Internazionale, del Ministero della Giustizia e del Ministero delle Infrastrutture e dei Trasporti.<\/p>\n<p>&nbsp;<\/p>\n<p>&nbsp;<\/p>\n","protected":false},"excerpt":{"rendered":"E\u2019 indetta una consultazione pubblica in modalit\u00e0 telematica sull\u2019applicativo \u201cCisco Webex\u201d, fissata per il giorno 28 marzo 2023 alle ore 11,00 (che avr\u00e0 una durata di circa 3 ore) con gli esperti italiani del Gruppo di lavoro VI della Commissione delle Nazioni Unite per il diritto commerciale internazionale (UNCITRAL), coordinata dal Servizio per gli Affari [&hellip;]","protected":false},"author":4,"featured_media":0,"parent":27395,"menu_order":8,"comment_status":"closed","ping_status":"closed","template":"","meta":{"footnotes":""},"class_list":["post-96785","page","type-page","status-publish","hentry"],"_links":{"self":[{"href":"https:\/\/www.esteri.it\/it\/wp-json\/wp\/v2\/pages\/96785","targetHints":{"allow":["GET"]}}],"collection":[{"href":"https:\/\/www.esteri.it\/it\/wp-json\/wp\/v2\/pages"}],"about":[{"href":"https:\/\/www.esteri.it\/it\/wp-json\/wp\/v2\/types\/page"}],"author":[{"embeddable":true,"href":"https:\/\/www.esteri.it\/it\/wp-json\/wp\/v2\/users\/4"}],"replies":[{"embeddable":true,"href":"https:\/\/www.esteri.it\/it\/wp-json\/wp\/v2\/comments?post=96785"}],"version-history":[{"count":2,"href":"https:\/\/www.esteri.it\/it\/wp-json\/wp\/v2\/pages\/96785\/revisions"}],"predecessor-version":[{"id":96837,"href":"https:\/\/www.esteri.it\/it\/wp-json\/wp\/v2\/pages\/96785\/revisions\/96837"}],"up":[{"embeddable":true,"href":"https:\/\/www.esteri.it\/it\/wp-json\/wp\/v2\/pages\/27395"}],"wp:attachment":[{"href":"https:\/\/www.esteri.it\/it\/wp-json\/wp\/v2\/media?parent=96785"}],"curies":[{"name":"wp","href":"https:\/\/api.w.org\/{rel}","templated":true}]}}