{"id":97858,"date":"2023-03-07T18:52:55","date_gmt":"2023-03-07T17:52:55","guid":{"rendered":"https:\/\/www.esteri.it\/?page_id=97858"},"modified":"2025-10-14T10:52:09","modified_gmt":"2025-10-14T08:52:09","slug":"italian-design-day-2023","status":"publish","type":"page","link":"https:\/\/www.esteri.it\/it\/diplomazia-economica-e-politica-commerciale\/diplomaziaeconomica\/promozione-integrata-del-sistema\/italian-design-day-2023\/","title":{"rendered":"Italian Design Day 2023 &#8211; IDD"},"content":{"rendered":"<p><strong>Mercoled\u00ec 8 marzo 2023 alle ore 17.00<\/strong>\u00a0si terr\u00e0 alla Farnesina, presso la Sala delle Conferenze Internazionali, l\u2019evento di presentazione della\u00a0<strong>VII edizione dell\u2019Italian Design Day (IDD)<\/strong>, dal titolo \u201cLa qualit\u00e0 che illumina: l\u2019energia del design per le persone e per l\u2019ambiente\u201d.<\/p>\n<p>All\u2019evento \u2013 moderato dalla giornalista di Interni\u00a0<strong>Patrizia Catalano<\/strong>\u00a0e aperto dal Direttore Generale per la Promozione del Sistema Paese,\u00a0<strong>Lorenzo Angeloni<\/strong>\u00a0\u2013 interverranno il Vice Presidente del Consiglio dei Ministri e Ministro degli Affari Esteri e della Cooperazione Internazionale\u00a0<strong>Antonio Tajani<\/strong>, il Ministro delle Imprese e del Made in Italy\u00a0<strong>Adolfo Urso,\u00a0<\/strong>il Direttore Generale per la Creativit\u00e0 Contemporanea del MIC,\u00a0<strong>Onofrio Cutaia<\/strong>, insieme a qualificati interlocutori della filiera produttiva italiana del comparto \u201cdesign\u201d, tra i quali la designer\u00a0<strong>Patricia Urquiola<\/strong>, il Presidente di Triennale\u00a0<strong>Stefano Boeri<\/strong>, l\u2019Associazione per il Disegno Industriale (ADI), il Salone del Mobile di Milano, oltre che l\u2019Agenzia ICE, specializzata nel sostegno all\u2019internazionalizzazione alle imprese italiane.<\/p>\n<p>L\u2019Italian Design Day \u00e8 una rassegna ideata per promuovere il design italiano all\u2019estero, sostenere le esportazioni e l\u2019internazionalizzazione delle imprese di questo comparto, favorire la conoscenza e lo scambio a livello internazionale delle capacit\u00e0 tecniche e creative dei nostri operatori, oltre che di stimolare i flussi turistici in entrata. A tal proposito, questa celebrazione annuale prevede che, nel corso della medesima giornata, siano organizzati simultaneamente da parte della rete di Ambasciate, Consolati, Istituti Italiani di Cultura e uffici ICE delle iniziative promozionali specificamente calibrate in base alle caratteristiche locali di ogni sede.<\/p>\n<p>Al centro di questa\u00a0<strong>VII edizione<\/strong>\u00a0sar\u00e0 proprio la qualit\u00e0, intesa come capacit\u00e0 di concepire e realizzare prodotti in grado di coniugare esigenze estetiche e funzionali utilizzando processi produttivi rispettosi dell\u2019ambiente e della salute delle persone. La conferenza di presentazione dell\u2019evento sar\u00e0 quindi occasione per una riflessione comune sul tema scelto per quest\u2019anno e quindi sul significato pi\u00f9 attuale da attribuire a questo concetto, in connessione con le grandi sfide del nostro presente, come la possibilit\u00e0 di una crescita sostenibile e la necessit\u00e0 di un\u2019economia circolare. Un focus particolare sar\u00e0 inoltre dedicato, quest\u2019anno, al settore dell\u2019illuminazione e dell\u2019illuminotecnica.<\/p>\n<p>Dalla sua nascita nel 2017 ad oggi, la rassegna ha gi\u00e0 visto oltre\u00a0<strong>mille<\/strong>\u00a0<strong>iniziative<\/strong>\u00a0realizzate in tale contesto dalla rete estera del Ministero in tutto il mondo, con il coinvolgimento di oltre 470 tra designer, architetti, imprenditori, accademici e giornalisti specializzati. Tra le\u00a0<strong>iniziative<\/strong>\u00a0in programma per l\u2019edizione\u00a0<strong>2023<\/strong>, sar\u00e0 presentata in numerosi Paesi una mostra ideata da Interni dal titolo \u201cLight on Made in Italy\u201d, che racconter\u00e0 il saper fare italiano attraverso le storie di un\u2019antologia di aziende e di progettisti che hanno saputo infondere talento e innovazione nella creazione di prodotti originali e di grande qualit\u00e0. Quest\u2019anno, 98 tra i pi\u00f9 noti e qualificati professionisti, ricercatori, imprenditori, giornalisti specializzati, condivideranno con il pubblico in 112 Sedi della rete MAECI all\u2019estero le proprie esperienze e conoscenze, facendo emergere i tratti distintivi e originali che rendono il design italiano apprezzato e riconosciuto in tutti i continenti.<\/p>\n","protected":false},"excerpt":{"rendered":"Mercoled\u00ec 8 marzo 2023 alle ore 17.00\u00a0si terr\u00e0 alla Farnesina, presso la Sala delle Conferenze Internazionali, l\u2019evento di presentazione della\u00a0VII edizione dell\u2019Italian Design Day (IDD), dal titolo \u201cLa qualit\u00e0 che illumina: l\u2019energia del design per le persone e per l\u2019ambiente\u201d. All\u2019evento \u2013 moderato dalla giornalista di Interni\u00a0Patrizia Catalano\u00a0e aperto dal Direttore Generale per la Promozione [&hellip;]","protected":false},"author":4,"featured_media":0,"parent":30252,"menu_order":0,"comment_status":"closed","ping_status":"closed","template":"page-imprese.php","meta":{"footnotes":""},"class_list":["post-97858","page","type-page","status-publish","hentry"],"_links":{"self":[{"href":"https:\/\/www.esteri.it\/it\/wp-json\/wp\/v2\/pages\/97858","targetHints":{"allow":["GET"]}}],"collection":[{"href":"https:\/\/www.esteri.it\/it\/wp-json\/wp\/v2\/pages"}],"about":[{"href":"https:\/\/www.esteri.it\/it\/wp-json\/wp\/v2\/types\/page"}],"author":[{"embeddable":true,"href":"https:\/\/www.esteri.it\/it\/wp-json\/wp\/v2\/users\/4"}],"replies":[{"embeddable":true,"href":"https:\/\/www.esteri.it\/it\/wp-json\/wp\/v2\/comments?post=97858"}],"version-history":[{"count":2,"href":"https:\/\/www.esteri.it\/it\/wp-json\/wp\/v2\/pages\/97858\/revisions"}],"predecessor-version":[{"id":97860,"href":"https:\/\/www.esteri.it\/it\/wp-json\/wp\/v2\/pages\/97858\/revisions\/97860"}],"up":[{"embeddable":true,"href":"https:\/\/www.esteri.it\/it\/wp-json\/wp\/v2\/pages\/30252"}],"wp:attachment":[{"href":"https:\/\/www.esteri.it\/it\/wp-json\/wp\/v2\/media?parent=97858"}],"curies":[{"name":"wp","href":"https:\/\/api.w.org\/{rel}","templated":true}]}}